{"id":38,"date":"2019-07-09T12:53:16","date_gmt":"2019-07-09T15:53:16","guid":{"rendered":"https:\/\/www.jotabosco.com.br\/clientes\/testes\/?page_id=38"},"modified":"2020-05-29T18:01:27","modified_gmt":"2020-05-29T21:01:27","slug":"o-curso","status":"publish","type":"page","link":"https:\/\/www1.unicap.br\/jornalismo\/o-curso\/","title":{"rendered":"O Curso"},"content":{"rendered":"<p>[et_pb_section fb_built=&#8221;1&#8243; admin_label=&#8221;Page Title Section&#8221; _builder_version=&#8221;3.25.4&#8243; use_background_color_gradient=&#8221;on&#8221; background_color_gradient_start=&#8221;#000000&#8243; background_color_gradient_end=&#8221;rgba(0,0,0,0)&#8221; background_color_gradient_direction=&#8221;120deg&#8221; background_color_gradient_overlays_image=&#8221;on&#8221; background_image=&#8221;https:\/\/www1.unicap.br\/jornalismo\/wp-content\/uploads\/2019\/07\/topo-curso.jpg&#8221; custom_padding=&#8221;110px||110px|&#8221;][et_pb_row column_structure=&#8221;1_2,1_2&#8243; admin_label=&#8221;Page Title Area&#8221; _builder_version=&#8221;3.25.4&#8243; background_size=&#8221;initial&#8221; background_position=&#8221;top_left&#8221; background_repeat=&#8221;repeat&#8221; custom_padding=&#8221;50px||50px&#8221;][et_pb_column type=&#8221;1_2&#8243; _builder_version=&#8221;3.25&#8243; custom_padding=&#8221;|||&#8221; custom_padding__hover=&#8221;|||&#8221;][et_pb_text admin_label=&#8221;Title&#8221; _builder_version=&#8221;3.27.4&#8243; text_font=&#8221;Raleway||||||||&#8221; header_font=&#8221;Poppins|600|||||||&#8221; header_font_size=&#8221;60px&#8221; header_line_height=&#8221;1.2em&#8221; header_2_font=&#8221;||||||||&#8221; header_2_font_size=&#8221;60px&#8221; background_layout=&#8221;dark&#8221; custom_margin=&#8221;||0px&#8221; custom_padding=&#8221;|||&#8221; animation_style=&#8221;fade&#8221; header_font_size_tablet=&#8221;&#8221; header_font_size_phone=&#8221;40px&#8221; header_font_size_last_edited=&#8221;on|phone&#8221;]<\/p>\n<h1>O curso<\/h1>\n<p>[\/et_pb_text][et_pb_text admin_label=&#8221;Page Subtitle&#8221; _builder_version=&#8221;3.27.4&#8243; text_font=&#8221;Raleway||||||||&#8221; text_font_size=&#8221;20px&#8221; header_font=&#8221;||||||||&#8221; background_layout=&#8221;dark&#8221; animation_style=&#8221;fade&#8221;]<\/p>\n<p><em>70% dos profissionais que atuam no mercado pernambucano s\u00e3o egressos da Cat\u00f3lica<\/em><\/p>\n<p>[\/et_pb_text][\/et_pb_column][et_pb_column type=&#8221;1_2&#8243; _builder_version=&#8221;3.25&#8243; custom_padding=&#8221;|||&#8221; custom_padding__hover=&#8221;|||&#8221;][\/et_pb_column][\/et_pb_row][\/et_pb_section][et_pb_section fb_built=&#8221;1&#8243; admin_label=&#8221;About Us Section&#8221; _builder_version=&#8221;4.4.7&#8243; background_color=&#8221;#666666&#8243; custom_padding=&#8221;60px||0px||false|false&#8221; hover_enabled=&#8221;0&#8243;][et_pb_row admin_label=&#8221;About Us Area&#8221; _builder_version=&#8221;3.25&#8243;][et_pb_column type=&#8221;4_4&#8243; _builder_version=&#8221;3.25&#8243; custom_padding=&#8221;|||&#8221; custom_padding__hover=&#8221;|||&#8221;][et_pb_text admin_label=&#8221;Title&#8221; _builder_version=&#8221;3.25.4&#8243; text_font=&#8221;Raleway||||||||&#8221; header_font=&#8221;||||||||&#8221; header_text_align=&#8221;left&#8221; header_2_font=&#8221;Raleway|600|||||||&#8221; header_2_text_align=&#8221;left&#8221; header_2_font_size=&#8221;36px&#8221; header_2_line_height=&#8221;1.2em&#8221; background_layout=&#8221;dark&#8221; max_width=&#8221;750px&#8221; module_alignment=&#8221;center&#8221; custom_margin=&#8221;||0px|&#8221; animation_style=&#8221;fade&#8221; text_text_align=&#8221;left&#8221;]<\/p>\n<h2>Combinando forma\u00e7\u00e3o te\u00f3rica<br \/>\ne pr\u00e1tica jornal\u00edstica desde 1961<\/h2>\n<p>[\/et_pb_text][et_pb_divider color=&#8221;#525252&#8243; divider_position=&#8221;center&#8221; divider_weight=&#8221;3px&#8221; _builder_version=&#8221;3.25.4&#8243; max_width=&#8221;100px&#8221; module_alignment=&#8221;left&#8221; custom_padding=&#8221;|||165px&#8221; animation_style=&#8221;slide&#8221; animation_direction=&#8221;top&#8221; animation_intensity_slide=&#8221;10%&#8221; animation_starting_opacity=&#8221;100%&#8221;][\/et_pb_divider][et_pb_text _builder_version=&#8221;3.27.4&#8243; text_font=&#8221;||||||||&#8221; text_font_size=&#8221;16px&#8221; text_line_height=&#8221;1.8em&#8221; background_layout=&#8221;dark&#8221; max_width=&#8221;750px&#8221; module_alignment=&#8221;center&#8221; custom_margin=&#8221;|||&#8221; custom_padding=&#8221;|||&#8221; animation_style=&#8221;fade&#8221; text_text_align=&#8221;left&#8221;]O curso de Jornalismo (Bacharelado) da Unicap foi criado em 1961 e \u00e9 o mais antigo em funcionamento no Norte e Nordeste brasileiro. Um de seus fundadores foi o jornalista, professor e pesquisador Luiz Beltr\u00e3o, pioneiro na pr\u00e1tica de pesquisa em Comunica\u00e7\u00e3o Social no Brasil.<\/p>\n<p>O curso procura aliar a forma\u00e7\u00e3o te\u00f3rica \u00e0 viv\u00eancia pr\u00e1tica das atividades jornal\u00edsticas, resguardando a identidade nordestina e nacional, sem perder de vista, por\u00e9m, o contexto de globaliza\u00e7\u00e3o social em que estamos inseridos.<\/p>\n<p>A filosofia que conduz todas as atividades de forma\u00e7\u00e3o de jornalistas na Unicap baseia-se em princ\u00edpios institucionais de uma universidade crist\u00e3 e comunit\u00e1ria, que aspira \u00e0 melhor qualidade de forma\u00e7\u00e3o acad\u00eamica. Assim sendo, est\u00e1 voltado para a forma\u00e7\u00e3o human\u00edstica, apta a desenvolver refer\u00eancias \u00e9ticas na abordagem de quest\u00f5es profissionais e cotidianas.<\/p>\n<p>Pela natureza do pr\u00f3prio Jornalismo, o curso da Cat\u00f3lica busca, em outras \u00e1reas do conhecimento, elementos que alicercem a teoria e a pr\u00e1tica jornal\u00edstica, visando \u00e0 forma\u00e7\u00e3o dos nossos alunos. Os egressos de Jornalismo da Cat\u00f3lica correspondem praticamente a 70% dos profissionais que atuam no mercado pernambucano.<\/p>\n<p>O curso possibilita a seus estudantes est\u00e1gios e atividades complementares. Tem, em seu quadro docente, profissionais com experi\u00eancia em empresas de comunica\u00e7\u00e3o do Estado, contando, tamb\u00e9m, com professores de diversos campos de conhecimento. O car\u00e1ter multidiscipliar dos professores oferece aos alunos m\u00faltiplas vis\u00f5es do intrincado contexto \u00e9tico, profissional e pol\u00edtico-social contempor\u00e2neo.[\/et_pb_text][\/et_pb_column][\/et_pb_row][\/et_pb_section][et_pb_section fb_built=&#8221;1&#8243; admin_label=&#8221;Our Story Section&#8221; _builder_version=&#8221;4.4.7&#8243; background_color=&#8221;#666666&#8243; background_color_gradient_direction=&#8221;0deg&#8221; hover_enabled=&#8221;0&#8243; custom_padding=&#8221;100px||||false|false&#8221;][et_pb_row column_structure=&#8221;1_2,1_2&#8243; use_custom_gutter=&#8221;on&#8221; gutter_width=&#8221;0&#8243; make_equal=&#8221;on&#8221; admin_label=&#8221;Our Story Area&#8221; module_class=&#8221; et_pb_row_fullwidth&#8221; _builder_version=&#8221;4.4.7&#8243; background_color=&#8221;#525252&#8243; width=&#8221;100%&#8221; width_tablet=&#8221;100%&#8221; width_phone=&#8221;&#8221; width_last_edited=&#8221;on|desktop&#8221; max_width=&#8221;100%&#8221; max_width_tablet=&#8221;100%&#8221; max_width_phone=&#8221;&#8221; max_width_last_edited=&#8221;on|desktop&#8221; custom_padding=&#8221;0px||0px|&#8221; hover_enabled=&#8221;0&#8243; make_fullwidth=&#8221;on&#8221;][et_pb_column type=&#8221;1_2&#8243; _builder_version=&#8221;4.4.7&#8243; custom_padding=&#8221;|||&#8221; hover_enabled=&#8221;0&#8243; custom_padding__hover=&#8221;|||&#8221; title_text=&#8221;microfones&#8221; background_image=&#8221;https:\/\/www1.unicap.br\/jornalismo\/wp-content\/uploads\/2019\/07\/microfones.jpg&#8221; parallax=&#8221;on&#8221;][\/et_pb_column][et_pb_column type=&#8221;1_2&#8243; _builder_version=&#8221;3.25&#8243; custom_padding=&#8221;5%|5%|5%|5%&#8221; hover_enabled=&#8221;0&#8243; custom_padding__hover=&#8221;|||&#8221;][et_pb_text admin_label=&#8221;Title&#8221; _builder_version=&#8221;3.0.93&#8243; text_font=&#8221;Raleway||||||||&#8221; header_font=&#8221;||||||||&#8221; header_text_align=&#8221;left&#8221; header_2_font=&#8221;Raleway|600|||||||&#8221; header_2_text_align=&#8221;left&#8221; header_2_font_size=&#8221;36px&#8221; header_2_line_height=&#8221;1.2em&#8221; background_layout=&#8221;dark&#8221; max_width=&#8221;750px&#8221; module_alignment=&#8221;center&#8221; custom_margin=&#8221;||0px|&#8221; animation_style=&#8221;fade&#8221; text_text_align=&#8221;left&#8221;]<\/p>\n<h2>Sobre o curso<\/h2>\n<p>[\/et_pb_text][et_pb_divider color=&#8221;#666666&#8243; divider_position=&#8221;center&#8221; divider_weight=&#8221;3px&#8221; _builder_version=&#8221;3.25.4&#8243; max_width=&#8221;50px&#8221; animation_style=&#8221;slide&#8221; animation_intensity_slide=&#8221;10%&#8221; animation_starting_opacity=&#8221;100%&#8221;][\/et_pb_divider][et_pb_text _builder_version=&#8221;3.27.4&#8243; text_font=&#8221;||||||||&#8221; text_text_color=&#8221;rgba(255,255,255,0.7)&#8221; text_font_size=&#8221;16px&#8221; text_line_height=&#8221;1.8em&#8221; max_width=&#8221;750px&#8221; custom_margin=&#8221;25px|||&#8221; animation_style=&#8221;fold&#8221; animation_direction=&#8221;left&#8221; animation_intensity_fold=&#8221;10%&#8221; animation_starting_opacity=&#8221;100%&#8221;]<\/p>\n<p><strong>Reconhecimento:<\/strong><br \/> Decreto n\u00ba 62.139, de 17.01.1968. Publica\u00e7\u00e3o: DOU, 18.01.1968<\/p>\n<p><strong>Turnos Oferecido:<\/strong><br \/> Tarde e Noite<\/p>\n<p><strong>Carga hor\u00e1ria:<\/strong><br \/> 2.850 horas<\/p>\n<p>Dura\u00e7\u00e3o do curso:<br \/> 8 per\u00edodos, m\u00ednimo; 14 per\u00edodos, m\u00e1ximo<\/p>\n<p><strong>Cr\u00e9ditos:<\/strong><br \/> 180 cr\u00e9ditos obrigat\u00f3rios e eletivos<\/p>\n<p><strong>Coordena\u00e7\u00e3o:<\/strong><br \/> Profa. Dra. Carla Teixeira<\/p>\n<p><strong>Secretaria do curso:<\/strong><br \/> Bloco A \u2013 4\u00ba andar \u2013 fone: (81) 2119-4145<\/p>\n<p><strong>Sistema Nacional de Avalia\u00e7\u00e3o da Educa\u00e7\u00e3o Superior (Lei n\u00ba 10.861, 14.04.2004)<br \/><\/strong><br \/> <strong>Conceito Final do Curso:<\/strong><br \/> 3 (Enade 2006)<br \/><em style=\"font-size: 16px;\">Conceitos:<br \/><\/em><em style=\"font-size: 16px;\">1 a 2: Situa\u00e7\u00e3o ou desempenho fracos<br \/><\/em><em style=\"font-size: 16px;\">3: Suficiente<br \/><\/em><em> 4 a 5: situa\u00e7\u00e3o ou desempenho fortes<\/em><\/p>\n<p>[\/et_pb_text][\/et_pb_column][\/et_pb_row][\/et_pb_section]<\/p>\n","protected":false},"excerpt":{"rendered":"<p>O curso70% dos profissionais que atuam no mercado pernambucano s\u00e3o egressos da Cat\u00f3licaCombinando forma\u00e7\u00e3o te\u00f3rica e pr\u00e1tica jornal\u00edstica desde 1961O curso de Jornalismo (Bacharelado) da Unicap foi criado em 1961 e \u00e9 o mais antigo em funcionamento no Norte e Nordeste brasileiro. Um de seus fundadores foi o jornalista, professor e pesquisador Luiz Beltr\u00e3o, pioneiro [&hellip;]<\/p>\n","protected":false},"author":1,"featured_media":0,"parent":0,"menu_order":0,"comment_status":"closed","ping_status":"closed","template":"","meta":{"_et_pb_use_builder":"on","_et_pb_old_content":"","_et_gb_content_width":"","footnotes":""},"class_list":["post-38","page","type-page","status-publish","hentry"],"jetpack_sharing_enabled":true,"_links":{"self":[{"href":"https:\/\/www1.unicap.br\/jornalismo\/wp-json\/wp\/v2\/pages\/38","targetHints":{"allow":["GET"]}}],"collection":[{"href":"https:\/\/www1.unicap.br\/jornalismo\/wp-json\/wp\/v2\/pages"}],"about":[{"href":"https:\/\/www1.unicap.br\/jornalismo\/wp-json\/wp\/v2\/types\/page"}],"author":[{"embeddable":true,"href":"https:\/\/www1.unicap.br\/jornalismo\/wp-json\/wp\/v2\/users\/1"}],"replies":[{"embeddable":true,"href":"https:\/\/www1.unicap.br\/jornalismo\/wp-json\/wp\/v2\/comments?post=38"}],"version-history":[{"count":0,"href":"https:\/\/www1.unicap.br\/jornalismo\/wp-json\/wp\/v2\/pages\/38\/revisions"}],"wp:attachment":[{"href":"https:\/\/www1.unicap.br\/jornalismo\/wp-json\/wp\/v2\/media?parent=38"}],"curies":[{"name":"wp","href":"https:\/\/api.w.org\/{rel}","templated":true}]}}