{"id":2312,"date":"2019-07-19T15:09:52","date_gmt":"2019-07-19T18:09:52","guid":{"rendered":"https:\/\/www.jotabosco.com.br\/clientes\/testes\/?page_id=232"},"modified":"2020-05-29T22:05:28","modified_gmt":"2020-05-30T01:05:28","slug":"estagios","status":"publish","type":"page","link":"https:\/\/www1.unicap.br\/jornalismo\/estagios\/","title":{"rendered":"Est\u00e1gios"},"content":{"rendered":"<p>[et_pb_section fb_built=&#8221;1&#8243; admin_label=&#8221;About Us Section&#8221; _builder_version=&#8221;3.25.4&#8243; background_color=&#8221;#666666&#8243; custom_padding=&#8221;60px||99px|||&#8221;][et_pb_row admin_label=&#8221;About Us Area&#8221; _builder_version=&#8221;3.25&#8243;][et_pb_column type=&#8221;4_4&#8243; _builder_version=&#8221;3.25&#8243; custom_padding=&#8221;|||&#8221; custom_padding__hover=&#8221;|||&#8221;][et_pb_text admin_label=&#8221;Title&#8221; _builder_version=&#8221;4.4.7&#8243; text_font=&#8221;Raleway||||||||&#8221; header_font=&#8221;||||||||&#8221; header_text_align=&#8221;left&#8221; header_2_font=&#8221;Raleway|600|||||||&#8221; header_2_text_align=&#8221;left&#8221; header_2_font_size=&#8221;36px&#8221; header_2_line_height=&#8221;1.2em&#8221; background_layout=&#8221;dark&#8221; module_alignment=&#8221;center&#8221; custom_margin=&#8221;||0px|&#8221; animation_style=&#8221;fade&#8221; hover_enabled=&#8221;0&#8243; text_text_align=&#8221;left&#8221; locked=&#8221;off&#8221; max_width=&#8221;80%&#8221;]<\/p>\n<h2>Vagas de Est\u00e1gio<\/h2>\n<p>[\/et_pb_text][et_pb_divider color=&#8221;#525252&#8243; divider_position=&#8221;center&#8221; divider_weight=&#8221;3px&#8221; _builder_version=&#8221;4.4.7&#8243; max_width=&#8221;100px&#8221; custom_margin=&#8221;|||10%|false|false&#8221; animation_style=&#8221;slide&#8221; animation_intensity_slide=&#8221;10%&#8221; animation_starting_opacity=&#8221;100%&#8221; hover_enabled=&#8221;0&#8243; locked=&#8221;off&#8221;][\/et_pb_divider][dgbm_blog_module _builder_version=&#8221;4.4.7&#8243; type=&#8221;3&#8243; include_categories=&#8221;10&#8243; layout=&#8221;full-width&#8221; layout_styles=&#8221;image-left&#8221; title_text_color=&#8221;#ffffff&#8221; article_margin=&#8221;||25px||false|false&#8221; content_padding=&#8221;20px|||30px|false|false&#8221; use_meta_icon=&#8221;on&#8221; meta_text_color=&#8221;#9e9e9e&#8221; meta_font_size=&#8221;11px&#8221; title_font_size=&#8221;26px&#8221; content_text_color=&#8221;#ffffff&#8221; text_margin=&#8221;10px||20px||false|false&#8221; meta_default_margin=&#8221;10px||||false|false&#8221; equal_height_column=&#8221;on&#8221; image_width=&#8221;40%&#8221; title_font=&#8221;|700|||||||&#8221; hover_enabled=&#8221;0&#8243; width=&#8221;80%&#8221; module_alignment=&#8221;center&#8221;][\/dgbm_blog_module][\/et_pb_column][\/et_pb_row][\/et_pb_section]<\/p>\n","protected":false},"excerpt":{"rendered":"<p>Vagas de Est\u00e1gio<div class=\"et_pb_module dgbm_blog_module dgbm_blog_module_0\">\n\t\t\t\t\n\t\t\t\t\n\t\t\t\t\n\t\t\t\t\n\t\t\t\t\n\t\t\t\t\n\t\t\t\t<div class=\"et_pb_module_inner\">\n\t\t\t\t\t<div class=\"dg-blog-module equal-hieght content-top has-meta-icon\">\r\n\t\t\t\t\t\t\t<div class=\"dg-blog-inner-wrapper full-width image-left\">\r\n\t\t\t\t\t\t\t\t<div class=\"et_pb_ajax_pagination_container\">\r\n\t\t\t\t\t\t\t\t\t                <article id=\"post-595\" class=\"dgbm_post_item v2 post-595 post type-post status-publish format-standard has-post-thumbnail hentry category-estagio category-noticias tag-estagio tag-oportunidade\" >\r\n                    <div class=\"column-image\"><div class=\"dg-post-thumb\" > <a class=\"featured-image-link\" style=\"background-image:url(https:\/\/i0.wp.com\/www1.unicap.br\/jornalismo\/wp-content\/uploads\/2013\/04\/destaque_crianca_esperanca.jpg?resize=400%2C250&ssl=1);\" href=\"https:\/\/www1.unicap.br\/jornalismo\/selecao-para-estagio-no-espaco-crianca-esperanca-de-jaboatao\/\"><img loading=\"lazy\" decoding=\"async\" src=\"https:\/\/i0.wp.com\/www1.unicap.br\/jornalismo\/wp-content\/uploads\/2013\/04\/destaque_crianca_esperanca.jpg?resize=400%2C250&#038;ssl=1\" alt=\"Sele\u00e7\u00e3o para est\u00e1gio no Espa\u00e7o Crian\u00e7a Esperan\u00e7a de Jaboat\u00e3o\" class=\"\" srcset=\"https:\/\/i0.wp.com\/www1.unicap.br\/jornalismo\/wp-content\/uploads\/2013\/04\/destaque_crianca_esperanca.jpg?fit=680%2C300&ssl=1 479w, https:\/\/i0.wp.com\/www1.unicap.br\/jornalismo\/wp-content\/uploads\/2013\/04\/destaque_crianca_esperanca.jpg?resize=400%2C250&ssl=1 480w \" sizes=\"auto, (max-width:479px) 479px, 100vw \"  width=\"400\" height=\"250\" \/><\/a><\/div><\/div>                    <div class=\"column-content\">                        <div class=\"content-wrapper\">\r\n                                                        <h2 class=\"dg_bm_title\"><a href=\"https:\/\/www1.unicap.br\/jornalismo\/selecao-para-estagio-no-espaco-crianca-esperanca-de-jaboatao\/\">Sele\u00e7\u00e3o para est\u00e1gio no Espa\u00e7o Crian\u00e7a Esperan\u00e7a de Jaboat\u00e3o<\/a><\/h2>                            <p class=\"post-meta post-meta-position-default\"><span class=\"author vcard\"><span class=\"meta-icon\"><\/span><a href=\"https:\/\/www1.unicap.br\/jornalismo\/author\/admin\/\" title=\"Postagem de bosco\" rel=\"author\">bosco<\/a><\/span><span class=\"published\"><span class=\"meta-icon\"><\/span>abr 9, 2013<\/span><span class=\"categories\"><span class=\"meta-icon\"><\/span> <a href=\"https:\/\/www1.unicap.br\/jornalismo\/category\/oportunidades\/estagio\/\" rel=\"category tag\">Est\u00e1gio<\/a>, <a href=\"https:\/\/www1.unicap.br\/jornalismo\/category\/noticias\/\" rel=\"category tag\">Not\u00edcias<\/a><\/span><\/p>                            <div class=\"post-content\">O processo de sele\u00e7\u00e3o ser\u00e1 feito em 02 etapas eliminat\u00f3rias: 1a. ETAPA: An\u00e1lise de Curr\u00edculo 2a. ETAPA: Entrevista...<\/div>                                                                                    \r\n                        <\/div>\r\n                    <\/div>                <\/article>\r\n                 \r\n\t\t\t\t\t\t\t\t<\/div>\r\n\t\t\t\t\t\t\t<\/div>\r\n                        <\/div>\n\t\t\t\t<\/div>\n\t\t\t<\/div><\/p>\n","protected":false},"author":1,"featured_media":0,"parent":0,"menu_order":0,"comment_status":"closed","ping_status":"closed","template":"","meta":{"_et_pb_use_builder":"on","_et_pb_old_content":"","_et_gb_content_width":"","footnotes":""},"class_list":["post-2312","page","type-page","status-publish","hentry"],"jetpack_sharing_enabled":true,"_links":{"self":[{"href":"https:\/\/www1.unicap.br\/jornalismo\/wp-json\/wp\/v2\/pages\/2312","targetHints":{"allow":["GET"]}}],"collection":[{"href":"https:\/\/www1.unicap.br\/jornalismo\/wp-json\/wp\/v2\/pages"}],"about":[{"href":"https:\/\/www1.unicap.br\/jornalismo\/wp-json\/wp\/v2\/types\/page"}],"author":[{"embeddable":true,"href":"https:\/\/www1.unicap.br\/jornalismo\/wp-json\/wp\/v2\/users\/1"}],"replies":[{"embeddable":true,"href":"https:\/\/www1.unicap.br\/jornalismo\/wp-json\/wp\/v2\/comments?post=2312"}],"version-history":[{"count":4,"href":"https:\/\/www1.unicap.br\/jornalismo\/wp-json\/wp\/v2\/pages\/2312\/revisions"}],"predecessor-version":[{"id":2436,"href":"https:\/\/www1.unicap.br\/jornalismo\/wp-json\/wp\/v2\/pages\/2312\/revisions\/2436"}],"wp:attachment":[{"href":"https:\/\/www1.unicap.br\/jornalismo\/wp-json\/wp\/v2\/media?parent=2312"}],"curies":[{"name":"wp","href":"https:\/\/api.w.org\/{rel}","templated":true}]}}