{"id":2310,"date":"2019-07-19T11:04:05","date_gmt":"2019-07-19T14:04:05","guid":{"rendered":"https:\/\/www.jotabosco.com.br\/clientes\/testes\/?page_id=149"},"modified":"2020-05-29T21:22:56","modified_gmt":"2020-05-30T00:22:56","slug":"laboratorios","status":"publish","type":"page","link":"https:\/\/www1.unicap.br\/jornalismo\/laboratorios\/","title":{"rendered":"Laborat\u00f3rios"},"content":{"rendered":"<p>[et_pb_section fb_built=&#8221;1&#8243; admin_label=&#8221;Page Title Section&#8221; _builder_version=&#8221;3.25.4&#8243; use_background_color_gradient=&#8221;on&#8221; background_color_gradient_start=&#8221;#000000&#8243; background_color_gradient_end=&#8221;rgba(0,0,0,0)&#8221; background_color_gradient_direction=&#8221;120deg&#8221; background_color_gradient_overlays_image=&#8221;on&#8221; background_image=&#8221;https:\/\/www1.unicap.br\/jornalismo\/wp-content\/uploads\/2019\/07\/bg-lab.jpg&#8221; background_position=&#8221;top_left&#8221; custom_padding=&#8221;110px||110px|&#8221;][et_pb_row column_structure=&#8221;1_2,1_2&#8243; admin_label=&#8221;Page Title Area&#8221; _builder_version=&#8221;3.25.4&#8243; background_size=&#8221;initial&#8221; background_position=&#8221;top_left&#8221; background_repeat=&#8221;repeat&#8221; custom_padding=&#8221;50px||50px&#8221;][et_pb_column type=&#8221;1_2&#8243; _builder_version=&#8221;3.25&#8243; custom_padding=&#8221;|||&#8221; custom_padding__hover=&#8221;|||&#8221;][et_pb_text admin_label=&#8221;Title&#8221; _builder_version=&#8221;3.27.4&#8243; text_font=&#8221;Raleway||||||||&#8221; header_font=&#8221;Poppins|600|||||||&#8221; header_font_size=&#8221;60px&#8221; header_line_height=&#8221;1.2em&#8221; header_2_font=&#8221;||||||||&#8221; header_2_font_size=&#8221;60px&#8221; background_layout=&#8221;dark&#8221; custom_margin=&#8221;||0px&#8221; custom_padding=&#8221;|||&#8221; animation_style=&#8221;fade&#8221; header_font_size_tablet=&#8221;&#8221; header_font_size_phone=&#8221;40px&#8221; header_font_size_last_edited=&#8221;on|phone&#8221;]<\/p>\n<h1>Nossos laborat\u00f3rios<\/h1>\n<p>[\/et_pb_text][et_pb_text admin_label=&#8221;Page Subtitle&#8221; _builder_version=&#8221;4.1&#8243; text_font=&#8221;Raleway||||||||&#8221; text_font_size=&#8221;20px&#8221; header_font=&#8221;||||||||&#8221; background_layout=&#8221;dark&#8221; animation_style=&#8221;fade&#8221;]O curso disp\u00f5e de uma completa estrutura de laborat\u00f3rios modernos e que permitem a pr\u00e1tica da produ\u00e7\u00e3o em fotojornalismo, r\u00e1dio, televis\u00e3o e planejamento gr\u00e1fico. Os estudantes de Jornalismo da Unicap tamb\u00e9m contam com salas de reda\u00e7\u00e3o com computadores conectados, al\u00e9m de uma sala multiuso equipada com retroprojetor, equipamento de som integrado e computador multim\u00eddia.[\/et_pb_text][\/et_pb_column][et_pb_column type=&#8221;1_2&#8243; _builder_version=&#8221;3.25&#8243; custom_padding=&#8221;|||&#8221; custom_padding__hover=&#8221;|||&#8221;][\/et_pb_column][\/et_pb_row][\/et_pb_section][et_pb_section fb_built=&#8221;1&#8243; _builder_version=&#8221;4.4.7&#8243; width=&#8221;100%&#8221; max_width=&#8221;100%&#8221; module_alignment=&#8221;center&#8221; custom_padding=&#8221;0px|0px|0px|0px&#8221;][et_pb_row column_structure=&#8221;1_3,1_3,1_3&#8243; use_custom_gutter=&#8221;on&#8221; gutter_width=&#8221;1&#8243; make_equal=&#8221;on&#8221; _builder_version=&#8221;4.4.7&#8243; width=&#8221;100%&#8221; module_alignment=&#8221;center&#8221; custom_padding=&#8221;0px||0px||false|false&#8221; hover_enabled=&#8221;0&#8243;][et_pb_column type=&#8221;1_3&#8243; _builder_version=&#8221;4.4.7&#8243; background_color=&#8221;#1e1d1c&#8221; hover_enabled=&#8221;0&#8243; custom_padding=&#8221;|50px||50px|false|false&#8221; custom_padding_last_edited=&#8221;on|phone&#8221;][et_pb_text module_id=&#8221;lab-tit1&#8243; _builder_version=&#8221;4.4.7&#8243; text_font=&#8221;||||||||&#8221; header_font=&#8221;Poppins|600|||||||&#8221; text_orientation=&#8221;center&#8221; background_layout=&#8221;dark&#8221; module_alignment=&#8221;center&#8221; custom_margin=&#8221;50px||||false|false&#8221; text_text_align=&#8221;center&#8221;]<\/p>\n<h1>Laborat\u00f3rio de<br \/>\nProdu\u00e7\u00e3o Gr\u00e1fica<\/h1>\n<p>[\/et_pb_text][et_pb_divider divider_weight=&#8221;3px&#8221; _builder_version=&#8221;4.4.7&#8243; width=&#8221;20%&#8221; module_alignment=&#8221;center&#8221; custom_margin=&#8221;10px||10px&#8221;][\/et_pb_divider][et_pb_text _builder_version=&#8221;4.4.7&#8243; text_font=&#8221;||||||||&#8221; header_font=&#8221;Poppins|600|||||||&#8221; text_orientation=&#8221;center&#8221; background_layout=&#8221;dark&#8221; module_alignment=&#8221;center&#8221; custom_margin=&#8221;||50px||false|false&#8221; hover_enabled=&#8221;0&#8243; text_text_align=&#8221;center&#8221;]<\/p>\n<p>\u00a0Nesse ambiente, os alunos t\u00eam \u00e0 disposi\u00e7\u00e3o o pacote de cria\u00e7\u00e3o gr\u00e1fica su\u00edte Adobe em todos os computadores, que podem ser usados individualmente. A sala ainda \u00e9 equipada com retroprojetor e computadores de \u00faltima gera\u00e7\u00e3o.<\/p>\n<p>[\/et_pb_text][\/et_pb_column][et_pb_column type=&#8221;1_3&#8243; _builder_version=&#8221;4.4.7&#8243; background_color=&#8221;#282624&#8243; hover_enabled=&#8221;0&#8243; custom_padding=&#8221;|50px||50px|false|false&#8221;][et_pb_text _builder_version=&#8221;4.4.7&#8243; text_font=&#8221;||||||||&#8221; header_font=&#8221;Poppins|600|||||||&#8221; text_orientation=&#8221;center&#8221; background_layout=&#8221;dark&#8221; width=&#8221;100%&#8221; module_alignment=&#8221;center&#8221; custom_margin=&#8221;50px||||false|false&#8221; custom_margin_tablet=&#8221;&#8221; custom_margin_phone=&#8221;&#8221; custom_margin_last_edited=&#8221;on|desktop&#8221; hover_enabled=&#8221;0&#8243; text_text_align=&#8221;center&#8221;]<\/p>\n<h1>Laborat\u00f3rio<br \/>\nde V\u00eddeo<\/h1>\n<p>[\/et_pb_text][et_pb_divider divider_weight=&#8221;3px&#8221; _builder_version=&#8221;4.4.7&#8243; width=&#8221;20%&#8221; module_alignment=&#8221;center&#8221; custom_margin=&#8221;10px||10px&#8221; hover_enabled=&#8221;0&#8243;][\/et_pb_divider][et_pb_text _builder_version=&#8221;4.4.7&#8243; text_font=&#8221;||||||||&#8221; header_font=&#8221;Poppins|600|||||||&#8221; text_orientation=&#8221;center&#8221; background_layout=&#8221;dark&#8221; module_alignment=&#8221;center&#8221; custom_margin=&#8221;||50px||false|false&#8221; hover_enabled=&#8221;0&#8243; text_text_align=&#8221;center&#8221;]<\/p>\n<p>Os trabalhos desenvolvidos nas disciplinas de audiovisual e tamb\u00e9m trabalhos de conclus\u00e3o de curso s\u00e3o finalizados usando os recursos dispon\u00edveis nesse laborat\u00f3rio: ilhas de edi\u00e7\u00e3o, computadores com softwares de finaliza\u00e7\u00e3o e edi\u00e7\u00e3o, caixas de retorno, entre outros. O lab ainda disp\u00f5e de diversos equipamentos de capta\u00e7\u00e3o de imagem e som.<\/p>\n<p>[\/et_pb_text][\/et_pb_column][et_pb_column type=&#8221;1_3&#8243; _builder_version=&#8221;4.4.7&#8243; background_color=&#8221;#000000&#8243; hover_enabled=&#8221;0&#8243; custom_padding=&#8221;|50px||50px|false|false&#8221;][et_pb_text _builder_version=&#8221;4.4.7&#8243; text_font=&#8221;||||||||&#8221; header_font=&#8221;Poppins|600|||||||&#8221; text_orientation=&#8221;center&#8221; background_layout=&#8221;dark&#8221; width=&#8221;100%&#8221; module_alignment=&#8221;center&#8221; custom_margin=&#8221;50px||||false|false&#8221; hover_enabled=&#8221;0&#8243; text_text_align=&#8221;center&#8221;]<\/p>\n<h1>Laborat\u00f3rio de<br \/>\nwebjornalismo<\/h1>\n<p>[\/et_pb_text][et_pb_divider divider_weight=&#8221;3px&#8221; _builder_version=&#8221;3.25.4&#8243; width=&#8221;20%&#8221; module_alignment=&#8221;center&#8221; custom_margin=&#8221;10px||10px&#8221;][\/et_pb_divider][et_pb_text _builder_version=&#8221;4.4.7&#8243; text_font=&#8221;||||||||&#8221; header_font=&#8221;Poppins|600|||||||&#8221; text_orientation=&#8221;center&#8221; background_layout=&#8221;dark&#8221; module_alignment=&#8221;center&#8221; custom_margin=&#8221;||50px||false|false&#8221; hover_enabled=&#8221;0&#8243; text_text_align=&#8221;center&#8221;]<\/p>\n<p>Parte dos cursos de jornalismo para Web s\u00e3o desenvolvidos usando os recursos desse lab \u2013 softwares de edi\u00e7\u00e3o, visualiza\u00e7\u00e3o de dados, gest\u00e3o de redes sociais, cria\u00e7\u00e3o e gerenciamento de sites e produ\u00e7\u00e3o de Podcast. O Lab ainda funciona como espa\u00e7o de produ\u00e7\u00e3o de material de conclus\u00e3o de curso nessa modalidade. <br \/>onde acontecem aulas pr\u00e1ticas e produ\u00e7\u00e3o de material para web, al\u00e9m da produ\u00e7\u00e3o de TCCs nessa modalidade.<\/p>\n<p>[\/et_pb_text][\/et_pb_column][\/et_pb_row][\/et_pb_section][et_pb_section fb_built=&#8221;1&#8243; admin_label=&#8221;Page Title Section&#8221; _builder_version=&#8221;3.25.4&#8243; use_background_color_gradient=&#8221;on&#8221; background_color_gradient_start=&#8221;#000000&#8243; background_color_gradient_end=&#8221;rgba(0,0,0,0)&#8221; background_color_gradient_direction=&#8221;120deg&#8221; background_color_gradient_overlays_image=&#8221;on&#8221; background_position=&#8221;top_left&#8221; custom_padding=&#8221;0px||0px&#8221;][et_pb_row column_structure=&#8221;2_5,3_5&#8243; use_custom_gutter=&#8221;on&#8221; gutter_width=&#8221;1&#8243; make_equal=&#8221;on&#8221; _builder_version=&#8221;4.4.7&#8243; width=&#8221;100%&#8221; custom_padding=&#8221;0px|0px|0px|0px&#8221; hover_enabled=&#8221;0&#8243;][et_pb_column type=&#8221;2_5&#8243; _builder_version=&#8221;4.4.7&#8243; background_color=&#8221;#efe9e4&#8243; hover_enabled=&#8221;0&#8243; custom_padding=&#8221;|50px||50px|false|false&#8221;][et_pb_text _builder_version=&#8221;4.4.7&#8243; text_font=&#8221;||||||||&#8221; header_font=&#8221;Poppins|600|||||||&#8221; header_font_size=&#8221;32px&#8221; header_2_font=&#8221;Poppins||||||||&#8221; text_orientation=&#8221;center&#8221; custom_margin=&#8221;50px||||false|false&#8221; hover_enabled=&#8221;0&#8243; text_text_align=&#8221;center&#8221;]<\/p>\n<h1>Laborat\u00f3rios<br \/>de reda\u00e7\u00e3o<\/h1>\n<p>[\/et_pb_text][et_pb_divider divider_weight=&#8221;3px&#8221; _builder_version=&#8221;3.25.4&#8243; width=&#8221;20%&#8221; module_alignment=&#8221;center&#8221; custom_margin=&#8221;10px||10px&#8221;][\/et_pb_divider][et_pb_text _builder_version=&#8221;4.4.7&#8243; text_font=&#8221;||||||||&#8221; header_font=&#8221;Poppins|600|||||||&#8221; text_orientation=&#8221;center&#8221; custom_margin=&#8221;||50px||false|false&#8221; hover_enabled=&#8221;0&#8243; text_text_align=&#8221;center&#8221;]A leitura e a escrita s\u00e3o atividades fundamentais na forma\u00e7\u00e3o de um jornalista. Nos laborat\u00f3rios de reda\u00e7\u00e3o, nossos alunos produzem reportagens, preparam roteiros, programam entrevistas, editam v\u00e1rios tipos de texto, tem contato com o modelo de reuni\u00e3o de pauta e aprendem a transformar informa\u00e7\u00f5es e dados em narrativas com texto, imagens e gr\u00e1ficos.[\/et_pb_text][\/et_pb_column][et_pb_column type=&#8221;3_5&#8243; _builder_version=&#8221;3.25.4&#8243;][et_pb_image src=&#8221;https:\/\/www1.unicap.br\/jornalismo\/wp-content\/uploads\/2019\/07\/lab3.jpg&#8221; _builder_version=&#8221;3.25.4&#8243;][\/et_pb_image][\/et_pb_column][\/et_pb_row][\/et_pb_section][et_pb_section fb_built=&#8221;1&#8243; admin_label=&#8221;Page Title Section&#8221; _builder_version=&#8221;3.25.4&#8243; use_background_color_gradient=&#8221;on&#8221; background_color_gradient_start=&#8221;#000000&#8243; background_color_gradient_end=&#8221;rgba(0,0,0,0)&#8221; background_color_gradient_direction=&#8221;120deg&#8221; background_color_gradient_overlays_image=&#8221;on&#8221; background_position=&#8221;top_left&#8221; custom_padding=&#8221;0px||0px&#8221;][et_pb_row column_structure=&#8221;2_3,1_3&#8243; use_custom_gutter=&#8221;on&#8221; gutter_width=&#8221;1&#8243; make_equal=&#8221;on&#8221; _builder_version=&#8221;4.4.7&#8243; width=&#8221;100%&#8221; custom_padding=&#8221;0px|0px|0px|0px&#8221; hover_enabled=&#8221;0&#8243;][et_pb_column type=&#8221;2_3&#8243; _builder_version=&#8221;3.25.4&#8243; background_color=&#8221;#efe9e4&#8243;][et_pb_image src=&#8221;https:\/\/www1.unicap.br\/jornalismo\/wp-content\/uploads\/2019\/07\/bg-lab.jpg&#8221; _builder_version=&#8221;3.25.4&#8243;][\/et_pb_image][\/et_pb_column][et_pb_column type=&#8221;1_3&#8243; _builder_version=&#8221;4.4.7&#8243; background_color=&#8221;#282624&#8243; hover_enabled=&#8221;0&#8243; custom_padding=&#8221;|50px||50px|false|false&#8221;][et_pb_text _builder_version=&#8221;4.4.7&#8243; text_font=&#8221;||||||||&#8221; header_font=&#8221;Poppins|600|||||||&#8221; header_text_color=&#8221;#ffffff&#8221; header_2_font=&#8221;Poppins||||||||&#8221; text_orientation=&#8221;center&#8221; custom_margin=&#8221;50px||||false|false&#8221; hover_enabled=&#8221;0&#8243; text_text_align=&#8221;center&#8221;]<\/p>\n<h1>Laborat\u00f3rio de \u00c1udio<\/h1>\n<p>[\/et_pb_text][et_pb_divider divider_weight=&#8221;3px&#8221; _builder_version=&#8221;3.25.4&#8243; width=&#8221;20%&#8221; module_alignment=&#8221;center&#8221; custom_margin=&#8221;10px||10px&#8221;][\/et_pb_divider][et_pb_text _builder_version=&#8221;4.4.7&#8243; text_font=&#8221;||||||||&#8221; header_font=&#8221;Poppins|600|||||||&#8221; text_orientation=&#8221;center&#8221; background_layout=&#8221;dark&#8221; custom_margin=&#8221;||50px||false|false&#8221; hover_enabled=&#8221;0&#8243; text_text_align=&#8221;center&#8221;]<\/p>\n<p>\u00c9 composto de cabine t\u00e9cnica e est\u00fadio equipado com material de capta\u00e7\u00e3o de \u00e1udio e softwares de edi\u00e7\u00e3o. \u00c9 o lugar onde acontecem as aulas pr\u00e1ticas e s\u00e3o gravados podcasts, programas especiais, s\u00e9ries, entrevistas, debates, spots, entre outros materiais sonoros.<\/p>\n<p>[\/et_pb_text][\/et_pb_column][\/et_pb_row][\/et_pb_section][et_pb_section fb_built=&#8221;1&#8243; admin_label=&#8221;Page Title Section&#8221; _builder_version=&#8221;3.25.4&#8243; use_background_color_gradient=&#8221;on&#8221; background_color_gradient_start=&#8221;#000000&#8243; background_color_gradient_end=&#8221;rgba(0,0,0,0)&#8221; background_color_gradient_direction=&#8221;120deg&#8221; background_color_gradient_overlays_image=&#8221;on&#8221; background_position=&#8221;top_left&#8221; custom_padding=&#8221;0px||0px&#8221;][et_pb_row column_structure=&#8221;2_5,3_5&#8243; use_custom_gutter=&#8221;on&#8221; gutter_width=&#8221;1&#8243; make_equal=&#8221;on&#8221; _builder_version=&#8221;4.4.7&#8243; width=&#8221;100%&#8221; custom_padding=&#8221;0px|0px|0px|0px&#8221; hover_enabled=&#8221;0&#8243;][et_pb_column type=&#8221;2_5&#8243; _builder_version=&#8221;4.4.7&#8243; background_color=&#8221;#525252&#8243; hover_enabled=&#8221;0&#8243; custom_padding=&#8221;|50px||50px|false|false&#8221;][et_pb_text _builder_version=&#8221;4.4.7&#8243; text_font=&#8221;||||||||&#8221; header_font=&#8221;Poppins|600|||||||&#8221; header_font_size=&#8221;22px&#8221; header_2_font=&#8221;Poppins||||||||&#8221; text_orientation=&#8221;center&#8221; background_layout=&#8221;dark&#8221; custom_margin=&#8221;50px||||false|false&#8221; hover_enabled=&#8221;0&#8243; text_text_align=&#8221;center&#8221;]<\/p>\n<h1>Laborat\u00f3rio de Fotografia<\/h1>\n<p>[\/et_pb_text][et_pb_divider divider_weight=&#8221;3px&#8221; _builder_version=&#8221;3.25.4&#8243; width=&#8221;20%&#8221; module_alignment=&#8221;center&#8221; custom_margin=&#8221;10px||10px&#8221;][\/et_pb_divider][et_pb_text _builder_version=&#8221;4.4.7&#8243; text_font=&#8221;||||||||&#8221; header_font=&#8221;Poppins|600|||||||&#8221; text_orientation=&#8221;center&#8221; background_layout=&#8221;dark&#8221; custom_margin=&#8221;||50px||false|false&#8221; hover_enabled=&#8221;0&#8243; text_text_align=&#8221;center&#8221;]\u00c9 o espa\u00e7o onde acontecem as aulas pr\u00e1ticas de fotografia e fotojornalismo. Equipado com computadores e programas para edi\u00e7\u00e3o de imagens e um est\u00fadio fotogr\u00e1fico, o laborat\u00f3rio conta com m\u00e1quinas fotogr\u00e1ficas, flashs, rebatedores, fundo infinito, scanners, Photoshop, Lightroom, Premiere, Data Show e muitos outros recursos.[\/et_pb_text][\/et_pb_column][et_pb_column type=&#8221;3_5&#8243; _builder_version=&#8221;3.25.4&#8243;][et_pb_image src=&#8221;https:\/\/www1.unicap.br\/jornalismo\/wp-content\/uploads\/2019\/07\/lab2.jpg&#8221; _builder_version=&#8221;3.25.4&#8243;][\/et_pb_image][\/et_pb_column][\/et_pb_row][\/et_pb_section][et_pb_section fb_built=&#8221;1&#8243; admin_label=&#8221;Reach Us Section&#8221; _builder_version=&#8221;3.22.3&#8243; background_color=&#8221;#efe9e4&#8243; custom_padding=&#8221;90px||90px|&#8221; locked=&#8221;off&#8221;][et_pb_row column_structure=&#8221;1_2,1_2&#8243; make_equal=&#8221;on&#8221; _builder_version=&#8221;3.25.4&#8243;][et_pb_column type=&#8221;1_2&#8243; _builder_version=&#8221;3.25&#8243; custom_padding=&#8221;|||&#8221; custom_padding__hover=&#8221;|||&#8221;][et_pb_blurb title=&#8221;BLOCO A&#8221; url=&#8221;https:\/\/www1.unicap.br\/jornalismo\/migracao2\/wp-content\/uploads\/2012\/08\/JOR-Formul%C3%A1rio-Solicita%C3%A7%C3%A3o-de-Oficio.pdf&#8221; use_icon=&#8221;on&#8221; font_icon=&#8221;%%249%%&#8221; use_icon_font_size=&#8221;on&#8221; icon_font_size=&#8221;32px&#8221; admin_label=&#8221;Email&#8221; _builder_version=&#8221;3.25.4&#8243; header_font=&#8221;Poppins|600|||||||&#8221; header_font_size=&#8221;24px&#8221; body_font=&#8221;||||||||&#8221; body_line_height=&#8221;1.8em&#8221; background_color=&#8221;#ffffff&#8221; text_orientation=&#8221;center&#8221; height=&#8221;490px&#8221; custom_padding=&#8221;60px|30px|60px|30px&#8221; link_option_url=&#8221;https:\/\/www1.unicap.br\/jornalismo\/migracao2\/wp-content\/uploads\/2012\/08\/JOR-Formul%C3%A1rio-Solicita%C3%A7%C3%A3o-de-Oficio.pdf&#8221; box_shadow_style=&#8221;preset2&#8243; box_shadow_horizontal=&#8221;0px&#8221; box_shadow_vertical=&#8221;15px&#8221; box_shadow_blur=&#8221;25px&#8221; box_shadow_color=&#8221;rgba(0,0,0,0.05)&#8221;]<\/p>\n<p><strong>4\u00ba andar<\/strong><br \/> 404 \u2013 Laborat\u00f3rio Produ\u00e7\u00e3o Gr\u00e1fica<br \/>411 &#8211; Laborat\u00f3rio de webjornalismo<\/p>\n<p><strong>5\u00ba andar<\/strong><br \/> 504 \u2013 Laborat\u00f3rio de TV<br \/> 505 \u2013 Laborat\u00f3rio de R\u00e1dio (Teoria)<br \/> 506 \u2013 Laborat\u00f3rio de R\u00e1dio e TV<br \/> 507 \u2013 Laborat\u00f3rio de Reda\u00e7\u00e3o e Edi\u00e7\u00e3o (R\u00e1dio)<br \/> 508 \u2013 Laborat\u00f3rio de Reda\u00e7\u00e3o<br \/> 509 \u2013 Laborat\u00f3rio de Reda\u00e7\u00e3o<\/p>\n<p>[\/et_pb_blurb][\/et_pb_column][et_pb_column type=&#8221;1_2&#8243; _builder_version=&#8221;3.25&#8243; custom_padding=&#8221;|||&#8221; custom_padding__hover=&#8221;|||&#8221;][et_pb_blurb title=&#8221;BLOCO G&#8221; url=&#8221;https:\/\/www1.unicap.br\/jornalismo\/migracao2\/wp-content\/uploads\/2012\/08\/JOR-Formul%C3%A1rio-Solicita%C3%A7%C3%A3o-de-Oficio.pdf&#8221; use_icon=&#8221;on&#8221; font_icon=&#8221;%%249%%&#8221; use_icon_font_size=&#8221;on&#8221; icon_font_size=&#8221;32px&#8221; admin_label=&#8221;Email&#8221; _builder_version=&#8221;3.25.4&#8243; header_font=&#8221;Poppins|600|||||||&#8221; header_font_size=&#8221;24px&#8221; body_font=&#8221;||||||||&#8221; body_line_height=&#8221;1.8em&#8221; background_color=&#8221;#ffffff&#8221; text_orientation=&#8221;center&#8221; height=&#8221;490px&#8221; custom_padding=&#8221;60px|30px|60px|30px&#8221; link_option_url=&#8221;https:\/\/www1.unicap.br\/jornalismo\/migracao2\/wp-content\/uploads\/2012\/08\/JOR-Formul%C3%A1rio-Solicita%C3%A7%C3%A3o-de-Oficio.pdf&#8221; box_shadow_style=&#8221;preset2&#8243; box_shadow_horizontal=&#8221;0px&#8221; box_shadow_vertical=&#8221;15px&#8221; box_shadow_blur=&#8221;25px&#8221; box_shadow_color=&#8221;rgba(0,0,0,0.05)&#8221;]<\/p>\n<p><b>T\u00e9rreo<br \/><\/b>002 \u2013 Laborat\u00f3rio de Fotografia<br \/>002 \u2013 C\u00e2mara Escura \u2013 Laborat\u00f3rio de Fotografia<br \/>002 \u2013 Laborat\u00f3rio de Fotografia\/ Tratamento de imagem e est\u00fadio<br \/>002 \u2013 Laborat\u00f3rio de Fotografia\/ Revela\u00e7\u00e3o<\/p>\n<p>[\/et_pb_blurb][\/et_pb_column][\/et_pb_row][\/et_pb_section]<\/p>\n","protected":false},"excerpt":{"rendered":"<p>Nossos laborat\u00f3riosO curso disp\u00f5e de uma completa estrutura de laborat\u00f3rios modernos e que permitem a pr\u00e1tica da produ\u00e7\u00e3o em fotojornalismo, r\u00e1dio, televis\u00e3o e planejamento gr\u00e1fico. Os estudantes de Jornalismo da Unicap tamb\u00e9m contam com salas de reda\u00e7\u00e3o com computadores conectados, al\u00e9m de uma sala multiuso equipada com retroprojetor, equipamento de som integrado e computador multim\u00eddia.Laborat\u00f3rio [&hellip;]<\/p>\n","protected":false},"author":1,"featured_media":0,"parent":0,"menu_order":0,"comment_status":"closed","ping_status":"closed","template":"","meta":{"_et_pb_use_builder":"on","_et_pb_old_content":"","_et_gb_content_width":"","footnotes":""},"class_list":["post-2310","page","type-page","status-publish","hentry"],"jetpack_sharing_enabled":true,"_links":{"self":[{"href":"https:\/\/www1.unicap.br\/jornalismo\/wp-json\/wp\/v2\/pages\/2310","targetHints":{"allow":["GET"]}}],"collection":[{"href":"https:\/\/www1.unicap.br\/jornalismo\/wp-json\/wp\/v2\/pages"}],"about":[{"href":"https:\/\/www1.unicap.br\/jornalismo\/wp-json\/wp\/v2\/types\/page"}],"author":[{"embeddable":true,"href":"https:\/\/www1.unicap.br\/jornalismo\/wp-json\/wp\/v2\/users\/1"}],"replies":[{"embeddable":true,"href":"https:\/\/www1.unicap.br\/jornalismo\/wp-json\/wp\/v2\/comments?post=2310"}],"version-history":[{"count":0,"href":"https:\/\/www1.unicap.br\/jornalismo\/wp-json\/wp\/v2\/pages\/2310\/revisions"}],"wp:attachment":[{"href":"https:\/\/www1.unicap.br\/jornalismo\/wp-json\/wp\/v2\/media?parent=2310"}],"curies":[{"name":"wp","href":"https:\/\/api.w.org\/{rel}","templated":true}]}}