{"id":2309,"date":"2019-07-19T10:24:47","date_gmt":"2019-07-19T13:24:47","guid":{"rendered":"https:\/\/www.jotabosco.com.br\/clientes\/testes\/?page_id=113"},"modified":"2020-05-29T18:07:59","modified_gmt":"2020-05-29T21:07:59","slug":"atividades-complementares-e-conclusao-de-curso","status":"publish","type":"page","link":"https:\/\/www1.unicap.br\/jornalismo\/atividades-complementares-e-conclusao-de-curso\/","title":{"rendered":"Atividades Complementares e Conclus\u00e3o de Curso"},"content":{"rendered":"<p>[et_pb_section fb_built=&#8221;1&#8243; admin_label=&#8221;Page Title Section&#8221; _builder_version=&#8221;3.25.4&#8243; use_background_color_gradient=&#8221;on&#8221; background_color_gradient_start=&#8221;#000000&#8243; background_color_gradient_end=&#8221;rgba(0,0,0,0)&#8221; background_color_gradient_direction=&#8221;120deg&#8221; background_color_gradient_overlays_image=&#8221;on&#8221; background_image=&#8221;https:\/\/www1.unicap.br\/jornalismo\/wp-content\/uploads\/2019\/07\/bg-conclusao2.jpg&#8221; custom_padding=&#8221;110px||110px|&#8221;][et_pb_row column_structure=&#8221;1_2,1_2&#8243; admin_label=&#8221;Page Title Area&#8221; _builder_version=&#8221;3.25.4&#8243; background_size=&#8221;initial&#8221; background_position=&#8221;top_left&#8221; background_repeat=&#8221;repeat&#8221; custom_padding=&#8221;50px||50px&#8221;][et_pb_column type=&#8221;1_2&#8243; _builder_version=&#8221;3.25&#8243; custom_padding=&#8221;|||&#8221; custom_padding__hover=&#8221;|||&#8221;][et_pb_text admin_label=&#8221;Title&#8221; _builder_version=&#8221;3.27.4&#8243; text_font=&#8221;Raleway||||||||&#8221; header_font=&#8221;Poppins|600|||||||&#8221; header_font_size=&#8221;57px&#8221; header_line_height=&#8221;1.2em&#8221; header_2_font=&#8221;Poppins||||||||&#8221; header_2_font_size=&#8221;29px&#8221; background_layout=&#8221;dark&#8221; custom_margin=&#8221;||0px&#8221; custom_padding=&#8221;|||&#8221; animation_style=&#8221;fade&#8221; header_font_size_tablet=&#8221;&#8221; header_font_size_phone=&#8221;40px&#8221; header_font_size_last_edited=&#8221;on|phone&#8221;]<\/p>\n<h1>Atividades complementares<\/h1>\n<h2>&amp; Trabalho de Conclus\u00e3o de Curso<\/h2>\n<p>[\/et_pb_text][\/et_pb_column][et_pb_column type=&#8221;1_2&#8243; _builder_version=&#8221;3.25&#8243; custom_padding=&#8221;|||&#8221; custom_padding__hover=&#8221;|||&#8221;][\/et_pb_column][\/et_pb_row][\/et_pb_section][et_pb_section fb_built=&#8221;1&#8243; admin_label=&#8221;About Us Section&#8221; _builder_version=&#8221;3.25.4&#8243; background_color=&#8221;#666666&#8243; custom_padding=&#8221;60px||99px|||&#8221;][et_pb_row admin_label=&#8221;About Us Area&#8221; _builder_version=&#8221;3.25&#8243;][et_pb_column type=&#8221;4_4&#8243; _builder_version=&#8221;3.25&#8243; custom_padding=&#8221;|||&#8221; custom_padding__hover=&#8221;|||&#8221;][et_pb_text admin_label=&#8221;Title&#8221; _builder_version=&#8221;3.25.4&#8243; text_font=&#8221;Raleway||||||||&#8221; header_font=&#8221;||||||||&#8221; header_text_align=&#8221;left&#8221; header_2_font=&#8221;Raleway|600|||||||&#8221; header_2_text_align=&#8221;left&#8221; header_2_font_size=&#8221;36px&#8221; header_2_line_height=&#8221;1.2em&#8221; background_layout=&#8221;dark&#8221; max_width=&#8221;750px&#8221; module_alignment=&#8221;center&#8221; custom_margin=&#8221;||0px|&#8221; animation_style=&#8221;fade&#8221; text_text_align=&#8221;left&#8221;]<\/p>\n<h2>Atividades complementares<\/h2>\n<p>[\/et_pb_text][et_pb_divider color=&#8221;#525252&#8243; divider_position=&#8221;center&#8221; divider_weight=&#8221;3px&#8221; _builder_version=&#8221;3.25.4&#8243; max_width=&#8221;100px&#8221; custom_margin=&#8221;|||165px&#8221; animation_style=&#8221;slide&#8221; animation_intensity_slide=&#8221;10%&#8221; animation_starting_opacity=&#8221;100%&#8221;][\/et_pb_divider][et_pb_text _builder_version=&#8221;4.1&#8243; text_font=&#8221;||||||||&#8221; text_font_size=&#8221;16px&#8221; text_line_height=&#8221;1.8em&#8221; background_layout=&#8221;dark&#8221; max_width=&#8221;750px&#8221; module_alignment=&#8221;center&#8221; custom_margin=&#8221;|||&#8221; custom_padding=&#8221;|||&#8221; animation_style=&#8221;fade&#8221; text_text_align=&#8221;left&#8221;]O conhecimento constru\u00eddo dentro da universidade \u00e9 fundamental para a forma\u00e7\u00e3o de um jornalista, mas o repert\u00f3rio pessoal faz toda a diferen\u00e7a! As Atividades Complementares correspondem a uma carga hor\u00e1ria extra que o estudante precisa atingir para se formar. Para o curso de jornalismo, a s\u00e3o necess\u00e1rias 100 horas de atividades complementares. O estudante escolhe as atividades de car\u00e1ter cient\u00edfico, cultural e acad\u00eamico com as quais mais se identifica para compor a sua carga hor\u00e1ria. O objetivo \u00e9 estimular a pr\u00e1tica de estudos independentes, transversais e interdisciplinares, respeitando as particularidades e prefer\u00eancias de cada um. As Atividades Complementares ser\u00e3o validadas academicamente pela UNICAP, mesmo se realizadas em situa\u00e7\u00f5es de aprendizagem fora da Universidade, desde que estejam vinculadas \u00e0 \u00e1rea de atua\u00e7\u00e3o e \u00e0 pr\u00e1tica social.[\/et_pb_text][\/et_pb_column][\/et_pb_row][\/et_pb_section][et_pb_section fb_built=&#8221;1&#8243; admin_label=&#8221;Our Story Section&#8221; module_id=&#8221;mercadodetrabalho&#8221; _builder_version=&#8221;3.25.4&#8243; background_color=&#8221;#666666&#8243; background_color_gradient_direction=&#8221;0deg&#8221; custom_padding=&#8221;0px||0px|||&#8221; locked=&#8221;off&#8221;][et_pb_row column_structure=&#8221;1_2,1_2&#8243; use_custom_gutter=&#8221;on&#8221; gutter_width=&#8221;0&#8243; make_equal=&#8221;on&#8221; admin_label=&#8221;Our Story Area&#8221; module_class=&#8221; et_pb_row_fullwidth&#8221; _builder_version=&#8221;4.4.7&#8243; background_color=&#8221;#525252&#8243; width=&#8221;100%&#8221; width_tablet=&#8221;100%&#8221; width_phone=&#8221;&#8221; width_last_edited=&#8221;on|desktop&#8221; max_width=&#8221;100%&#8221; max_width_tablet=&#8221;100%&#8221; max_width_phone=&#8221;&#8221; max_width_last_edited=&#8221;on|desktop&#8221; custom_padding=&#8221;0px||0px|&#8221; make_fullwidth=&#8221;on&#8221;][et_pb_column type=&#8221;1_2&#8243; _builder_version=&#8221;4.4.7&#8243; background_image=&#8221;https:\/\/www1.unicap.br\/jornalismo\/wp-content\/uploads\/2019\/07\/bg-tcc.jpg&#8221; parallax=&#8221;on&#8221; custom_padding=&#8221;|||&#8221; custom_padding__hover=&#8221;|||&#8221;][\/et_pb_column][et_pb_column type=&#8221;1_2&#8243; _builder_version=&#8221;3.25&#8243; custom_padding=&#8221;5%|5%|5%|5%&#8221; custom_padding__hover=&#8221;|||&#8221;][et_pb_text admin_label=&#8221;Title&#8221; _builder_version=&#8221;3.0.93&#8243; text_font=&#8221;Raleway||||||||&#8221; header_font=&#8221;||||||||&#8221; header_text_align=&#8221;left&#8221; header_2_font=&#8221;Raleway|600|||||||&#8221; header_2_text_align=&#8221;left&#8221; header_2_font_size=&#8221;36px&#8221; header_2_line_height=&#8221;1.2em&#8221; background_layout=&#8221;dark&#8221; max_width=&#8221;750px&#8221; module_alignment=&#8221;center&#8221; custom_margin=&#8221;||0px|&#8221; animation_style=&#8221;fade&#8221; text_text_align=&#8221;left&#8221;]<\/p>\n<h2>Trabalho de Conclus\u00e3o<br \/>de Curso<\/h2>\n<p>[\/et_pb_text][et_pb_divider color=&#8221;#666666&#8243; divider_position=&#8221;center&#8221; divider_weight=&#8221;3px&#8221; _builder_version=&#8221;3.25.4&#8243; max_width=&#8221;50px&#8221; animation_style=&#8221;slide&#8221; animation_intensity_slide=&#8221;10%&#8221; animation_starting_opacity=&#8221;100%&#8221;][\/et_pb_divider][et_pb_text _builder_version=&#8221;3.27.4&#8243; text_font=&#8221;||||||||&#8221; text_text_color=&#8221;rgba(255,255,255,0.7)&#8221; text_font_size=&#8221;16px&#8221; text_line_height=&#8221;1.8em&#8221; max_width=&#8221;750px&#8221; custom_margin=&#8221;25px|||&#8221; animation_style=&#8221;fold&#8221; animation_direction=&#8221;left&#8221; animation_intensity_fold=&#8221;10%&#8221; animation_starting_opacity=&#8221;100%&#8221;]<\/p>\n<p>O Trabalho de Conclus\u00e3o de Curso \u00e9 uma atividade que demarca o fim do per\u00edodo de gradua\u00e7\u00e3o. Ele poder\u00e1 ser desenvolvido em cinco \u00e1reas em que atuam os jornalistas profissionais: impresso, r\u00e1dio, televis\u00e3o, fotografia e m\u00eddias digitais. X estudante poder\u00e1 desenvolver, tamb\u00e9m, uma monografia, em seu trabalho de conclus\u00e3o de curso. A realiza\u00e7\u00e3o do projeto \u00e9 feita como a \u00faltima disciplina do curso, na qual o aluno conta com a orienta\u00e7\u00e3o de professores para a \u00e1rea de trabalho escolhida.<\/p>\n<p>[\/et_pb_text][\/et_pb_column][\/et_pb_row][\/et_pb_section]<\/p>\n","protected":false},"excerpt":{"rendered":"<p>Atividades complementares &amp; Trabalho de Conclus\u00e3o de CursoAtividades complementaresO conhecimento constru\u00eddo dentro da universidade \u00e9 fundamental para a forma\u00e7\u00e3o de um jornalista, mas o repert\u00f3rio pessoal faz toda a diferen\u00e7a! As Atividades Complementares correspondem a uma carga hor\u00e1ria extra que o estudante precisa atingir para se formar. Para o curso de jornalismo, a s\u00e3o necess\u00e1rias [&hellip;]<\/p>\n","protected":false},"author":1,"featured_media":0,"parent":0,"menu_order":0,"comment_status":"closed","ping_status":"closed","template":"","meta":{"_et_pb_use_builder":"on","_et_pb_old_content":"","_et_gb_content_width":"","footnotes":""},"class_list":["post-2309","page","type-page","status-publish","hentry"],"jetpack_sharing_enabled":true,"_links":{"self":[{"href":"https:\/\/www1.unicap.br\/jornalismo\/wp-json\/wp\/v2\/pages\/2309","targetHints":{"allow":["GET"]}}],"collection":[{"href":"https:\/\/www1.unicap.br\/jornalismo\/wp-json\/wp\/v2\/pages"}],"about":[{"href":"https:\/\/www1.unicap.br\/jornalismo\/wp-json\/wp\/v2\/types\/page"}],"author":[{"embeddable":true,"href":"https:\/\/www1.unicap.br\/jornalismo\/wp-json\/wp\/v2\/users\/1"}],"replies":[{"embeddable":true,"href":"https:\/\/www1.unicap.br\/jornalismo\/wp-json\/wp\/v2\/comments?post=2309"}],"version-history":[{"count":0,"href":"https:\/\/www1.unicap.br\/jornalismo\/wp-json\/wp\/v2\/pages\/2309\/revisions"}],"wp:attachment":[{"href":"https:\/\/www1.unicap.br\/jornalismo\/wp-json\/wp\/v2\/media?parent=2309"}],"curies":[{"name":"wp","href":"https:\/\/api.w.org\/{rel}","templated":true}]}}