{"id":159,"date":"2019-07-19T11:05:14","date_gmt":"2019-07-19T14:05:14","guid":{"rendered":"https:\/\/www.jotabosco.com.br\/clientes\/testes\/?page_id=159"},"modified":"2020-05-29T18:12:51","modified_gmt":"2020-05-29T21:12:51","slug":"intercambio-estudantil","status":"publish","type":"page","link":"https:\/\/www1.unicap.br\/jornalismo\/intercambio-estudantil\/","title":{"rendered":"Interc\u00e2mbio Estudantil"},"content":{"rendered":"<p>[et_pb_section fb_built=&#8221;1&#8243; admin_label=&#8221;Page Title Section&#8221; _builder_version=&#8221;3.25.4&#8243; use_background_color_gradient=&#8221;on&#8221; background_color_gradient_start=&#8221;#000000&#8243; background_color_gradient_end=&#8221;rgba(0,0,0,0)&#8221; background_color_gradient_direction=&#8221;120deg&#8221; background_color_gradient_overlays_image=&#8221;on&#8221; background_image=&#8221;https:\/\/www1.unicap.br\/jornalismo\/wp-content\/uploads\/2019\/07\/bg-intercambio.jpg&#8221; custom_padding=&#8221;110px||110px|&#8221;][et_pb_row column_structure=&#8221;1_2,1_2&#8243; admin_label=&#8221;Page Title Area&#8221; _builder_version=&#8221;3.25.4&#8243; background_size=&#8221;initial&#8221; background_position=&#8221;top_left&#8221; background_repeat=&#8221;repeat&#8221; custom_padding=&#8221;50px||50px&#8221;][et_pb_column type=&#8221;1_2&#8243; _builder_version=&#8221;3.25&#8243; custom_padding=&#8221;|||&#8221; custom_padding__hover=&#8221;|||&#8221;][et_pb_text admin_label=&#8221;Title&#8221; _builder_version=&#8221;3.27.4&#8243; text_font=&#8221;Raleway||||||||&#8221; header_font=&#8221;Poppins|600|||||||&#8221; header_font_size=&#8221;60px&#8221; header_line_height=&#8221;1.2em&#8221; header_2_font=&#8221;||||||||&#8221; header_2_font_size=&#8221;60px&#8221; background_layout=&#8221;dark&#8221; custom_margin=&#8221;||0px&#8221; custom_padding=&#8221;|||&#8221; animation_style=&#8221;fade&#8221; header_font_size_tablet=&#8221;&#8221; header_font_size_phone=&#8221;40px&#8221; header_font_size_last_edited=&#8221;on|phone&#8221;]<\/p>\n<h1>Interc\u00e2mbio Estudantil<\/h1>\n<p>[\/et_pb_text][et_pb_text admin_label=&#8221;Page Subtitle&#8221; _builder_version=&#8221;4.1&#8243; text_font=&#8221;Raleway||on||||||&#8221; text_font_size=&#8221;20px&#8221; header_font=&#8221;||||||||&#8221; background_layout=&#8221;dark&#8221; animation_style=&#8221;fade&#8221;]Viva uma experi\u00eancia acad\u00eamica em uma institui\u00e7\u00e3o de ensino superior nacional ou internacional[\/et_pb_text][\/et_pb_column][et_pb_column type=&#8221;1_2&#8243; _builder_version=&#8221;3.25&#8243; custom_padding=&#8221;|||&#8221; custom_padding__hover=&#8221;|||&#8221;][\/et_pb_column][\/et_pb_row][\/et_pb_section][et_pb_section fb_built=&#8221;1&#8243; admin_label=&#8221;About Us Section&#8221; _builder_version=&#8221;3.25.4&#8243; background_color=&#8221;#666666&#8243; custom_padding=&#8221;60px||99px|||&#8221;][et_pb_row admin_label=&#8221;About Us Area&#8221; _builder_version=&#8221;3.25&#8243;][et_pb_column type=&#8221;4_4&#8243; _builder_version=&#8221;3.25&#8243; custom_padding=&#8221;|||&#8221; custom_padding__hover=&#8221;|||&#8221;][et_pb_text admin_label=&#8221;Title&#8221; _builder_version=&#8221;3.25.4&#8243; text_font=&#8221;Raleway||||||||&#8221; header_font=&#8221;||||||||&#8221; header_text_align=&#8221;left&#8221; header_2_font=&#8221;Raleway|600|||||||&#8221; header_2_text_align=&#8221;left&#8221; header_2_font_size=&#8221;36px&#8221; header_2_line_height=&#8221;1.2em&#8221; background_layout=&#8221;dark&#8221; max_width=&#8221;750px&#8221; module_alignment=&#8221;center&#8221; custom_margin=&#8221;||0px|&#8221; animation_style=&#8221;fade&#8221; text_text_align=&#8221;left&#8221;]<\/p>\n<h2>Como fazer?<\/h2>\n<p>[\/et_pb_text][et_pb_divider color=&#8221;#525252&#8243; divider_position=&#8221;center&#8221; divider_weight=&#8221;3px&#8221; _builder_version=&#8221;3.25.4&#8243; max_width=&#8221;100px&#8221; custom_margin=&#8221;|||165px&#8221; animation_style=&#8221;slide&#8221; animation_intensity_slide=&#8221;10%&#8221; animation_starting_opacity=&#8221;100%&#8221;][\/et_pb_divider][et_pb_text _builder_version=&#8221;4.4.7&#8243; text_font=&#8221;||||||||&#8221; text_font_size=&#8221;16px&#8221; text_line_height=&#8221;1.8em&#8221; background_layout=&#8221;dark&#8221; max_width=&#8221;750px&#8221; module_alignment=&#8221;center&#8221; custom_margin=&#8221;|||&#8221; custom_padding=&#8221;|||&#8221; animation_style=&#8221;fade&#8221; hover_enabled=&#8221;0&#8243; text_text_align=&#8221;left&#8221;]A Unicap faz parte de uma rede com 38 universidades no Brasil e no Exterior. Por meio do Programa de Interc\u00e2mbio Estudantil, os alunos podem viver uma experi\u00eancia acad\u00eamica em uma institui\u00e7\u00e3o de ensino superior nacional ou internacional. Tudo isso pagando o mesmo valor da semestralidade.<br \/>\nO Programa de Interc\u00e2mbio Estudantil oferecido pela UNICAP visa a propiciar aos alunos uma experi\u00eancia acad\u00eamica, durante um ou dois semestres, numa IES nacional ou internacional, atrav\u00e9s de conv\u00eanios de coopera\u00e7\u00e3o m\u00fatua educacional. Esse Programa tem sua origem nas diretrizes da AUSJAL \u2013 Associa\u00e7\u00e3o de Universidades confiadas \u00e0 Companhia de Jesus na Am\u00e9rica Latina, que prop\u00f5e a integra\u00e7\u00e3o dos estudantes de IES jesu\u00edtas latino-americanas, como modalidade complementar de sua forma\u00e7\u00e3o.<\/p>\n<p>Por outro lado, a UNICAP recebe estudantes estrangeiros das IES conveniadas que desejem realizar estudos de gradua\u00e7\u00e3o por um ou dois semestres.<\/p>\n<p>Saiba mais! <a href=\"http:\/\/www.unicap.br\/intercambio\/\" style=\"color: #ffafaf;\">Clique aqui!<\/a><\/p>\n<p>[\/et_pb_text][\/et_pb_column][\/et_pb_row][\/et_pb_section]<\/p>\n","protected":false},"excerpt":{"rendered":"<p>Interc\u00e2mbio EstudantilViva uma experi\u00eancia acad\u00eamica em uma institui\u00e7\u00e3o de ensino superior nacional ou internacionalComo fazer?A Unicap faz parte de uma rede com 38 universidades no Brasil e no Exterior. Por meio do Programa de Interc\u00e2mbio Estudantil, os alunos podem viver uma experi\u00eancia acad\u00eamica em uma institui\u00e7\u00e3o de ensino superior nacional ou internacional. Tudo isso pagando [&hellip;]<\/p>\n","protected":false},"author":1,"featured_media":0,"parent":0,"menu_order":0,"comment_status":"closed","ping_status":"closed","template":"","meta":{"_et_pb_use_builder":"on","_et_pb_old_content":"","_et_gb_content_width":"","footnotes":""},"class_list":["post-159","page","type-page","status-publish","hentry"],"jetpack_sharing_enabled":true,"_links":{"self":[{"href":"https:\/\/www1.unicap.br\/jornalismo\/wp-json\/wp\/v2\/pages\/159","targetHints":{"allow":["GET"]}}],"collection":[{"href":"https:\/\/www1.unicap.br\/jornalismo\/wp-json\/wp\/v2\/pages"}],"about":[{"href":"https:\/\/www1.unicap.br\/jornalismo\/wp-json\/wp\/v2\/types\/page"}],"author":[{"embeddable":true,"href":"https:\/\/www1.unicap.br\/jornalismo\/wp-json\/wp\/v2\/users\/1"}],"replies":[{"embeddable":true,"href":"https:\/\/www1.unicap.br\/jornalismo\/wp-json\/wp\/v2\/comments?post=159"}],"version-history":[{"count":0,"href":"https:\/\/www1.unicap.br\/jornalismo\/wp-json\/wp\/v2\/pages\/159\/revisions"}],"wp:attachment":[{"href":"https:\/\/www1.unicap.br\/jornalismo\/wp-json\/wp\/v2\/media?parent=159"}],"curies":[{"name":"wp","href":"https:\/\/api.w.org\/{rel}","templated":true}]}}