{"id":10,"date":"2019-07-09T09:12:14","date_gmt":"2019-07-09T12:12:14","guid":{"rendered":"https:\/\/www.jotabosco.com.br\/clientes\/testes\/?page_id=10"},"modified":"2023-02-01T10:57:30","modified_gmt":"2023-02-01T13:57:30","slug":"pagina-inicial","status":"publish","type":"page","link":"https:\/\/www1.unicap.br\/jornalismo\/","title":{"rendered":"P\u00e1gina inicial"},"content":{"rendered":"<p>[et_pb_section fb_built=&#8221;1&#8243; fullwidth=&#8221;on&#8221; _builder_version=&#8221;4.16&#8243; global_colors_info=&#8221;{}&#8221;][et_pb_fullwidth_slider _builder_version=&#8221;4.16&#8243; header_font=&#8221;||||||||&#8221; body_font=&#8221;||||||||&#8221; text_orientation=&#8221;left&#8221; global_colors_info=&#8221;{}&#8221;][et_pb_slide heading=&#8221;O curso&#8221; button_text=&#8221;saiba mais&#8221; _builder_version=&#8221;4.16&#8243; header_font=&#8221;|700||on|||||&#8221; body_font=&#8221;||||||||&#8221; background_image=&#8221;https:\/\/www1.unicap.br\/jornalismo\/wp-content\/uploads\/2019\/07\/topo.jpg&#8221; parallax=&#8221;on&#8221; custom_padding=&#8221;35vh||15vh|0px&#8221; custom_padding_tablet=&#8221;0vh||||false|false&#8221; custom_padding_phone=&#8221;0vh||15vh|0px|false|false&#8221; custom_padding_last_edited=&#8221;on|tablet&#8221; text_orientation_tablet=&#8221;center&#8221; text_orientation_phone=&#8221;center&#8221; text_orientation_last_edited=&#8221;on|desktop&#8221; global_colors_info=&#8221;{}&#8221; sticky_transition=&#8221;on&#8221;]<\/p>\n<p><em>70% dos profissionais que atuam no mercado pernambucano s\u00e3o egressos da Cat\u00f3lica<\/em><\/p>\n<p>[\/et_pb_slide][et_pb_slide heading=&#8221;Objetivos&#8221; button_text=&#8221;saiba mais&#8221; _builder_version=&#8221;4.16&#8243; header_font=&#8221;|700||on|||||&#8221; body_font=&#8221;||on||||||&#8221; background_image=&#8221;https:\/\/www1.unicap.br\/jornalismo\/wp-content\/uploads\/2019\/07\/topo2.jpg&#8221; parallax=&#8221;on&#8221; custom_padding=&#8221;35vh||15vh|0px&#8221; custom_padding_tablet=&#8221;0vh||15vh|0px|false|false&#8221; custom_padding_phone=&#8221;&#8221; custom_padding_last_edited=&#8221;on|desktop&#8221; text_orientation_tablet=&#8221;center&#8221; text_orientation_phone=&#8221;center&#8221; text_orientation_last_edited=&#8221;on|tablet&#8221; global_colors_info=&#8221;{}&#8221; sticky_transition=&#8221;on&#8221;]<\/p>\n<p>Preparar profissionais cr\u00edticos e comprometidos com o exerc\u00edcio da cidadania, para atuarem em processos comunicativos, em especial, nos meios de comunica\u00e7\u00e3o: r\u00e1dio, televis\u00e3o, ve\u00edculos impressos, digitais e assessorias<\/p>\n<p>[\/et_pb_slide][et_pb_slide heading=&#8221;Nossos laborat\u00f3rios&#8221; button_text=&#8221;saiba mais&#8221; _builder_version=&#8221;4.16&#8243; header_font=&#8221;|700||on|||||&#8221; body_font=&#8221;||on||||||&#8221; background_image=&#8221;https:\/\/www1.unicap.br\/jornalismo\/wp-content\/uploads\/2019\/07\/bg-lab2.jpg&#8221; custom_padding=&#8221;35vh||15vh|0px&#8221; global_colors_info=&#8221;{}&#8221; sticky_transition=&#8221;on&#8221;]<\/p>\n<p>Contamos com laborat\u00f3rios de fotojornalismo; r\u00e1dio; televis\u00e3o; planejamento gr\u00e1fico; salas de reda\u00e7\u00e3o com microcomputadores conectados \u00e0 Internet; al\u00e9m de sala de m\u00faltiplo uso<\/p>\n<p>[\/et_pb_slide][\/et_pb_fullwidth_slider][\/et_pb_section][et_pb_section fb_built=&#8221;1&#8243; _builder_version=&#8221;4.16&#8243; background_color=&#8221;#666666&#8243; background_position=&#8221;bottom_right&#8221; background_blend=&#8221;multiply&#8221; global_colors_info=&#8221;{}&#8221;][et_pb_row column_structure=&#8221;1_2,1_2&#8243; make_equal=&#8221;on&#8221; _builder_version=&#8221;4.16&#8243; custom_padding=&#8221;0px|0px|0px|0px&#8221; global_colors_info=&#8221;{}&#8221;][et_pb_column type=&#8221;1_2&#8243; _builder_version=&#8221;4.16&#8243; custom_padding=&#8221;|||&#8221; global_colors_info=&#8221;{}&#8221; custom_padding__hover=&#8221;|||&#8221;][et_pb_text _builder_version=&#8221;4.16&#8243; text_font=&#8221;||||||||&#8221; header_font=&#8221;|700|||||||&#8221; header_text_align=&#8221;left&#8221; header_text_color=&#8221;#ffffff&#8221; header_font_size=&#8221;40px&#8221; custom_margin=&#8221;50px||30px&#8221; global_colors_info=&#8221;{}&#8221;]<\/p>\n<h1>Nossos objetivos<\/h1>\n<p>[\/et_pb_text][\/et_pb_column][et_pb_column type=&#8221;1_2&#8243; _builder_version=&#8221;4.16&#8243; background_color=&#8221;rgba(0,0,0,0.2)&#8221; custom_padding=&#8221;|||&#8221; global_colors_info=&#8221;{}&#8221; custom_padding__hover=&#8221;|||&#8221;][et_pb_text _builder_version=&#8221;4.16&#8243; text_font=&#8221;||||||||&#8221; header_font=&#8221;|700|||||||&#8221; header_text_align=&#8221;left&#8221; header_text_color=&#8221;#ffffff&#8221; header_font_size=&#8221;40px&#8221; custom_margin=&#8221;50px||30px&#8221; custom_padding=&#8221;|||50px&#8221; global_colors_info=&#8221;{}&#8221;]<\/p>\n<h1>Sobre<\/h1>\n<p>[\/et_pb_text][\/et_pb_column][\/et_pb_row][et_pb_row column_structure=&#8221;1_6,1_6,1_6,1_2&#8243; make_equal=&#8221;on&#8221; _builder_version=&#8221;4.16&#8243; custom_margin_tablet=&#8221;50px||||false|false&#8221; custom_margin_phone=&#8221;50px||||false|false&#8221; custom_margin_last_edited=&#8221;on|desktop&#8221; custom_padding=&#8221;0px|0px|0px|0px&#8221; global_colors_info=&#8221;{}&#8221;][et_pb_column type=&#8221;1_6&#8243; _builder_version=&#8221;4.16&#8243; custom_padding=&#8221;|||&#8221; global_colors_info=&#8221;{}&#8221; custom_padding__hover=&#8221;|||&#8221;][et_pb_blurb use_icon=&#8221;on&#8221; font_icon=&#8221;&#x6c;||divi||400&#8243; icon_color=&#8221;#ffffff&#8221; image_icon_width=&#8221;60px&#8221; _builder_version=&#8221;4.16&#8243; text_orientation=&#8221;center&#8221; background_layout=&#8221;dark&#8221; icon_font_size=&#8221;60px&#8221; global_colors_info=&#8221;{}&#8221;]Habilitar o estudante para atuar no mercado dos meios de comunica\u00e7\u00e3o[\/et_pb_blurb][\/et_pb_column][et_pb_column type=&#8221;1_6&#8243; _builder_version=&#8221;4.16&#8243; custom_padding=&#8221;|||&#8221; global_colors_info=&#8221;{}&#8221; custom_padding__hover=&#8221;|||&#8221;][et_pb_blurb use_icon=&#8221;on&#8221; font_icon=&#8221;&#xe02a;||divi||400&#8243; icon_color=&#8221;#ffffff&#8221; image_icon_width=&#8221;60px&#8221; _builder_version=&#8221;4.16&#8243; text_orientation=&#8221;center&#8221; background_layout=&#8221;dark&#8221; icon_font_size=&#8221;60px&#8221; global_colors_info=&#8221;{}&#8221;]Estimular o senso cr\u00edtico em sua plenitude, na concep\u00e7\u00e3o e elabora\u00e7\u00e3o de produtos midi\u00e1ticos[\/et_pb_blurb][\/et_pb_column][et_pb_column type=&#8221;1_6&#8243; _builder_version=&#8221;4.16&#8243; custom_padding=&#8221;|||&#8221; global_colors_info=&#8221;{}&#8221; custom_padding__hover=&#8221;|||&#8221;][et_pb_blurb use_icon=&#8221;on&#8221; font_icon=&#8221;&#xe106;||divi||400&#8243; icon_color=&#8221;#ffffff&#8221; image_icon_width=&#8221;60px&#8221; _builder_version=&#8221;4.16&#8243; text_orientation=&#8221;center&#8221; background_layout=&#8221;dark&#8221; icon_font_size=&#8221;60px&#8221; global_colors_info=&#8221;{}&#8221;]Auxiliar na compreens\u00e3o da comunica\u00e7\u00e3o como um processo no qual interagem fatores pol\u00edticos, econ\u00f4micos e socioculturais, entre outros[\/et_pb_blurb][\/et_pb_column][et_pb_column type=&#8221;1_2&#8243; _builder_version=&#8221;4.16&#8243; background_color=&#8221;rgba(0,0,0,0.2)&#8221; custom_padding=&#8221;|||&#8221; global_colors_info=&#8221;{}&#8221; custom_padding__hover=&#8221;|||&#8221;][et_pb_text _builder_version=&#8221;4.16&#8243; text_font=&#8221;||||||||&#8221; background_layout=&#8221;dark&#8221; custom_padding=&#8221;|50px|35px|50px&#8221; custom_padding_tablet=&#8221;35px||||false|false&#8221; custom_padding_phone=&#8221;35px|50px|35px|50px|false|false&#8221; custom_padding_last_edited=&#8221;on|desktop&#8221; global_colors_info=&#8221;{}&#8221;]<\/p>\n<p>O <strong>Curso de Jornalismo da UNICAP<\/strong> oferece uma ampla estrutura, que estimula o estudante a desenvolver a sua criatividade e descobrir novas formas de criar conte\u00fado e se preparar na pr\u00e1tica para o mercado de trabalho. Para n\u00f3s, \u00e9 importante formar jornalistas com princ\u00edpios \u00e9ticos e senso cr\u00edtico fortalecidos, conscientes do seu papel de agentes da transforma\u00e7\u00e3o social.<\/p>\n<p>[\/et_pb_text][et_pb_button button_text=&#8221;Ler mais&#8221; _builder_version=&#8221;4.16&#8243; background_layout=&#8221;dark&#8221; custom_margin=&#8221;||50px|50px&#8221; custom_padding=&#8221;|||&#8221; global_colors_info=&#8221;{}&#8221;][\/et_pb_button][\/et_pb_column][\/et_pb_row][\/et_pb_section][et_pb_section fb_built=&#8221;1&#8243; _builder_version=&#8221;4.16&#8243; background_color=&#8221;#efefef&#8221; global_colors_info=&#8221;{}&#8221;][et_pb_row _builder_version=&#8221;4.16&#8243; global_colors_info=&#8221;{}&#8221;][et_pb_column type=&#8221;4_4&#8243; _builder_version=&#8221;4.16&#8243; custom_padding=&#8221;|||&#8221; global_colors_info=&#8221;{}&#8221; custom_padding__hover=&#8221;|||&#8221;][et_pb_text _builder_version=&#8221;4.16&#8243; text_font=&#8221;||||||||&#8221; header_font=&#8221;|700|||||||&#8221; header_text_align=&#8221;left&#8221; header_text_color=&#8221;#666666&#8243; header_font_size=&#8221;40px&#8221; global_colors_info=&#8221;{}&#8221;]<\/p>\n<h1>Blog<\/h1>\n<p>[\/et_pb_text][\/et_pb_column][\/et_pb_row][et_pb_row column_structure=&#8221;3_5,2_5&#8243; make_equal=&#8221;on&#8221; _builder_version=&#8221;4.16&#8243; global_colors_info=&#8221;{}&#8221;][et_pb_column type=&#8221;3_5&#8243; _builder_version=&#8221;4.16&#8243; custom_padding=&#8221;|||&#8221; global_colors_info=&#8221;{}&#8221; custom_padding__hover=&#8221;|||&#8221;][et_pb_blog posts_number=&#8221;2&#8243; include_categories=&#8221;all&#8221; show_more=&#8221;on&#8221; show_author=&#8221;off&#8221; show_date=&#8221;off&#8221; show_categories=&#8221;off&#8221; module_class=&#8221;ds-limit-excerpt&#8221; _builder_version=&#8221;4.16&#8243; header_font=&#8221;|700|||||||&#8221; header_font_size=&#8221;30px&#8221; pagination_font=&#8221;||||||||&#8221; custom_css_read_more=&#8221;text-transform: uppercase;||background: #666;||color: #fff;||padding: 8px;||width: 130px;||font-family: open sans;||font-weight: bold;||font-style: normal;||text-align: center;||margin-top: 1rem;||border: 1px solid #666;&#8221; global_colors_info=&#8221;{}&#8221;][\/et_pb_blog][\/et_pb_column][et_pb_column type=&#8221;2_5&#8243; _builder_version=&#8221;4.16&#8243; background_color=&#8221;rgba(0,0,0,0.1)&#8221; custom_padding=&#8221;|||&#8221; global_colors_info=&#8221;{}&#8221; custom_padding__hover=&#8221;|||&#8221;][et_pb_text _builder_version=&#8221;4.16&#8243; text_font=&#8221;||||||||&#8221; header_font=&#8221;|700||on|||||&#8221; header_text_align=&#8221;left&#8221; header_text_color=&#8221;#666666&#8243; custom_padding=&#8221;50px|50px||50px&#8221; global_colors_info=&#8221;{}&#8221;]<\/p>\n<h1>+ Mais<\/h1>\n<p>[\/et_pb_text][et_pb_image src=&#8221;https:\/\/www1.unicap.br\/jornalismo\/wp-content\/uploads\/2020\/05\/chamada-biblioteca.jpg&#8221; title_text=&#8221;chamada-biblioteca&#8221; url=&#8221;https:\/\/www1.unicap.br\/biblioteca\/&#8221; url_new_window=&#8221;on&#8221; align_tablet=&#8221;center&#8221; align_phone=&#8221;&#8221; align_last_edited=&#8221;on|desktop&#8221; _builder_version=&#8221;4.16&#8243; custom_margin=&#8221;|50px||50px&#8221; global_colors_info=&#8221;{}&#8221;][\/et_pb_image][et_pb_image src=&#8221;https:\/\/www1.unicap.br\/jornalismo\/wp-content\/uploads\/2020\/05\/chamada-oberro.jpg&#8221; title_text=&#8221;chamada-oberro&#8221; url=&#8221;http:\/\/www.unicap.br\/oberro\/&#8221; url_new_window=&#8221;on&#8221; align_tablet=&#8221;center&#8221; align_phone=&#8221;&#8221; align_last_edited=&#8221;on|desktop&#8221; _builder_version=&#8221;4.16&#8243; custom_margin=&#8221;|50px||50px&#8221; global_colors_info=&#8221;{}&#8221;][\/et_pb_image][et_pb_image src=&#8221;https:\/\/www1.unicap.br\/jornalismo\/wp-content\/uploads\/2020\/05\/chamada-webjornalismo.jpg&#8221; title_text=&#8221;chamada-webjornalismo&#8221; url=&#8221;https:\/\/webjornalismo.unicap.br\/&#8221; url_new_window=&#8221;on&#8221; align_tablet=&#8221;center&#8221; align_phone=&#8221;&#8221; align_last_edited=&#8221;on|desktop&#8221; _builder_version=&#8221;4.16&#8243; custom_margin=&#8221;|50px||50px&#8221; global_colors_info=&#8221;{}&#8221;][\/et_pb_image][et_pb_divider _builder_version=&#8221;4.16&#8243; global_colors_info=&#8221;{}&#8221;][\/et_pb_divider][et_pb_code _builder_version=&#8221;4.16&#8243; custom_margin=&#8221;|50px||50px&#8221; global_colors_info=&#8221;{}&#8221;]<iframe src=\"http:\/\/www.facebook.com\/plugins\/likebox.php?href=https%3A%2F%2Fwww.facebook.com%2FJornalismocatolica&#038;width=296&#038;height=500&#038;colorscheme=light&#038;show_faces=true&#038;stream=false&#038;header=false&#038;force_wall=false&#038;locale=pt_BR\" scrolling=\"no\" frameborder=\"0\" style=\"border: none; overflow: hidden; width: 100%; height: 500px;\"><\/iframe>[\/et_pb_code][\/et_pb_column][\/et_pb_row][\/et_pb_section][et_pb_section fb_built=&#8221;1&#8243; _builder_version=&#8221;4.16&#8243; background_image=&#8221;https:\/\/www1.unicap.br\/jornalismo\/wp-content\/uploads\/2019\/07\/bg-topo.png&#8221; parallax=&#8221;on&#8221; parallax_method=&#8221;off&#8221; global_colors_info=&#8221;{}&#8221;][et_pb_row _builder_version=&#8221;4.16&#8243; global_colors_info=&#8221;{}&#8221;][et_pb_column type=&#8221;4_4&#8243; _builder_version=&#8221;4.16&#8243; custom_padding=&#8221;|||&#8221; global_colors_info=&#8221;{}&#8221; custom_padding__hover=&#8221;|||&#8221;][et_pb_text _builder_version=&#8221;4.16&#8243; text_font=&#8221;||||||||&#8221; header_font=&#8221;|700|||||||&#8221; header_text_align=&#8221;left&#8221; header_text_color=&#8221;#666666&#8243; header_font_size=&#8221;40px&#8221; global_colors_info=&#8221;{}&#8221;]<\/p>\n<h1>Nossos laborat\u00f3rios<\/h1>\n<p>[\/et_pb_text][\/et_pb_column][\/et_pb_row][et_pb_row column_structure=&#8221;1_3,1_3,1_3&#8243; _builder_version=&#8221;4.16&#8243; global_colors_info=&#8221;{}&#8221;][et_pb_column type=&#8221;1_3&#8243; _builder_version=&#8221;4.16&#8243; custom_padding=&#8221;|||&#8221; global_colors_info=&#8221;{}&#8221; custom_padding__hover=&#8221;|||&#8221;][et_pb_blurb title=&#8221;Laborat\u00f3rio de TV&#8221; url=&#8221;@ET-DC@eyJkeW5hbWljIjp0cnVlLCJjb250ZW50IjoicG9zdF9saW5rX3VybF9wYWdlIiwic2V0dGluZ3MiOnsicG9zdF9pZCI6IjIzMTAifX0=@&#8221; image=&#8221;https:\/\/www1.unicap.br\/jornalismo\/wp-content\/uploads\/2019\/07\/lab2.jpg&#8221; _builder_version=&#8221;4.16&#8243; _dynamic_attributes=&#8221;link_option_url,url&#8221; link_option_url=&#8221;@ET-DC@eyJkeW5hbWljIjp0cnVlLCJjb250ZW50IjoicG9zdF9saW5rX3VybF9wYWdlIiwic2V0dGluZ3MiOnsicG9zdF9pZCI6IjIzMTAifX0=@&#8221; global_colors_info=&#8221;{}&#8221;]<\/p>\n<p>Equipamento de \u00faltima gera\u00e7\u00e3o para captar e editar imagens e produzir narrativas jornal\u00edsticas de qualidade.<\/p>\n<p>[\/et_pb_blurb][\/et_pb_column][et_pb_column type=&#8221;1_3&#8243; _builder_version=&#8221;4.16&#8243; custom_padding=&#8221;|||&#8221; global_colors_info=&#8221;{}&#8221; custom_padding__hover=&#8221;|||&#8221;][et_pb_blurb title=&#8221;Laborat\u00f3rio de R\u00e1dio&#8221; url=&#8221;@ET-DC@eyJkeW5hbWljIjp0cnVlLCJjb250ZW50IjoicG9zdF9saW5rX3VybF9wYWdlIiwic2V0dGluZ3MiOnsicG9zdF9pZCI6IjIzMTAifX0=@&#8221; image=&#8221;https:\/\/www1.unicap.br\/jornalismo\/wp-content\/uploads\/2019\/07\/bg-lab2.jpg&#8221; _builder_version=&#8221;4.16&#8243; _dynamic_attributes=&#8221;link_option_url,url&#8221; link_option_url=&#8221;@ET-DC@eyJkeW5hbWljIjp0cnVlLCJjb250ZW50IjoicG9zdF9saW5rX3VybF9wYWdlIiwic2V0dGluZ3MiOnsicG9zdF9pZCI6IjIzMTAifX0=@&#8221; global_colors_info=&#8221;{}&#8221;]<\/p>\n<p>Sala equipada com gravadores, computadores e est\u00fadio para realiza\u00e7\u00e3o e aulas pr\u00e1ticas de r\u00e1diojornalismo.<\/p>\n<p>[\/et_pb_blurb][\/et_pb_column][et_pb_column type=&#8221;1_3&#8243; _builder_version=&#8221;4.16&#8243; custom_padding=&#8221;|||&#8221; global_colors_info=&#8221;{}&#8221; custom_padding__hover=&#8221;|||&#8221;][et_pb_blurb title=&#8221;Laborat\u00f3rio de Reda\u00e7\u00e3o&#8221; url=&#8221;@ET-DC@eyJkeW5hbWljIjp0cnVlLCJjb250ZW50IjoicG9zdF9saW5rX3VybF9wYWdlIiwic2V0dGluZ3MiOnsicG9zdF9pZCI6IjIzMTAifX0=@&#8221; image=&#8221;https:\/\/www1.unicap.br\/jornalismo\/wp-content\/uploads\/2019\/07\/lab3.jpg&#8221; _builder_version=&#8221;4.16&#8243; _dynamic_attributes=&#8221;link_option_url,url&#8221; link_option_url=&#8221;@ET-DC@eyJkeW5hbWljIjp0cnVlLCJjb250ZW50IjoicG9zdF9saW5rX3VybF9wYWdlIiwic2V0dGluZ3MiOnsicG9zdF9pZCI6IjIzMTAifX0=@&#8221; global_colors_info=&#8221;{}&#8221;]<\/p>\n<p>Para as aulas pr\u00e1ticas de produ\u00e7\u00e3o textual, edi\u00e7\u00e3o de reportagens, produ\u00e7\u00e3o e prepara\u00e7\u00e3o de entrevistas.<\/p>\n<p>[\/et_pb_blurb][\/et_pb_column][\/et_pb_row][et_pb_row _builder_version=&#8221;4.16&#8243; global_colors_info=&#8221;{}&#8221;][et_pb_column type=&#8221;4_4&#8243; _builder_version=&#8221;4.16&#8243; global_colors_info=&#8221;{}&#8221;][et_pb_button button_url=&#8221;@ET-DC@eyJkeW5hbWljIjp0cnVlLCJjb250ZW50IjoicG9zdF9saW5rX3VybF9wYWdlIiwic2V0dGluZ3MiOnsicG9zdF9pZCI6IjIzMTAifX0=@&#8221; button_text=&#8221;Conhe\u00e7a tamb\u00e9m os outros laborat\u00f3rios&#8221; button_alignment=&#8221;center&#8221; _builder_version=&#8221;4.16&#8243; _dynamic_attributes=&#8221;button_url&#8221; custom_button=&#8221;on&#8221; button_text_color=&#8221;#ffffff&#8221; button_bg_color=&#8221;#b8242a&#8221; button_border_radius=&#8221;10px&#8221; button_letter_spacing=&#8221;0px&#8221; button_font=&#8221;||||||||&#8221; button_use_icon=&#8221;off&#8221; global_colors_info=&#8221;{}&#8221;][\/et_pb_button][\/et_pb_column][\/et_pb_row][\/et_pb_section]<\/p>\n","protected":false},"excerpt":{"rendered":"<p>70% dos profissionais que atuam no mercado pernambucano s\u00e3o egressos da Cat\u00f3licaPreparar profissionais cr\u00edticos e comprometidos com o exerc\u00edcio da cidadania, para atuarem em processos comunicativos, em especial, nos meios de comunica\u00e7\u00e3o: r\u00e1dio, televis\u00e3o, ve\u00edculos impressos, digitais e assessoriasContamos com laborat\u00f3rios de fotojornalismo; r\u00e1dio; televis\u00e3o; planejamento gr\u00e1fico; salas de reda\u00e7\u00e3o com microcomputadores conectados \u00e0 Internet; [&hellip;]<\/p>\n","protected":false},"author":1,"featured_media":0,"parent":0,"menu_order":0,"comment_status":"closed","ping_status":"closed","template":"","meta":{"_et_pb_use_builder":"on","_et_pb_old_content":"","_et_gb_content_width":"","footnotes":""},"class_list":["post-10","page","type-page","status-publish","hentry"],"jetpack_sharing_enabled":true,"_links":{"self":[{"href":"https:\/\/www1.unicap.br\/jornalismo\/wp-json\/wp\/v2\/pages\/10","targetHints":{"allow":["GET"]}}],"collection":[{"href":"https:\/\/www1.unicap.br\/jornalismo\/wp-json\/wp\/v2\/pages"}],"about":[{"href":"https:\/\/www1.unicap.br\/jornalismo\/wp-json\/wp\/v2\/types\/page"}],"author":[{"embeddable":true,"href":"https:\/\/www1.unicap.br\/jornalismo\/wp-json\/wp\/v2\/users\/1"}],"replies":[{"embeddable":true,"href":"https:\/\/www1.unicap.br\/jornalismo\/wp-json\/wp\/v2\/comments?post=10"}],"version-history":[{"count":9,"href":"https:\/\/www1.unicap.br\/jornalismo\/wp-json\/wp\/v2\/pages\/10\/revisions"}],"predecessor-version":[{"id":3495,"href":"https:\/\/www1.unicap.br\/jornalismo\/wp-json\/wp\/v2\/pages\/10\/revisions\/3495"}],"wp:attachment":[{"href":"https:\/\/www1.unicap.br\/jornalismo\/wp-json\/wp\/v2\/media?parent=10"}],"curies":[{"name":"wp","href":"https:\/\/api.w.org\/{rel}","templated":true}]}}