{"id":798,"date":"2017-03-07T12:06:56","date_gmt":"2017-03-07T12:06:56","guid":{"rendered":"https:\/\/www1.unicap.br\/estudosreligiao\/?page_id=798"},"modified":"2017-07-25T18:41:13","modified_gmt":"2017-07-25T18:41:13","slug":"mapa-do-site","status":"publish","type":"page","link":"https:\/\/www1.unicap.br\/estudosreligiao\/mapa-do-site\/","title":{"rendered":"Mapa do Site"},"content":{"rendered":"<div>\n<ul>\n<li><a href=\"https:\/\/www1.unicap.br\/estudosreligiao\/\">In\u00edcio<\/a><\/li>\n<\/ul>\n<\/div>\n<div>\n<ul>\n<li><a href=\"https:\/\/www1.unicap.br\/estudosreligiao\/?page_id=2\">Apresenta\u00e7\u00e3o<\/a><\/li>\n<\/ul>\n<\/div>\n<ul>\n<li><a href=\"https:\/\/www1.unicap.br\/estudosreligiao\/?page_id=6\">Gradua\u00e7\u00e3o<\/a>\n<ul>\n<li><a href=\"http:\/\/www.unicap.br\/teologia\/\" target=\"_blank\" rel=\"noopener noreferrer\">Teologia<\/a><\/li>\n<li><a href=\"http:\/\/www.unicap.br\/ead\/index.php\/ciencias-da-religiao-licenciatura-para-o-ensino-religioso\/\" target=\"_blank\" rel=\"nofollow noopener noreferrer\">Ci\u00eancias da Religi\u00e3o EaD<\/a><\/li>\n<\/ul>\n<\/li>\n<\/ul>\n<ul>\n<li><a href=\"https:\/\/www1.unicap.br\/estudosreligiao\/?page_id=4\">P\u00f3s-gradua\u00e7\u00e3o<\/a>\n<ul>\n<li><a href=\"http:\/\/www.unicap.br\/home\/mestrado-em-teologia\/\" target=\"_blank\" rel=\"noopener noreferrer\">Teologia<\/a>\n<ul>\n<li><a href=\"http:\/\/www.unicap.br\/home\/mestrado-em-teologia\/\" target=\"_blank\" rel=\"noopener noreferrer\">Mestrado<\/a><\/li>\n<li><a href=\"http:\/\/www.unicap.br\/home\/25405\/\" target=\"_blank\" rel=\"noopener noreferrer\">Especializa\u00e7\u00e3o<\/a><\/li>\n<li><a href=\"http:\/\/www.unicap.br\/simpcristint\/\" target=\"_blank\" rel=\"noopener noreferrer\">Grupo de Pesquisa Cristianismo e interpreta\u00e7\u00f5es<\/a><\/li>\n<\/ul>\n<\/li>\n<li><a href=\"https:\/\/www1.unicap.br\/estudosreligiao\/?page_id=4\">Ci\u00eancias da Religi\u00e3o<\/a>\n<ul>\n<li><a href=\"http:\/\/www.unicap.br\/home\/doutorado-em-ciencias-da-religiao\/\" target=\"_blank\" rel=\"noopener noreferrer\">Doutorado<\/a><\/li>\n<li><a href=\"http:\/\/www.unicap.br\/home\/mestrados\/mestrado-em-ciencias-da-religiao\/\" target=\"_blank\" rel=\"noopener noreferrer\">Mestrado<\/a><\/li>\n<li><a href=\"https:\/\/www1.unicap.br\/estudosreligiao\/?page_id=4\">Grupos de Pesquisa<\/a>\n<ul>\n<li><a href=\"https:\/\/espdialogo.wordpress.com\/\" target=\"_blank\" rel=\"nofollow noopener noreferrer\">Espiritualidades Pluralidade e Di\u00e1logo<\/a><\/li>\n<li><a href=\"https:\/\/historiaunicapgrpesq.wordpress.com\/about\/\" target=\"_blank\" rel=\"nofollow noopener noreferrer\">Estudos Transdisciplinares em Hist\u00f3ria<\/a><\/li>\n<li><a href=\"http:\/\/www.unicap.br\/gprid\/\" target=\"_blank\" rel=\"noopener noreferrer\">Religi\u00f5es Identidades e Di\u00e1logos<\/a><\/li>\n<\/ul>\n<\/li>\n<\/ul>\n<\/li>\n<\/ul>\n<\/li>\n<\/ul>\n<ul>\n<li><a href=\"https:\/\/www1.unicap.br\/estudosreligiao\/?page_id=10\">Extens\u00e3o<\/a>\n<ul>\n<li><a href=\"http:\/\/www.unicap.br\/ihu\/\" target=\"_blank\" rel=\"noopener noreferrer\">Humanitas<\/a><\/li>\n<li><a href=\"http:\/\/www.unicap.br\/observatorio2\" target=\"_blank\" rel=\"noopener noreferrer\">Observat\u00f3rio<\/a><\/li>\n<li><a href=\"http:\/\/www.unicap.br\/universidade\/pages\/\" target=\"_blank\" rel=\"noopener noreferrer\">Cursos<\/a>\n<ul>\n<li><a href=\"http:\/\/www.unicap.br\/universidade\/pages\/?p=1122\" target=\"_blank\" rel=\"noopener noreferrer\">A Espiritualidade de Jesus<\/a><\/li>\n<li><a href=\"http:\/\/www.unicap.br\/universidade\/pages\/?p=1120\" target=\"_blank\" rel=\"noopener noreferrer\">Teologia Espiritual<\/a><\/li>\n<li><a href=\"http:\/\/www.unicap.br\/universidade\/pages\/?p=1114\" target=\"_blank\" rel=\"noopener noreferrer\">Igreja e Miss\u00e3o<\/a><\/li>\n<\/ul>\n<\/li>\n<li><a href=\"http:\/\/www.unicap.br\/catedradomhelder\/\" target=\"_blank\" rel=\"noopener noreferrer\">C\u00e1tedra Dom Helder C\u00e2mara de Direitos Humanos<\/a><\/li>\n<\/ul>\n<\/li>\n<\/ul>\n<ul>\n<li><a href=\"https:\/\/www1.unicap.br\/estudosreligiao\/?page_id=150\">Publica\u00e7\u00f5es<\/a>\n<ul>\n<li><a href=\"http:\/\/www.unicap.br\/SEER\/\" target=\"_blank\" rel=\"noopener noreferrer\">Revistas<\/a><\/li>\n<li><a href=\"https:\/\/www1.unicap.br\/estudosreligiao\/?page_id=150\">Livros e e-books<\/a><\/li>\n<li><a href=\"http:\/\/www.unicap.br\/tede\/tde_busca\/resultado-tdes-prog.php?ver=5&amp;programa=5&amp;ano_inicio=&amp;mes_inicio=&amp;mes_fim=&amp;ano_fim=2016&amp;grau=Todos\" target=\"_blank\" rel=\"noopener noreferrer\">Disserta\u00e7\u00f5es e Teses<\/a><\/li>\n<\/ul>\n<\/li>\n<\/ul>\n<ul>\n<li><a href=\"https:\/\/www1.unicap.br\/estudosreligiao\/?page_id=163\" target=\"_blank\" rel=\"noopener noreferrer\">Eventos<\/a><\/li>\n<\/ul>\n<ul>\n<li><a href=\"https:\/\/www1.unicap.br\/estudosreligiao\/?page_id=160\" target=\"_blank\" rel=\"noopener noreferrer\">Fale conosco<\/a><\/li>\n<\/ul>\n","protected":false},"excerpt":{"rendered":"<p>In\u00edcio Apresenta\u00e7\u00e3o Gradua\u00e7\u00e3o Teologia Ci\u00eancias da Religi\u00e3o EaD P\u00f3s-gradua\u00e7\u00e3o Teologia Mestrado Especializa\u00e7\u00e3o Grupo de Pesquisa Cristianismo e interpreta\u00e7\u00f5es Ci\u00eancias da Religi\u00e3o Doutorado Mestrado Grupos de Pesquisa Espiritualidades Pluralidade e Di\u00e1logo [&hellip;]<\/p>\n","protected":false},"author":3,"featured_media":0,"parent":0,"menu_order":0,"comment_status":"closed","ping_status":"closed","template":"","meta":{"spay_email":"","footnotes":""},"class_list":["post-798","page","type-page","status-publish","hentry"],"jetpack_shortlink":"https:\/\/wp.me\/P7qXzA-cS","jetpack-related-posts":[{"id":2,"url":"https:\/\/www1.unicap.br\/estudosreligiao\/pagina-exemplo\/","url_meta":{"origin":798,"position":0},"title":"Apresenta\u00e7\u00e3o","date":"28 de mar\u00e7o de 2016","format":false,"excerpt":"Ol\u00e1! Este espa\u00e7o quer ser um lugar de converg\u00eancia para os estudos de religi\u00e3o na Universidade Cat\u00f3lica de Pernambuco. Reunimos aqui os servi\u00e7os educativos que a UNICAP oferece nessa \u00e1rea de teologia e ci\u00eancias da religi\u00e3o, em termos de pesquisa, aprendizagem e extens\u00e3o. Imaginamos um bloco fixo com os links\u2026","rel":"","context":"Post similar","img":{"alt_text":"","src":"https:\/\/i0.wp.com\/www1.unicap.br\/estudosreligiao\/wp-content\/uploads\/2016\/03\/DSC_5423-e1459558733229.jpg?fit=350%2C232&ssl=1&resize=350%2C200","width":350,"height":200},"classes":[]},{"id":4,"url":"https:\/\/www1.unicap.br\/estudosreligiao\/home\/","url_meta":{"origin":798,"position":1},"title":"P\u00f3s-Gradua\u00e7\u00e3o","date":"29 de mar\u00e7o de 2016","format":false,"excerpt":"\u00a0 DOUTORADO EM CI\u00caNCIAS DA RELIGI\u00c3O O nosso Programa promove pesquisas sobre as religi\u00f5es nos seus contextos hist\u00f3rico, social e cultural. Recorre ao instrumental te\u00f3rico fornecido pelas ci\u00eancias, sobretudo humanas, para de forma interdisciplinar desenvolver interpreta\u00e7\u00f5es das diferentes manifesta\u00e7\u00f5es de religiosidade, na sua rela\u00e7\u00e3o com a cultura e a sociedade.\u2026","rel":"","context":"Post similar","img":{"alt_text":"","src":"https:\/\/i0.wp.com\/www1.unicap.br\/estudosreligiao\/wp-content\/uploads\/2016\/04\/transdisciplinaridade-cincias-da-religio-e-ensino-religioso-12-638-300x225.jpg?resize=350%2C200&ssl=1","width":350,"height":200},"classes":[]},{"id":6,"url":"https:\/\/www1.unicap.br\/estudosreligiao\/graduacao\/","url_meta":{"origin":798,"position":2},"title":"Gradua\u00e7\u00e3o","date":"29 de mar\u00e7o de 2016","format":false,"excerpt":"TEOLOGIA O Curso de Bacharelado em Teologia da UNICAP tem, como objetivo principal, a forma\u00e7\u00e3o teol\u00f3gica seja em vista do exerc\u00edcio da atividade pastoral, seja em vista da forma\u00e7\u00e3o intelectual integral. O curso visa o aprofundamento da intelig\u00eancia da f\u00e9 crist\u00e3, para que se possa dar as pr\u00f3prias raz\u00f5es de\u2026","rel":"","context":"Post similar","img":{"alt_text":"","src":"https:\/\/i0.wp.com\/www1.unicap.br\/estudosreligiao\/wp-content\/uploads\/2016\/04\/Missa-de-Teologia-DEZEMBRO__18-300x200.jpg?resize=350%2C200&ssl=1","width":350,"height":200},"classes":[]},{"id":150,"url":"https:\/\/www1.unicap.br\/estudosreligiao\/extensao-2\/","url_meta":{"origin":798,"position":3},"title":"Publica\u00e7\u00f5es","date":"7 de abril de 2016","format":false,"excerpt":"REVISTAS Revista de Teologia e Ci\u00eancias da Religi\u00e3o Nossa Revista de Teologia e Ci\u00eancias da Religi\u00e3o da UNICAP, ISSN online 2237-907X, que existe desde 2002, quis ampliar os seus horizontes de di\u00e1logo com a comunidade acad\u00eamica e passou para uma vers\u00e3o completamente on-line. Nessa nova fase, a revista \u00e9 de\u2026","rel":"","context":"Post similar","img":{"alt_text":"","src":"","width":0,"height":0},"classes":[]},{"id":2210,"url":"https:\/\/www1.unicap.br\/estudosreligiao\/extensao-2\/revistas-da-area\/","url_meta":{"origin":798,"position":4},"title":"Revistas da \u00c1rea","date":"10 de maio de 2019","format":false,"excerpt":"Revistas A1, A2 e B1 da \u00c1rea de Ci\u00eancias da Religi\u00e3o e Teologia\u00a0\u00a0 A1 (100 pontos) BRITISH JOURNAL OF RELIGIOUS EDUCATION ESTUDOS DE RELIGI\u00c3O Metodista SP ESTUDOS HIST\u00d3RICOS FREIBURGER ZEITSCHRIFT F\u00dcR PHILOSOPHIE UND THEOLOGIE HIST\u00d3RIA UNISINOS HORIZONTE: REVISTA DE ESTUDOS DE TEOLOGIA E CI\u00caNCIAS DA RELIGI\u00c3O KRITERION: REVISTA DE FILOSOFIA\u2026","rel":"","context":"Post similar","img":{"alt_text":"","src":"","width":0,"height":0},"classes":[]},{"id":10,"url":"https:\/\/www1.unicap.br\/estudosreligiao\/extensao\/","url_meta":{"origin":798,"position":5},"title":"Extens\u00e3o","date":"29 de mar\u00e7o de 2016","format":false,"excerpt":"Humanitas O Instituto Humanitas Unicap tem como objetivo principal estabelecer um espa\u00e7o de reflex\u00e3o nas fronteiras do conhecimento e ser um canal aberto no di\u00e1logo com a cultura e a sociedade. Ele deseja associar-se a uma concep\u00e7\u00e3o de educa\u00e7\u00e3o segundo a qual a miss\u00e3o da universidade compreende tr\u00eas n\u00edveis intimamente\u2026","rel":"","context":"Post similar","img":{"alt_text":"","src":"","width":0,"height":0},"classes":[]}],"_links":{"self":[{"href":"https:\/\/www1.unicap.br\/estudosreligiao\/wp-json\/wp\/v2\/pages\/798"}],"collection":[{"href":"https:\/\/www1.unicap.br\/estudosreligiao\/wp-json\/wp\/v2\/pages"}],"about":[{"href":"https:\/\/www1.unicap.br\/estudosreligiao\/wp-json\/wp\/v2\/types\/page"}],"author":[{"embeddable":true,"href":"https:\/\/www1.unicap.br\/estudosreligiao\/wp-json\/wp\/v2\/users\/3"}],"replies":[{"embeddable":true,"href":"https:\/\/www1.unicap.br\/estudosreligiao\/wp-json\/wp\/v2\/comments?post=798"}],"version-history":[{"count":3,"href":"https:\/\/www1.unicap.br\/estudosreligiao\/wp-json\/wp\/v2\/pages\/798\/revisions"}],"predecessor-version":[{"id":1096,"href":"https:\/\/www1.unicap.br\/estudosreligiao\/wp-json\/wp\/v2\/pages\/798\/revisions\/1096"}],"wp:attachment":[{"href":"https:\/\/www1.unicap.br\/estudosreligiao\/wp-json\/wp\/v2\/media?parent=798"}],"curies":[{"name":"wp","href":"https:\/\/api.w.org\/{rel}","templated":true}]}}