{"id":6,"date":"2016-03-29T19:28:27","date_gmt":"2016-03-29T19:28:27","guid":{"rendered":"https:\/\/www1.unicap.br\/estudosreligiao\/?page_id=6"},"modified":"2016-06-20T16:09:24","modified_gmt":"2016-06-20T16:09:24","slug":"graduacao","status":"publish","type":"page","link":"https:\/\/www1.unicap.br\/estudosreligiao\/graduacao\/","title":{"rendered":"Gradua\u00e7\u00e3o"},"content":{"rendered":"<p><img data-recalc-dims=\"1\" loading=\"lazy\" decoding=\"async\" data-attachment-id=\"59\" data-permalink=\"https:\/\/www1.unicap.br\/estudosreligiao\/graduacao-em-teologia\/missa-de-teologia-dezembro__18\/\" data-orig-file=\"https:\/\/i0.wp.com\/www1.unicap.br\/estudosreligiao\/wp-content\/uploads\/2016\/04\/Missa-de-Teologia-DEZEMBRO__18-e1460991153667.jpg?fit=300%2C200&amp;ssl=1\" data-orig-size=\"300,200\" data-comments-opened=\"1\" data-image-meta=\"{&quot;aperture&quot;:&quot;2.2&quot;,&quot;credit&quot;:&quot;&quot;,&quot;camera&quot;:&quot;Canon EOS 5D Mark II&quot;,&quot;caption&quot;:&quot;&quot;,&quot;created_timestamp&quot;:&quot;1453752796&quot;,&quot;copyright&quot;:&quot;&quot;,&quot;focal_length&quot;:&quot;50&quot;,&quot;iso&quot;:&quot;1250&quot;,&quot;shutter_speed&quot;:&quot;0.016666666666667&quot;,&quot;title&quot;:&quot;&quot;,&quot;orientation&quot;:&quot;0&quot;}\" data-image-title=\"Missa-de-Teologia-DEZEMBRO__18\" data-image-description=\"\" data-image-caption=\"\" data-medium-file=\"https:\/\/i0.wp.com\/www1.unicap.br\/estudosreligiao\/wp-content\/uploads\/2016\/04\/Missa-de-Teologia-DEZEMBRO__18-e1460991153667.jpg?fit=300%2C200&amp;ssl=1\" data-large-file=\"https:\/\/i0.wp.com\/www1.unicap.br\/estudosreligiao\/wp-content\/uploads\/2016\/04\/Missa-de-Teologia-DEZEMBRO__18-e1460991153667.jpg?fit=1024%2C683&amp;ssl=1\" class=\"alignnone size-medium wp-image-59\" src=\"https:\/\/i0.wp.com\/www1.unicap.br\/estudosreligiao\/wp-content\/uploads\/2016\/04\/Missa-de-Teologia-DEZEMBRO__18.jpg?resize=300%2C200&#038;ssl=1\" alt=\"Missa-de-Teologia-DEZEMBRO__18\" width=\"300\" height=\"200\" \/><\/p>\n<p><strong><span style=\"color: #000000;\">TEOLOGIA<\/span><\/strong><\/p>\n<p>O Curso de Bacharelado em Teologia da UNICAP tem, como objetivo principal, a forma\u00e7\u00e3o teol\u00f3gica seja em vista do exerc\u00edcio da atividade pastoral, seja em vista da forma\u00e7\u00e3o intelectual integral. O curso visa o aprofundamento da intelig\u00eancia da f\u00e9 crist\u00e3, para que se possa dar as pr\u00f3prias raz\u00f5es de crer, no di\u00e1logo com a cultura, com as ci\u00eancias e com outras formas de manifesta\u00e7\u00e3o religiosa, visando a constru\u00e7\u00e3o de uma sociedade de fraternidade, justi\u00e7a e paz.<\/p>\n<p>Saiba mais acessando a p\u00e1gina do curso.<\/p>\n<h3><a href=\"http:\/\/www.unicap.br\/graduacao\/pages\/?page_id=231\" target=\"_blank\">Teologia<\/a><\/h3>\n<p>&nbsp;<\/p>\n<p><img data-recalc-dims=\"1\" loading=\"lazy\" decoding=\"async\" data-attachment-id=\"82\" data-permalink=\"https:\/\/www1.unicap.br\/estudosreligiao\/graduacao\/school-and-education-02\/\" data-orig-file=\"https:\/\/i0.wp.com\/www1.unicap.br\/estudosreligiao\/wp-content\/uploads\/2016\/03\/school-and-education-02-e1459552967553.jpg?fit=350%2C350&amp;ssl=1\" data-orig-size=\"350,350\" data-comments-opened=\"1\" data-image-meta=\"{&quot;aperture&quot;:&quot;0&quot;,&quot;credit&quot;:&quot;&quot;,&quot;camera&quot;:&quot;&quot;,&quot;caption&quot;:&quot;&quot;,&quot;created_timestamp&quot;:&quot;0&quot;,&quot;copyright&quot;:&quot;&quot;,&quot;focal_length&quot;:&quot;0&quot;,&quot;iso&quot;:&quot;0&quot;,&quot;shutter_speed&quot;:&quot;0&quot;,&quot;title&quot;:&quot;school and education 02&quot;,&quot;orientation&quot;:&quot;1&quot;}\" data-image-title=\"school and education 02\" data-image-description=\"\" data-image-caption=\"\" data-medium-file=\"https:\/\/i0.wp.com\/www1.unicap.br\/estudosreligiao\/wp-content\/uploads\/2016\/03\/school-and-education-02-e1459552967553.jpg?fit=300%2C300&amp;ssl=1\" data-large-file=\"https:\/\/i0.wp.com\/www1.unicap.br\/estudosreligiao\/wp-content\/uploads\/2016\/03\/school-and-education-02-e1459552967553.jpg?fit=1024%2C1024&amp;ssl=1\" class=\"alignnone wp-image-82 size-medium\" src=\"https:\/\/i0.wp.com\/www1.unicap.br\/estudosreligiao\/wp-content\/uploads\/2016\/03\/school-and-education-02.jpg?resize=300%2C300&#038;ssl=1\" alt=\"school and education 02\" width=\"300\" height=\"300\" \/><\/p>\n<p><span style=\"color: #000000;\"><b>CI\u00caNCIAS DA RELIGI\u00c3O<\/b><\/span><\/p>\n<div>A Universidade Cat\u00f3lica de Pernambuco, que possui uma larga experi\u00eancia no campo do ensino e pesquisa da \u00e1rea dos estudos de religi\u00e3o, vem com o Curso de Gradua\u00e7\u00e3o em Ci\u00eancias da Religi\u00e3o &#8211; Licenciatura em Ensino Religioso, na modalidade a dist\u00e2ncia, oferecer \u00e0 sociedade pernambucana a ampla possibilidade de forma\u00e7\u00e3o dos professores desse importante componente curricular para as nossas escolas, bem como de mediadores e int\u00e9rpretes dos fen\u00f4menos religiosos no espa\u00e7o p\u00fablico.<\/div>\n<div><\/div>\n<div>\n<p>Acesse a p\u00e1gina do Curso atrav\u00e9s do link a seguir:<\/p>\n<h3><a href=\"http:\/\/www.unicap.br\/ead\/index.php\/ciencias-da-religiao-licenciatura-para-o-ensino-religioso\/\" target=\"_blank\">Ci\u00eancias da Religi\u00e3o \u2013 Licenciatura para o Ensino Religioso<\/a><\/h3>\n<\/div>\n","protected":false},"excerpt":{"rendered":"<p>TEOLOGIA O Curso de Bacharelado em Teologia da UNICAP tem, como objetivo principal, a forma\u00e7\u00e3o teol\u00f3gica seja em vista do exerc\u00edcio da atividade pastoral, seja em vista da forma\u00e7\u00e3o intelectual [&hellip;]<\/p>\n","protected":false},"author":1,"featured_media":0,"parent":0,"menu_order":0,"comment_status":"closed","ping_status":"closed","template":"","meta":{"spay_email":"","footnotes":""},"class_list":["post-6","page","type-page","status-publish","hentry"],"jetpack_shortlink":"https:\/\/wp.me\/P7qXzA-6","jetpack-related-posts":[{"id":4,"url":"https:\/\/www1.unicap.br\/estudosreligiao\/home\/","url_meta":{"origin":6,"position":0},"title":"P\u00f3s-Gradua\u00e7\u00e3o","date":"29 de mar\u00e7o de 2016","format":false,"excerpt":"\u00a0 DOUTORADO EM CI\u00caNCIAS DA RELIGI\u00c3O O nosso Programa promove pesquisas sobre as religi\u00f5es nos seus contextos hist\u00f3rico, social e cultural. Recorre ao instrumental te\u00f3rico fornecido pelas ci\u00eancias, sobretudo humanas, para de forma interdisciplinar desenvolver interpreta\u00e7\u00f5es das diferentes manifesta\u00e7\u00f5es de religiosidade, na sua rela\u00e7\u00e3o com a cultura e a sociedade.\u2026","rel":"","context":"Post similar","img":{"alt_text":"","src":"https:\/\/i0.wp.com\/www1.unicap.br\/estudosreligiao\/wp-content\/uploads\/2016\/04\/transdisciplinaridade-cincias-da-religio-e-ensino-religioso-12-638-300x225.jpg?resize=350%2C200&ssl=1","width":350,"height":200},"classes":[]},{"id":798,"url":"https:\/\/www1.unicap.br\/estudosreligiao\/mapa-do-site\/","url_meta":{"origin":6,"position":1},"title":"Mapa do Site","date":"7 de mar\u00e7o de 2017","format":false,"excerpt":"In\u00edcio Apresenta\u00e7\u00e3o Gradua\u00e7\u00e3o Teologia Ci\u00eancias da Religi\u00e3o EaD P\u00f3s-gradua\u00e7\u00e3o Teologia Mestrado Especializa\u00e7\u00e3o Grupo de Pesquisa Cristianismo e interpreta\u00e7\u00f5es Ci\u00eancias da Religi\u00e3o Doutorado Mestrado Grupos de Pesquisa Espiritualidades Pluralidade e Di\u00e1logo Estudos Transdisciplinares em Hist\u00f3ria Religi\u00f5es Identidades e Di\u00e1logos Extens\u00e3o Humanitas Observat\u00f3rio Cursos A Espiritualidade de Jesus Teologia Espiritual Igreja e\u2026","rel":"","context":"Post similar","img":{"alt_text":"","src":"","width":0,"height":0},"classes":[]},{"id":2,"url":"https:\/\/www1.unicap.br\/estudosreligiao\/pagina-exemplo\/","url_meta":{"origin":6,"position":2},"title":"Apresenta\u00e7\u00e3o","date":"28 de mar\u00e7o de 2016","format":false,"excerpt":"Ol\u00e1! Este espa\u00e7o quer ser um lugar de converg\u00eancia para os estudos de religi\u00e3o na Universidade Cat\u00f3lica de Pernambuco. Reunimos aqui os servi\u00e7os educativos que a UNICAP oferece nessa \u00e1rea de teologia e ci\u00eancias da religi\u00e3o, em termos de pesquisa, aprendizagem e extens\u00e3o. Imaginamos um bloco fixo com os links\u2026","rel":"","context":"Post similar","img":{"alt_text":"","src":"https:\/\/i0.wp.com\/www1.unicap.br\/estudosreligiao\/wp-content\/uploads\/2016\/03\/DSC_5423-e1459558733229.jpg?fit=350%2C232&ssl=1&resize=350%2C200","width":350,"height":200},"classes":[]},{"id":10,"url":"https:\/\/www1.unicap.br\/estudosreligiao\/extensao\/","url_meta":{"origin":6,"position":3},"title":"Extens\u00e3o","date":"29 de mar\u00e7o de 2016","format":false,"excerpt":"Humanitas O Instituto Humanitas Unicap tem como objetivo principal estabelecer um espa\u00e7o de reflex\u00e3o nas fronteiras do conhecimento e ser um canal aberto no di\u00e1logo com a cultura e a sociedade. Ele deseja associar-se a uma concep\u00e7\u00e3o de educa\u00e7\u00e3o segundo a qual a miss\u00e3o da universidade compreende tr\u00eas n\u00edveis intimamente\u2026","rel":"","context":"Post similar","img":{"alt_text":"","src":"","width":0,"height":0},"classes":[]},{"id":2210,"url":"https:\/\/www1.unicap.br\/estudosreligiao\/extensao-2\/revistas-da-area\/","url_meta":{"origin":6,"position":4},"title":"Revistas da \u00c1rea","date":"10 de maio de 2019","format":false,"excerpt":"Revistas A1, A2 e B1 da \u00c1rea de Ci\u00eancias da Religi\u00e3o e Teologia\u00a0\u00a0 A1 (100 pontos) BRITISH JOURNAL OF RELIGIOUS EDUCATION ESTUDOS DE RELIGI\u00c3O Metodista SP ESTUDOS HIST\u00d3RICOS FREIBURGER ZEITSCHRIFT F\u00dcR PHILOSOPHIE UND THEOLOGIE HIST\u00d3RIA UNISINOS HORIZONTE: REVISTA DE ESTUDOS DE TEOLOGIA E CI\u00caNCIAS DA RELIGI\u00c3O KRITERION: REVISTA DE FILOSOFIA\u2026","rel":"","context":"Post similar","img":{"alt_text":"","src":"","width":0,"height":0},"classes":[]},{"id":150,"url":"https:\/\/www1.unicap.br\/estudosreligiao\/extensao-2\/","url_meta":{"origin":6,"position":5},"title":"Publica\u00e7\u00f5es","date":"7 de abril de 2016","format":false,"excerpt":"REVISTAS Revista de Teologia e Ci\u00eancias da Religi\u00e3o Nossa Revista de Teologia e Ci\u00eancias da Religi\u00e3o da UNICAP, ISSN online 2237-907X, que existe desde 2002, quis ampliar os seus horizontes de di\u00e1logo com a comunidade acad\u00eamica e passou para uma vers\u00e3o completamente on-line. Nessa nova fase, a revista \u00e9 de\u2026","rel":"","context":"Post similar","img":{"alt_text":"","src":"","width":0,"height":0},"classes":[]}],"_links":{"self":[{"href":"https:\/\/www1.unicap.br\/estudosreligiao\/wp-json\/wp\/v2\/pages\/6"}],"collection":[{"href":"https:\/\/www1.unicap.br\/estudosreligiao\/wp-json\/wp\/v2\/pages"}],"about":[{"href":"https:\/\/www1.unicap.br\/estudosreligiao\/wp-json\/wp\/v2\/types\/page"}],"author":[{"embeddable":true,"href":"https:\/\/www1.unicap.br\/estudosreligiao\/wp-json\/wp\/v2\/users\/1"}],"replies":[{"embeddable":true,"href":"https:\/\/www1.unicap.br\/estudosreligiao\/wp-json\/wp\/v2\/comments?post=6"}],"version-history":[{"count":7,"href":"https:\/\/www1.unicap.br\/estudosreligiao\/wp-json\/wp\/v2\/pages\/6\/revisions"}],"predecessor-version":[{"id":444,"href":"https:\/\/www1.unicap.br\/estudosreligiao\/wp-json\/wp\/v2\/pages\/6\/revisions\/444"}],"wp:attachment":[{"href":"https:\/\/www1.unicap.br\/estudosreligiao\/wp-json\/wp\/v2\/media?parent=6"}],"curies":[{"name":"wp","href":"https:\/\/api.w.org\/{rel}","templated":true}]}}