{"id":4,"date":"2016-03-29T19:27:17","date_gmt":"2016-03-29T19:27:17","guid":{"rendered":"https:\/\/www1.unicap.br\/estudosreligiao\/?page_id=4"},"modified":"2016-04-18T14:43:43","modified_gmt":"2016-04-18T14:43:43","slug":"home","status":"publish","type":"page","link":"https:\/\/www1.unicap.br\/estudosreligiao\/home\/","title":{"rendered":"P\u00f3s-Gradua\u00e7\u00e3o"},"content":{"rendered":"<p>&nbsp;<\/p>\n<p><img data-recalc-dims=\"1\" loading=\"lazy\" decoding=\"async\" data-attachment-id=\"73\" data-permalink=\"https:\/\/www1.unicap.br\/estudosreligiao\/doutorado-em-ciencias-da-religiao\/transdisciplinaridade-cincias-da-religio-e-ensino-religioso-12-638\/\" data-orig-file=\"https:\/\/i0.wp.com\/www1.unicap.br\/estudosreligiao\/wp-content\/uploads\/2016\/04\/transdisciplinaridade-cincias-da-religio-e-ensino-religioso-12-638.jpg?fit=638%2C479&amp;ssl=1\" data-orig-size=\"638,479\" data-comments-opened=\"1\" data-image-meta=\"{&quot;aperture&quot;:&quot;0&quot;,&quot;credit&quot;:&quot;&quot;,&quot;camera&quot;:&quot;&quot;,&quot;caption&quot;:&quot;&quot;,&quot;created_timestamp&quot;:&quot;0&quot;,&quot;copyright&quot;:&quot;&quot;,&quot;focal_length&quot;:&quot;0&quot;,&quot;iso&quot;:&quot;0&quot;,&quot;shutter_speed&quot;:&quot;0&quot;,&quot;title&quot;:&quot;&quot;,&quot;orientation&quot;:&quot;0&quot;}\" data-image-title=\"transdisciplinaridade-cincias-da-religio-e-ensino-religioso-12-638\" data-image-description=\"\" data-image-caption=\"\" data-medium-file=\"https:\/\/i0.wp.com\/www1.unicap.br\/estudosreligiao\/wp-content\/uploads\/2016\/04\/transdisciplinaridade-cincias-da-religio-e-ensino-religioso-12-638.jpg?fit=300%2C225&amp;ssl=1\" data-large-file=\"https:\/\/i0.wp.com\/www1.unicap.br\/estudosreligiao\/wp-content\/uploads\/2016\/04\/transdisciplinaridade-cincias-da-religio-e-ensino-religioso-12-638.jpg?fit=638%2C479&amp;ssl=1\" class=\"alignnone size-medium wp-image-73\" src=\"https:\/\/i0.wp.com\/www1.unicap.br\/estudosreligiao\/wp-content\/uploads\/2016\/04\/transdisciplinaridade-cincias-da-religio-e-ensino-religioso-12-638.jpg?resize=300%2C225&#038;ssl=1\" alt=\"transdisciplinaridade-cincias-da-religio-e-ensino-religioso-12-638\" width=\"300\" height=\"225\" \/><\/p>\n<p><span style=\"color: #000000;\"><a style=\"color: #000000;\" href=\"http:\/\/www.unicap.br\/home\/doutorado-em-ciencias-da-religiao\/\" target=\"_blank\"><strong>DOUTORADO EM CI\u00caNCIAS DA RELIGI\u00c3O<\/strong><\/a><\/span><\/p>\n<p>O nosso Programa promove pesquisas sobre as religi\u00f5es nos seus contextos hist\u00f3rico, social e cultural. Recorre ao instrumental te\u00f3rico fornecido pelas ci\u00eancias, sobretudo humanas, para de forma interdisciplinar desenvolver interpreta\u00e7\u00f5es das diferentes manifesta\u00e7\u00f5es de religiosidade, na sua rela\u00e7\u00e3o com a cultura e a sociedade. Com efeito, a nossa \u00e1rea de concentra\u00e7\u00e3o \u00e9 em Religi\u00e3o, Cultura e Sociedade e temos duas linhas de pesquisa: Campo Religioso Brasileiro, Cultura e Sociedade e Tradi\u00e7\u00f5es e Experi\u00eancias Religiosas, Cultura e Sociedade. <strong>Veja mais\u00a0<a href=\"http:\/\/www.unicap.br\/home\/doutorado-em-ciencias-da-religiao\/\" target=\"_blank\">AQUI<\/a>.<\/strong><\/p>\n<p>&nbsp;<\/p>\n<p><img data-recalc-dims=\"1\" loading=\"lazy\" decoding=\"async\" data-attachment-id=\"113\" data-permalink=\"https:\/\/www1.unicap.br\/estudosreligiao\/home\/cymera_20150323_092425-2\/\" data-orig-file=\"https:\/\/i0.wp.com\/www1.unicap.br\/estudosreligiao\/wp-content\/uploads\/2016\/03\/CYMERA_20150323_092425-e1459874672741.jpg?fit=700%2C343&amp;ssl=1\" data-orig-size=\"700,343\" data-comments-opened=\"1\" data-image-meta=\"{&quot;aperture&quot;:&quot;2.4&quot;,&quot;credit&quot;:&quot;&quot;,&quot;camera&quot;:&quot;Cymera&quot;,&quot;caption&quot;:&quot;&quot;,&quot;created_timestamp&quot;:&quot;1427102665&quot;,&quot;copyright&quot;:&quot;&quot;,&quot;focal_length&quot;:&quot;3.97&quot;,&quot;iso&quot;:&quot;150&quot;,&quot;shutter_speed&quot;:&quot;0.058823529411765&quot;,&quot;title&quot;:&quot;&quot;,&quot;orientation&quot;:&quot;1&quot;}\" data-image-title=\"CYMERA_20150323_092425\" data-image-description=\"\" data-image-caption=\"\" data-medium-file=\"https:\/\/i0.wp.com\/www1.unicap.br\/estudosreligiao\/wp-content\/uploads\/2016\/03\/CYMERA_20150323_092425-e1459874672741.jpg?fit=300%2C147&amp;ssl=1\" data-large-file=\"https:\/\/i0.wp.com\/www1.unicap.br\/estudosreligiao\/wp-content\/uploads\/2016\/03\/CYMERA_20150323_092425-e1459874672741.jpg?fit=700%2C343&amp;ssl=1\" class=\"alignnone size-medium wp-image-113\" src=\"https:\/\/i0.wp.com\/www1.unicap.br\/estudosreligiao\/wp-content\/uploads\/2016\/03\/CYMERA_20150323_092425.jpg?resize=300%2C147&#038;ssl=1\" alt=\"CYMERA_20150323_092425\" width=\"300\" height=\"147\" \/><\/p>\n<p><span style=\"color: #000000;\"><a style=\"color: #000000;\" href=\"http:\/\/www.unicap.br\/home\/mestrados\/mestrado-em-ciencias-da-religiao\/\" target=\"_blank\"><strong>MESTRADO EM CI\u00caNCIAS DA RELIGI\u00c3O<\/strong><\/a><\/span><\/p>\n<p>As Ci\u00eancias da Religi\u00e3o estudam o fen\u00f4meno religioso nos seus m\u00faltiplos contextos hist\u00f3rico, social e cultural. Partindo da contribui\u00e7\u00e3o dos diversos instrumentais te\u00f3ricos, oriundos das ci\u00eancias humanas, procura, de forma interdisciplinar, analisar as diferentes manifesta\u00e7\u00f5es, nas suas m\u00faltiplas contextualidades, que as religi\u00f5es assumem na sua rela\u00e7\u00e3o com a cultura e a sociedade. <strong>Continue lendo\u00a0<a href=\"http:\/\/www.unicap.br\/home\/mestrados\/mestrado-em-ciencias-da-religiao\/\" target=\"_blank\">AQUI<\/a>.<\/strong><\/p>\n<p>&nbsp;<\/p>\n<p><img data-recalc-dims=\"1\" loading=\"lazy\" decoding=\"async\" data-attachment-id=\"115\" data-permalink=\"https:\/\/www1.unicap.br\/estudosreligiao\/home\/mestrado-em-teologia\/\" data-orig-file=\"https:\/\/i0.wp.com\/www1.unicap.br\/estudosreligiao\/wp-content\/uploads\/2016\/03\/Mestrado-em-teologia-e1460990511445.jpg?fit=700%2C525&amp;ssl=1\" data-orig-size=\"700,525\" data-comments-opened=\"1\" data-image-meta=\"{&quot;aperture&quot;:&quot;2.65&quot;,&quot;credit&quot;:&quot;&quot;,&quot;camera&quot;:&quot;GT-I9082L&quot;,&quot;caption&quot;:&quot;&quot;,&quot;created_timestamp&quot;:&quot;1376665486&quot;,&quot;copyright&quot;:&quot;&quot;,&quot;focal_length&quot;:&quot;3.9687&quot;,&quot;iso&quot;:&quot;1250&quot;,&quot;shutter_speed&quot;:&quot;0.066664&quot;,&quot;title&quot;:&quot;&quot;,&quot;orientation&quot;:&quot;1&quot;}\" data-image-title=\"Mestrado em teologia\" data-image-description=\"\" data-image-caption=\"\" data-medium-file=\"https:\/\/i0.wp.com\/www1.unicap.br\/estudosreligiao\/wp-content\/uploads\/2016\/03\/Mestrado-em-teologia-e1460990511445.jpg?fit=300%2C225&amp;ssl=1\" data-large-file=\"https:\/\/i0.wp.com\/www1.unicap.br\/estudosreligiao\/wp-content\/uploads\/2016\/03\/Mestrado-em-teologia-e1460990511445.jpg?fit=1024%2C768&amp;ssl=1\" class=\"alignnone wp-image-115 size-medium\" src=\"https:\/\/i0.wp.com\/www1.unicap.br\/estudosreligiao\/wp-content\/uploads\/2016\/03\/Mestrado-em-teologia-e1460990511445-300x225.jpg?resize=300%2C225&#038;ssl=1\" alt=\"Mestrado em teologia\" width=\"300\" height=\"225\" srcset=\"https:\/\/i0.wp.com\/www1.unicap.br\/estudosreligiao\/wp-content\/uploads\/2016\/03\/Mestrado-em-teologia-e1460990511445.jpg?resize=300%2C225&amp;ssl=1 300w, https:\/\/i0.wp.com\/www1.unicap.br\/estudosreligiao\/wp-content\/uploads\/2016\/03\/Mestrado-em-teologia-e1460990511445.jpg?w=700&amp;ssl=1 700w\" sizes=\"(max-width: 300px) 100vw, 300px\" \/><\/p>\n<p><span style=\"color: #000000;\"><a style=\"color: #000000;\" href=\"http:\/\/www.unicap.br\/home\/mestrado-em-teologia\/\" target=\"_blank\"><strong>MESTRADO EM TEOLOGIA<\/strong><\/a><\/span><\/p>\n<p>O programa de mestrado em Teologia na UNICAP apresenta-se como um processo que visa o aprofundamento do conhecimento e a forma\u00e7\u00e3o cient\u00edfica voltada para as atividades relacionadas com o ensino e a pesquisa. Nesse sentido, o Programa tem como principal finalidade, a forma\u00e7\u00e3o de profissionais capazes de atuar tanto na doc\u00eancia e pesquisa na \u00e1rea de teologia quanto em suas respectivas \u00e1reas profissionais. <strong>Conhe\u00e7a mais <a href=\"http:\/\/www.unicap.br\/home\/mestrado-em-teologia\/\" target=\"_blank\">AQUI<\/a>.<\/strong><\/p>\n","protected":false},"excerpt":{"rendered":"<p>&nbsp; DOUTORADO EM CI\u00caNCIAS DA RELIGI\u00c3O O nosso Programa promove pesquisas sobre as religi\u00f5es nos seus contextos hist\u00f3rico, social e cultural. Recorre ao instrumental te\u00f3rico fornecido pelas ci\u00eancias, sobretudo humanas, [&hellip;]<\/p>\n","protected":false},"author":1,"featured_media":0,"parent":0,"menu_order":0,"comment_status":"closed","ping_status":"closed","template":"","meta":{"spay_email":"","footnotes":""},"class_list":["post-4","page","type-page","status-publish","hentry"],"jetpack_shortlink":"https:\/\/wp.me\/P7qXzA-4","jetpack-related-posts":[{"id":6,"url":"https:\/\/www1.unicap.br\/estudosreligiao\/graduacao\/","url_meta":{"origin":4,"position":0},"title":"Gradua\u00e7\u00e3o","date":"29 de mar\u00e7o de 2016","format":false,"excerpt":"TEOLOGIA O Curso de Bacharelado em Teologia da UNICAP tem, como objetivo principal, a forma\u00e7\u00e3o teol\u00f3gica seja em vista do exerc\u00edcio da atividade pastoral, seja em vista da forma\u00e7\u00e3o intelectual integral. O curso visa o aprofundamento da intelig\u00eancia da f\u00e9 crist\u00e3, para que se possa dar as pr\u00f3prias raz\u00f5es de\u2026","rel":"","context":"Post similar","img":{"alt_text":"","src":"https:\/\/i0.wp.com\/www1.unicap.br\/estudosreligiao\/wp-content\/uploads\/2016\/04\/Missa-de-Teologia-DEZEMBRO__18-300x200.jpg?resize=350%2C200&ssl=1","width":350,"height":200},"classes":[]},{"id":2210,"url":"https:\/\/www1.unicap.br\/estudosreligiao\/extensao-2\/revistas-da-area\/","url_meta":{"origin":4,"position":1},"title":"Revistas da \u00c1rea","date":"10 de maio de 2019","format":false,"excerpt":"Revistas A1, A2 e B1 da \u00c1rea de Ci\u00eancias da Religi\u00e3o e Teologia\u00a0\u00a0 A1 (100 pontos) BRITISH JOURNAL OF RELIGIOUS EDUCATION ESTUDOS DE RELIGI\u00c3O Metodista SP ESTUDOS HIST\u00d3RICOS FREIBURGER ZEITSCHRIFT F\u00dcR PHILOSOPHIE UND THEOLOGIE HIST\u00d3RIA UNISINOS HORIZONTE: REVISTA DE ESTUDOS DE TEOLOGIA E CI\u00caNCIAS DA RELIGI\u00c3O KRITERION: REVISTA DE FILOSOFIA\u2026","rel":"","context":"Post similar","img":{"alt_text":"","src":"","width":0,"height":0},"classes":[]},{"id":10,"url":"https:\/\/www1.unicap.br\/estudosreligiao\/extensao\/","url_meta":{"origin":4,"position":2},"title":"Extens\u00e3o","date":"29 de mar\u00e7o de 2016","format":false,"excerpt":"Humanitas O Instituto Humanitas Unicap tem como objetivo principal estabelecer um espa\u00e7o de reflex\u00e3o nas fronteiras do conhecimento e ser um canal aberto no di\u00e1logo com a cultura e a sociedade. Ele deseja associar-se a uma concep\u00e7\u00e3o de educa\u00e7\u00e3o segundo a qual a miss\u00e3o da universidade compreende tr\u00eas n\u00edveis intimamente\u2026","rel":"","context":"Post similar","img":{"alt_text":"","src":"","width":0,"height":0},"classes":[]},{"id":150,"url":"https:\/\/www1.unicap.br\/estudosreligiao\/extensao-2\/","url_meta":{"origin":4,"position":3},"title":"Publica\u00e7\u00f5es","date":"7 de abril de 2016","format":false,"excerpt":"REVISTAS Revista de Teologia e Ci\u00eancias da Religi\u00e3o Nossa Revista de Teologia e Ci\u00eancias da Religi\u00e3o da UNICAP, ISSN online 2237-907X, que existe desde 2002, quis ampliar os seus horizontes de di\u00e1logo com a comunidade acad\u00eamica e passou para uma vers\u00e3o completamente on-line. Nessa nova fase, a revista \u00e9 de\u2026","rel":"","context":"Post similar","img":{"alt_text":"","src":"","width":0,"height":0},"classes":[]},{"id":2,"url":"https:\/\/www1.unicap.br\/estudosreligiao\/pagina-exemplo\/","url_meta":{"origin":4,"position":4},"title":"Apresenta\u00e7\u00e3o","date":"28 de mar\u00e7o de 2016","format":false,"excerpt":"Ol\u00e1! Este espa\u00e7o quer ser um lugar de converg\u00eancia para os estudos de religi\u00e3o na Universidade Cat\u00f3lica de Pernambuco. Reunimos aqui os servi\u00e7os educativos que a UNICAP oferece nessa \u00e1rea de teologia e ci\u00eancias da religi\u00e3o, em termos de pesquisa, aprendizagem e extens\u00e3o. Imaginamos um bloco fixo com os links\u2026","rel":"","context":"Post similar","img":{"alt_text":"","src":"https:\/\/i0.wp.com\/www1.unicap.br\/estudosreligiao\/wp-content\/uploads\/2016\/03\/DSC_5423-e1459558733229.jpg?fit=350%2C232&ssl=1&resize=350%2C200","width":350,"height":200},"classes":[]},{"id":798,"url":"https:\/\/www1.unicap.br\/estudosreligiao\/mapa-do-site\/","url_meta":{"origin":4,"position":5},"title":"Mapa do Site","date":"7 de mar\u00e7o de 2017","format":false,"excerpt":"In\u00edcio Apresenta\u00e7\u00e3o Gradua\u00e7\u00e3o Teologia Ci\u00eancias da Religi\u00e3o EaD P\u00f3s-gradua\u00e7\u00e3o Teologia Mestrado Especializa\u00e7\u00e3o Grupo de Pesquisa Cristianismo e interpreta\u00e7\u00f5es Ci\u00eancias da Religi\u00e3o Doutorado Mestrado Grupos de Pesquisa Espiritualidades Pluralidade e Di\u00e1logo Estudos Transdisciplinares em Hist\u00f3ria Religi\u00f5es Identidades e Di\u00e1logos Extens\u00e3o Humanitas Observat\u00f3rio Cursos A Espiritualidade de Jesus Teologia Espiritual Igreja e\u2026","rel":"","context":"Post similar","img":{"alt_text":"","src":"","width":0,"height":0},"classes":[]}],"_links":{"self":[{"href":"https:\/\/www1.unicap.br\/estudosreligiao\/wp-json\/wp\/v2\/pages\/4"}],"collection":[{"href":"https:\/\/www1.unicap.br\/estudosreligiao\/wp-json\/wp\/v2\/pages"}],"about":[{"href":"https:\/\/www1.unicap.br\/estudosreligiao\/wp-json\/wp\/v2\/types\/page"}],"author":[{"embeddable":true,"href":"https:\/\/www1.unicap.br\/estudosreligiao\/wp-json\/wp\/v2\/users\/1"}],"replies":[{"embeddable":true,"href":"https:\/\/www1.unicap.br\/estudosreligiao\/wp-json\/wp\/v2\/comments?post=4"}],"version-history":[{"count":12,"href":"https:\/\/www1.unicap.br\/estudosreligiao\/wp-json\/wp\/v2\/pages\/4\/revisions"}],"predecessor-version":[{"id":243,"href":"https:\/\/www1.unicap.br\/estudosreligiao\/wp-json\/wp\/v2\/pages\/4\/revisions\/243"}],"wp:attachment":[{"href":"https:\/\/www1.unicap.br\/estudosreligiao\/wp-json\/wp\/v2\/media?parent=4"}],"curies":[{"name":"wp","href":"https:\/\/api.w.org\/{rel}","templated":true}]}}