{"id":2210,"date":"2019-05-10T17:16:51","date_gmt":"2019-05-10T17:16:51","guid":{"rendered":"https:\/\/www1.unicap.br\/estudosreligiao\/?page_id=2210"},"modified":"2019-05-10T17:16:51","modified_gmt":"2019-05-10T17:16:51","slug":"revistas-da-area","status":"publish","type":"page","link":"https:\/\/www1.unicap.br\/estudosreligiao\/extensao-2\/revistas-da-area\/","title":{"rendered":"Revistas da \u00c1rea"},"content":{"rendered":"<h2><strong>Revistas A1, A2 e B1 da \u00c1rea de Ci\u00eancias da Religi\u00e3o e Teologia\u00a0\u00a0<\/strong><\/h2>\n<h3><strong>A1 (100 pontos)<\/strong><\/h3>\n<p><a href=\"https:\/\/www.tandfonline.com\/loi\/cbre20\" target=\"_blank\" rel=\"noopener noreferrer\">BRITISH JOURNAL OF RELIGIOUS EDUCATION<\/a><\/p>\n<p><a href=\"https:\/\/www.metodista.br\/revistas\/revistas-ims\/index.php\/ER\" target=\"_blank\" rel=\"noopener noreferrer\">ESTUDOS DE RELIGI\u00c3O<\/a> Metodista SP<\/p>\n<p><a href=\"http:\/\/bibliotecadigital.fgv.br\/ojs\/index.php\/reh\" target=\"_blank\" rel=\"noopener noreferrer\">ESTUDOS HIST\u00d3RICOS<\/a><\/p>\n<p><a href=\"https:\/\/www3.unifr.ch\/fzphth\/fr\/\" target=\"_blank\" rel=\"noopener noreferrer\">FREIBURGER ZEITSCHRIFT F\u00dcR PHILOSOPHIE UND THEOLOGIE<\/a><\/p>\n<p><a href=\"http:\/\/revistas.unisinos.br\/index.php\/historia\" target=\"_blank\" rel=\"noopener noreferrer\">HIST\u00d3RIA UNISINOS<\/a><\/p>\n<p><a href=\"http:\/\/periodicos.pucminas.br\/index.php\/horizonte\/index\" target=\"_blank\" rel=\"noopener noreferrer\">HORIZONTE: REVISTA DE ESTUDOS DE TEOLOGIA E CI\u00caNCIAS DA RELIGI\u00c3O<\/a><\/p>\n<p><a href=\"https:\/\/www.kriterion.fafich.ufmg.br\/index.php\/kriterion\" target=\"_blank\" rel=\"noopener noreferrer\">KRITERION: REVISTA DE FILOSOFIA<\/a><\/p>\n<p><a href=\"http:\/\/missionalia.journals.ac.za\/pub\" target=\"_blank\" rel=\"noopener noreferrer\">MISSIONALIA<\/a> (PRETORIA)<\/p>\n<p><a href=\"http:\/\/faje.edu.br\/periodicos\/index.php\/perspectiva\" target=\"_blank\" rel=\"noopener noreferrer\">PERSPECTIVA TEOL\u00d3GICA<\/a><\/p>\n<p><a href=\"https:\/\/www.revistas.usp.br\/psicousp\" target=\"_blank\" rel=\"noopener noreferrer\">PSICOLOGIA USP<\/a><\/p>\n<p><a href=\"http:\/\/www.scielo.br\/scielo.php?script=sci_serial&amp;pid=0100-8587&amp;lng=pt&amp;nrm=iso\" target=\"_blank\" rel=\"noopener noreferrer\">RELIGI\u00c3O &amp; SOCIEDADE<\/a><\/p>\n<p><a href=\"https:\/\/www.tandfonline.com\/loi\/rrel20\" target=\"_blank\" rel=\"noopener noreferrer\">RELIGION (LONDON. 1971)<\/a><\/p>\n<p><a href=\"https:\/\/historiaqualis.wordpress.com\/revistas\/revistas-b1\/social-compass\/\" target=\"_blank\" rel=\"noopener noreferrer\">SOCIAL COMPASS (IMPRIM\u00c9)<\/a><\/p>\n<p><a href=\"https:\/\/seer.ufrgs.br\/sociologias\" target=\"_blank\" rel=\"noopener noreferrer\">SOCIOLOGIAS (UFRGS)<\/a><\/p>\n<p><a href=\"https:\/\/onlinelibrary.wiley.com\/journal\/14679647\" target=\"_blank\" rel=\"noopener noreferrer\">TEACHING THEOLOGY &amp; RELIGION<\/a><\/p>\n<p><a href=\"https:\/\/www.tandfonline.com\/loi\/hjpr20\" target=\"_blank\" rel=\"noopener noreferrer\">THE INTERNATIONAL JOURNAL FOR THE PSYCHOLOGY OF RELIGION<\/a><\/p>\n<p><a href=\"https:\/\/revistas.javeriana.edu.co\/index.php\/teoxaveriana\/index\" target=\"_blank\" rel=\"noopener noreferrer\">THEOLOGICA XAVERIANA<\/a><\/p>\n<p><a href=\"http:\/\/www.vibrant.org.br\/\" target=\"_blank\" rel=\"noopener noreferrer\">VIBRANT (FLORIAN\u00d3POLIS)<\/a><\/p>\n<p><a href=\"http:\/\/www.zygonjournal.org\/\" target=\"_blank\" rel=\"noopener noreferrer\">ZYGON (CHICAGO, ILL.)<\/a><\/p>\n<p>&nbsp;<\/p>\n<h3><strong>A2 (85 pontos)<\/strong><\/h3>\n<p><a href=\"https:\/\/www.fc.unesp.br\/#!\/ciedu\">CI\u00caNCIA &amp; EDUCA\u00c7\u00c3O<\/a><\/p>\n<p><a href=\"http:\/\/contextointernacional.iri.puc-rio.br\/cgi\/cgilua.exe\/sys\/start.htm?tpl=home\">CONTEXTO INTERNACIONAL (ON-LINE)<\/a><\/p>\n<p><a href=\"http:\/\/periodicos.est.edu.br\/\">ESTUDOS TEOL\u00d3GICOS<\/a><\/p>\n<p><a href=\"https:\/\/periodicos.ufsc.br\/index.php\/ethic\/\">ETHIC@ (UFSC)<\/a><\/p>\n<p><a href=\"https:\/\/www.journals.elsevier.com\/european-psychiatry\">EUROPEAN PSYCHIATRY (PARIS)<\/a><\/p>\n<p><a href=\"http:\/\/revistas.unisinos.br\/index.php\/filosofia\">FILOSOFIA UNISINOS<\/a><\/p>\n<p><a href=\"https:\/\/divinity.uchicago.edu\/history-religions\">HISTORY OF RELIGIONS<\/a><\/p>\n<p><a href=\"https:\/\/www.tandfonline.com\/loi\/wspi20\">JOURNAL OF SPIRITUALITY IN MENTAL HEALTH (ONLINE)<\/a><\/p>\n<p><a href=\"https:\/\/seer.ufrgs.br\/NauLiteraria\">NAU LITER\u00c1RIA<\/a><\/p>\n<p><a href=\"http:\/\/www2.pucpr.br\/reol\/pb\/index.php\/pistis\">PISTIS &amp; PRAXIS<\/a><\/p>\n<p><a href=\"http:\/\/revistaseletronicas.pucrs.br\/revistapsico\/ojs\/index.php\/revistapsico\">PSICO (PUCRS. ONLINE)<\/a><\/p>\n<p><a href=\"http:\/\/www.scielo.br\/scielo.php?script=sci_serial&amp;pid=1414-9893&amp;lng=en&amp;nrm=iso\">PSICOLOGIA: CI\u00caNCIA E PROFISS\u00c3O<\/a><\/p>\n<p><a href=\"http:\/\/revistas.pucsp.br\/index.php\/rever\">REVER &#8211; REVISTA DE ESTUDOS DE RELIGI\u00c3O<\/a><\/p>\n<p><a href=\"http:\/\/www.dhi.uem.br\/gtreligiao\/\">REVISTA BRASILEIRA DE HIST\u00d3RIA DAS RELIGI\u00d5ES<\/a><\/p>\n<p><a href=\"https:\/\/revistas.pucsp.br\/teoliteraria\">REVISTA BRASILEIRA DE LITERATURAS E TEOLOGIAS<\/a><\/p>\n<p><a href=\"http:\/\/www.revistas.usp.br\/ra\">REVISTA DE ANTROPOLOGIA<\/a><\/p>\n<p><a href=\"https:\/\/periodicos.pucpr.br\/index.php\/aurora\/about\/editorialTeam\">REVISTA DE FILOSOFIA AURORA<\/a><\/p>\n<p><a href=\"http:\/\/www.revistas.usp.br\/rdg\">REVISTA DO DEPARTAMENTO DE GEOGRAFIA<\/a><\/p>\n<p><a href=\"http:\/\/refe.paginas.ufsc.br\/\">REVISTA ESTUDOS FEMINISTAS<\/a><\/p>\n<p><a href=\"https:\/\/periodicos.pucpr.br\/index.php\/pistispraxis\">REVISTA PISTIS &amp; PRAXIS<\/a><\/p>\n<p><a href=\"https:\/\/www.rpf.pt\/\">REVISTA PORTUGUESA DE FILOSOFIA<\/a><\/p>\n<p><a href=\"https:\/\/uclouvain.be\/fr\/facultes\/theologie\/rtl.html\">REVUE TH\u00c9OLOGIQUE DE LOUVAIN<\/a><\/p>\n<p><a href=\"https:\/\/onlinelibrary.wiley.com\/journal\/14698676\">SOCIAL ANTHROPOLOGY<\/a><\/p>\n<p><a href=\"https:\/\/www.mdpi.com\/journal\/toxins\">TOXINS<\/a><\/p>\n<p><a href=\"http:\/\/revistaseletronicas.pucrs.br\/ojs\/index.php\/veritas\">VERITAS<\/a><\/p>\n<p>&nbsp;<\/p>\n<h3><strong>B1 (70 Pontos)<\/strong><\/h3>\n<p><a href=\"http:\/\/www.uel.br\/revistas\/uel\/index.php\/antiteses\">ANT\u00cdTESES (LONDRINA)<\/a><\/p>\n<p><a href=\"http:\/\/www.teo.puc-rio.br\/home\/?p=109\">ATUALIDADE TEOL\u00d3GICA (PUCRJ)<\/a><\/p>\n<p><a href=\"http:\/\/pepsic.bvsalud.org\/scielo.php?script=sci_serial&amp;pid=1677-0471&amp;lng=en\">AVALIA\u00c7\u00c3O PSICOL\u00d3GICA (ONLINE)<\/a><\/p>\n<p><a href=\"http:\/\/www.revistas.usp.br\/espinosanos\/\">CADERNOS ESPINOSANOS (USP)<\/a><\/p>\n<p><a href=\"http:\/\/seer.pucgoias.edu.br\/index.php\/caminhos\/index\">CAMINHOS (GOI\u00c2NIA. ONLINE)<\/a><\/p>\n<p><a href=\"https:\/\/seer.ufrgs.br\/CienciasSociaiseReligiao\">CIENCIAS SOCIALES Y RELIGI\u00d3N \/ CI\u00caNCIAS SOCIAIS E RELIGI\u00c3O<\/a><\/p>\n<p><a href=\"http:\/\/revistaseletronicas.pucrs.br\/ojs\/index.php\/civitas\">CIVITAS &#8211; REVISTA DE CI\u00caNCIAS SOCIAIS (ONLINE)<\/a><\/p>\n<p><a href=\"https:\/\/concilium.hymnsam.co.uk\/\">CONCILIUM<\/a><\/p>\n<p><a href=\"http:\/\/www.revistaculturayreligion.cl\/\">CULTURA Y RELIGI\u00d3N (EN L\u00cdNEA)<\/a><\/p>\n<p><a href=\"https:\/\/seer.ufrgs.br\/debatesdoner\">DEBATES DO NER<\/a><\/p>\n<p><a href=\"http:\/\/www.periodicos.uem.br\/ojs\/index.php\/Dialogos\">DI\u00c1LOGOS (MARINGA)<\/a><\/p>\n<p><a href=\"https:\/\/periodicos.ufpel.edu.br\/ojs2\/index.php\/dissertatio\">DISSERTATIO (UFPEL)<\/a><\/p>\n<p><a href=\"https:\/\/periodicos.fclar.unesp.br\/estudos\">ESTUDOS DE SOCIOLOGIA<\/a><\/p>\n<p><a href=\"https:\/\/www.student.universiteitleiden.nl\/en\/study--studying\/study\/study-facilities\/printing-and-copying\/leiden-university\/guest?cf=leiden-university&amp;cd=guest\">EXCHANGE (LEIDEN. PRINT)<\/a><\/p>\n<p><a href=\"https:\/\/www.revista.ueg.br\/index.php\/revista_geth\">EXPEDI\u00c7\u00d5ES: TEORIA DA HIST\u00d3RIA E HISTORIOGRAFIA<\/a><\/p>\n<p><a href=\"https:\/\/www.redalyc.org\/revista.oa?id=3435\">FRANCISCANUM &#8211; REVISTA DE LA CIENCIA DEL ESP\u00cdRITU<\/a><\/p>\n<p><a href=\"http:\/\/www.gragoata.uff.br\/index.php\/gragoata\">GRAGOAT\u00c1<\/a><\/p>\n<p><a href=\"http:\/\/periodicos.pucminas.br\/index.php\/interacoes\/index\">INTERA\u00c7\u00d5ES: CULTURA E COMUNIDADE (FACULDADE CAT\u00d3LICA DE UBERL\u00c2NDIA. IMPRESSO)<\/a><\/p>\n<p><a href=\"https:\/\/www.budrich-journals.de\/index.php\/ijar\">INTERNATIONAL JOURNAL OF ACTION RESEARCH<\/a><\/p>\n<p><a href=\"https:\/\/www.wiley.com\/en-us\/Modern+Theology-p-9780JRNL65676\">MODERN THEOLOGY (PRINT)<\/a><\/p>\n<p><a href=\"http:\/\/ojs2.ufjf.emnuvens.com.br\/numen\">NUMEN: REVISTA DE ESTUDOS E PESQUISA DA RELIGI\u00c3O<\/a><\/p>\n<p><a href=\"http:\/\/www.unicap.br\/ojs\/index.php\/paralellus\"><strong>PARALELLUS. REVISTA DE ESTUDOS DE RELIGI\u00c3O &#8211; UNICAP<\/strong><\/a><\/p>\n<p><a href=\"http:\/\/www.abhr.org.br\/plura\/ojs\/index.php\/plura\/index\" target=\"_blank\" rel=\"noopener noreferrer\">PLURA, REVISTA DE ESTUDOS DE RELIGI\u00c3O<\/a><\/p>\n<p><a href=\"https:\/\/journals.openedition.org\/polis\/\">POLIS (SANTIAGO. EN L\u00cdNEA)<\/a><\/p>\n<p><a href=\"https:\/\/www.equinoxpub.com\/home\/journals\/pom\/\">POMEGRANATE<\/a><\/p>\n<p><a href=\"https:\/\/periodicos.ufrn.br\/principios\">PRINCIPIOS<\/a><\/p>\n<p><a href=\"http:\/\/revistas.pucsp.br\/revph\">PROJETO HIST\u00d3RIA. REVISTA DO PROGRAMA DE ESTUDOS P\u00d3S-GRADUADOS DE HIST\u00d3RIA<\/a><\/p>\n<p><a href=\"https:\/\/seer.ufs.br\/index.php\/prometeus\">PROMETEUS FILOSOFIA EM REVISTA<\/a><\/p>\n<p><a href=\"http:\/\/revista.faculdadeunida.com.br\/index.php\/reflexus\/index\">REFLEXUS: REVISTA SEMESTRAL DE TEOLOGIA E CI\u00caNCIAS DAS RELIGI\u00d5ES<\/a><\/p>\n<p><a href=\"https:\/\/periodicos.ufpe.br\/revistas\/revistaanthropologicas\">REVISTA ANTHROPOL\u00d3GICAS<\/a><\/p>\n<p><a href=\"http:\/\/seer.pucgoias.edu.br\/index.php\/caminhos\/index\">REVISTA CAMINHOS<\/a><\/p>\n<p><a href=\"https:\/\/journals.openedition.org\/rccs\/\">REVISTA CR\u00cdTICA DE CI\u00caNCIAS SOCIAIS<\/a><\/p>\n<p><a href=\"http:\/\/www.ee.usp.br\/site\/Index.php\/paginas\/mostrar\/1419\/2094\/147\">REVISTA DA ESCOLA DE ENFERMAGEM DA USP<\/a><\/p>\n<p><a href=\"https:\/\/revistas.pucsp.br\/culturateo\">REVISTA DE CULTURA TEOL\u00d3GICA<\/a><\/p>\n<p><a href=\"https:\/\/revistas.ucr.ac.cr\/index.php\/rehmlac\">REVISTA DE ESTUDIOS HIST\u00d3RICOS DE LA MASONER\u00cdA LATINOAMERICANA Y CARIBE\u00d1A<\/a><\/p>\n<p><a href=\"http:\/\/www.revistas.fflch.usp.br\/anphlac\/index\">REVISTA ELETR\u00d4NICA DA ANPHLAC<\/a><\/p>\n<p><a href=\"http:\/\/rlae.eerp.usp.br\/\">REVISTA LATINO-AMERICANA DE ENFERMAGEM (USP &#8211; RIBEIR\u00c3O PRETO)<\/a><\/p>\n<p><a href=\"http:\/\/www.periodicos.ufpb.br\/ojs2\/index.php\/srh\/index\">SAECULUM: REVISTA DE HIST\u00d3RIA<\/a><\/p>\n<p><a href=\"https:\/\/link.springer.com\/journal\/12592\">SOZIALE PASSAGEN (PRINT)<\/a><\/p>\n<p><a href=\"https:\/\/poj.peeters-leuven.be\/content.php?url=journal&amp;journal_code=SID\">STUDIES IN INTERRELIGIOUS DIALOGUE<\/a><\/p>\n<p><a href=\"http:\/\/www.ppghis.com\/territorios&amp;fronteiras\/index.php\/v03n02\">TERRIT\u00d3RIOS E FRONTEIRAS<\/a><\/p>\n<p><a href=\"https:\/\/academic.oup.com\/jhs\">THE JOURNAL OF HINDU STUDIES (PRINT)<\/a><\/p>\n<p><a href=\"http:\/\/www.thlz.com\/\">THEOLOGISCHE LITERATURZEITUNG<\/a><\/p>\n<p><a href=\"https:\/\/journals.openedition.org\/zjr\/\">ZFR. ZEITSCHRIFT FUR RELIGIONSWISSENSCHAFT<\/a><\/p>\n","protected":false},"excerpt":{"rendered":"<p>Revistas A1, A2 e B1 da \u00c1rea de Ci\u00eancias da Religi\u00e3o e Teologia\u00a0\u00a0 A1 (100 pontos) BRITISH JOURNAL OF RELIGIOUS EDUCATION ESTUDOS DE RELIGI\u00c3O Metodista SP ESTUDOS HIST\u00d3RICOS FREIBURGER ZEITSCHRIFT [&hellip;]<\/p>\n","protected":false},"author":3,"featured_media":0,"parent":150,"menu_order":3,"comment_status":"closed","ping_status":"closed","template":"","meta":{"spay_email":"","footnotes":""},"class_list":["post-2210","page","type-page","status-publish","hentry"],"jetpack_shortlink":"https:\/\/wp.me\/P7qXzA-zE","jetpack-related-posts":[{"id":2,"url":"https:\/\/www1.unicap.br\/estudosreligiao\/pagina-exemplo\/","url_meta":{"origin":2210,"position":0},"title":"Apresenta\u00e7\u00e3o","date":"28 de mar\u00e7o de 2016","format":false,"excerpt":"Ol\u00e1! Este espa\u00e7o quer ser um lugar de converg\u00eancia para os estudos de religi\u00e3o na Universidade Cat\u00f3lica de Pernambuco. Reunimos aqui os servi\u00e7os educativos que a UNICAP oferece nessa \u00e1rea de teologia e ci\u00eancias da religi\u00e3o, em termos de pesquisa, aprendizagem e extens\u00e3o. Imaginamos um bloco fixo com os links\u2026","rel":"","context":"Post similar","img":{"alt_text":"","src":"https:\/\/i0.wp.com\/www1.unicap.br\/estudosreligiao\/wp-content\/uploads\/2016\/03\/DSC_5423-e1459558733229.jpg?fit=350%2C232&ssl=1&resize=350%2C200","width":350,"height":200},"classes":[]},{"id":798,"url":"https:\/\/www1.unicap.br\/estudosreligiao\/mapa-do-site\/","url_meta":{"origin":2210,"position":1},"title":"Mapa do Site","date":"7 de mar\u00e7o de 2017","format":false,"excerpt":"In\u00edcio Apresenta\u00e7\u00e3o Gradua\u00e7\u00e3o Teologia Ci\u00eancias da Religi\u00e3o EaD P\u00f3s-gradua\u00e7\u00e3o Teologia Mestrado Especializa\u00e7\u00e3o Grupo de Pesquisa Cristianismo e interpreta\u00e7\u00f5es Ci\u00eancias da Religi\u00e3o Doutorado Mestrado Grupos de Pesquisa Espiritualidades Pluralidade e Di\u00e1logo Estudos Transdisciplinares em Hist\u00f3ria Religi\u00f5es Identidades e Di\u00e1logos Extens\u00e3o Humanitas Observat\u00f3rio Cursos A Espiritualidade de Jesus Teologia Espiritual Igreja e\u2026","rel":"","context":"Post similar","img":{"alt_text":"","src":"","width":0,"height":0},"classes":[]},{"id":6,"url":"https:\/\/www1.unicap.br\/estudosreligiao\/graduacao\/","url_meta":{"origin":2210,"position":2},"title":"Gradua\u00e7\u00e3o","date":"29 de mar\u00e7o de 2016","format":false,"excerpt":"TEOLOGIA O Curso de Bacharelado em Teologia da UNICAP tem, como objetivo principal, a forma\u00e7\u00e3o teol\u00f3gica seja em vista do exerc\u00edcio da atividade pastoral, seja em vista da forma\u00e7\u00e3o intelectual integral. O curso visa o aprofundamento da intelig\u00eancia da f\u00e9 crist\u00e3, para que se possa dar as pr\u00f3prias raz\u00f5es de\u2026","rel":"","context":"Post similar","img":{"alt_text":"","src":"https:\/\/i0.wp.com\/www1.unicap.br\/estudosreligiao\/wp-content\/uploads\/2016\/04\/Missa-de-Teologia-DEZEMBRO__18-300x200.jpg?resize=350%2C200&ssl=1","width":350,"height":200},"classes":[]},{"id":150,"url":"https:\/\/www1.unicap.br\/estudosreligiao\/extensao-2\/","url_meta":{"origin":2210,"position":3},"title":"Publica\u00e7\u00f5es","date":"7 de abril de 2016","format":false,"excerpt":"REVISTAS Revista de Teologia e Ci\u00eancias da Religi\u00e3o Nossa Revista de Teologia e Ci\u00eancias da Religi\u00e3o da UNICAP, ISSN online 2237-907X, que existe desde 2002, quis ampliar os seus horizontes de di\u00e1logo com a comunidade acad\u00eamica e passou para uma vers\u00e3o completamente on-line. Nessa nova fase, a revista \u00e9 de\u2026","rel":"","context":"Post similar","img":{"alt_text":"","src":"","width":0,"height":0},"classes":[]},{"id":4,"url":"https:\/\/www1.unicap.br\/estudosreligiao\/home\/","url_meta":{"origin":2210,"position":4},"title":"P\u00f3s-Gradua\u00e7\u00e3o","date":"29 de mar\u00e7o de 2016","format":false,"excerpt":"\u00a0 DOUTORADO EM CI\u00caNCIAS DA RELIGI\u00c3O O nosso Programa promove pesquisas sobre as religi\u00f5es nos seus contextos hist\u00f3rico, social e cultural. Recorre ao instrumental te\u00f3rico fornecido pelas ci\u00eancias, sobretudo humanas, para de forma interdisciplinar desenvolver interpreta\u00e7\u00f5es das diferentes manifesta\u00e7\u00f5es de religiosidade, na sua rela\u00e7\u00e3o com a cultura e a sociedade.\u2026","rel":"","context":"Post similar","img":{"alt_text":"","src":"https:\/\/i0.wp.com\/www1.unicap.br\/estudosreligiao\/wp-content\/uploads\/2016\/04\/transdisciplinaridade-cincias-da-religio-e-ensino-religioso-12-638-300x225.jpg?resize=350%2C200&ssl=1","width":350,"height":200},"classes":[]},{"id":10,"url":"https:\/\/www1.unicap.br\/estudosreligiao\/extensao\/","url_meta":{"origin":2210,"position":5},"title":"Extens\u00e3o","date":"29 de mar\u00e7o de 2016","format":false,"excerpt":"Humanitas O Instituto Humanitas Unicap tem como objetivo principal estabelecer um espa\u00e7o de reflex\u00e3o nas fronteiras do conhecimento e ser um canal aberto no di\u00e1logo com a cultura e a sociedade. Ele deseja associar-se a uma concep\u00e7\u00e3o de educa\u00e7\u00e3o segundo a qual a miss\u00e3o da universidade compreende tr\u00eas n\u00edveis intimamente\u2026","rel":"","context":"Post similar","img":{"alt_text":"","src":"","width":0,"height":0},"classes":[]}],"_links":{"self":[{"href":"https:\/\/www1.unicap.br\/estudosreligiao\/wp-json\/wp\/v2\/pages\/2210"}],"collection":[{"href":"https:\/\/www1.unicap.br\/estudosreligiao\/wp-json\/wp\/v2\/pages"}],"about":[{"href":"https:\/\/www1.unicap.br\/estudosreligiao\/wp-json\/wp\/v2\/types\/page"}],"author":[{"embeddable":true,"href":"https:\/\/www1.unicap.br\/estudosreligiao\/wp-json\/wp\/v2\/users\/3"}],"replies":[{"embeddable":true,"href":"https:\/\/www1.unicap.br\/estudosreligiao\/wp-json\/wp\/v2\/comments?post=2210"}],"version-history":[{"count":1,"href":"https:\/\/www1.unicap.br\/estudosreligiao\/wp-json\/wp\/v2\/pages\/2210\/revisions"}],"predecessor-version":[{"id":2211,"href":"https:\/\/www1.unicap.br\/estudosreligiao\/wp-json\/wp\/v2\/pages\/2210\/revisions\/2211"}],"up":[{"embeddable":true,"href":"https:\/\/www1.unicap.br\/estudosreligiao\/wp-json\/wp\/v2\/pages\/150"}],"wp:attachment":[{"href":"https:\/\/www1.unicap.br\/estudosreligiao\/wp-json\/wp\/v2\/media?parent=2210"}],"curies":[{"name":"wp","href":"https:\/\/api.w.org\/{rel}","templated":true}]}}