{"id":481,"date":"2018-04-23T16:02:37","date_gmt":"2018-04-23T19:02:37","guid":{"rendered":"https:\/\/www1.unicap.br\/comblin\/?page_id=481"},"modified":"2018-10-24T17:08:23","modified_gmt":"2018-10-24T20:08:23","slug":"grupos-de-pesquisa","status":"publish","type":"page","link":"https:\/\/www1.unicap.br\/comblin\/pesquisa\/grupos-de-pesquisa\/","title":{"rendered":"Grupos de Pesquisa"},"content":{"rendered":"<ul>\n<li>Universidade Cat\u00f3lica de Pernambuco (UNICAP) | <a href=\"https:\/\/www1.unicap.br\/comblin\/\">Grupo de Pesquisa Jos\u00e9 Comblin<\/a> |\u00a0Respons\u00e1vel: Prof\u00aa. Dr\u00aa. Alzirinha Souza<\/li>\n<li>Pontif\u00edcia Universidade Cat\u00f3lica de S\u00e3o Paulo (PUC-SP) | <a href=\"https:\/\/gpjcblog.wordpress.com\/\" target=\"_blank\" rel=\"noopener\">Grupo de Pesquisa Jos\u00e9 Comblin<\/a> | Respons\u00e1vel: Prof. Dr. Edelcio Ottaviani<\/li>\n<li>Universidade Federal da Para\u00edba (UFPB) | Grupo de Pesquisa Jos\u00e9 Comblin | Respons\u00e1vel: Prof. Dr. Alder Calado<\/li>\n<\/ul>\n<h3>Conhe\u00e7a mais sobre a Pesquisa<\/h3>\n<p>| <a href=\"https:\/\/www1.unicap.br\/comblin\/pesquisa\/\">Pesquisa<\/a><br \/>\n| <a href=\"https:\/\/www1.unicap.br\/comblin\/pesquisa\/em-andamento\/\">Pesquisa em andamento<\/a><br \/>\n|\u00a0<a href=\"https:\/\/www1.unicap.br\/comblin\/pesquisa\/concluida\/\">Pesquisa conclu\u00edda<\/a><br \/>\n<a href=\"https:\/\/www1.unicap.br\/comblin\/\" target=\"_blank\" rel=\"noopener\">| P\u00e1gina Inicial<\/a><\/p>\n","protected":false},"excerpt":{"rendered":"<p>Universidade Cat\u00f3lica de Pernambuco (UNICAP) | Grupo de Pesquisa Jos\u00e9 Comblin |\u00a0Respons\u00e1vel: Prof\u00aa. Dr\u00aa. Alzirinha Souza Pontif\u00edcia Universidade Cat\u00f3lica de S\u00e3o Paulo (PUC-SP) | Grupo de Pesquisa Jos\u00e9 Comblin | Respons\u00e1vel: Prof. Dr. Edelcio Ottaviani Universidade Federal da Para\u00edba (UFPB) | Grupo de Pesquisa Jos\u00e9 Comblin | Respons\u00e1vel: Prof. Dr. Alder Calado Conhe\u00e7a mais sobre&hellip;<\/p>\n","protected":false},"author":5,"featured_media":0,"parent":329,"menu_order":0,"comment_status":"closed","ping_status":"closed","template":"","meta":{"jetpack_post_was_ever_published":false,"footnotes":""},"class_list":["post-481","page","type-page","status-publish","hentry"],"jetpack_sharing_enabled":true,"jetpack_shortlink":"https:\/\/wp.me\/P9QheL-7L","_links":{"self":[{"href":"https:\/\/www1.unicap.br\/comblin\/wp-json\/wp\/v2\/pages\/481"}],"collection":[{"href":"https:\/\/www1.unicap.br\/comblin\/wp-json\/wp\/v2\/pages"}],"about":[{"href":"https:\/\/www1.unicap.br\/comblin\/wp-json\/wp\/v2\/types\/page"}],"author":[{"embeddable":true,"href":"https:\/\/www1.unicap.br\/comblin\/wp-json\/wp\/v2\/users\/5"}],"replies":[{"embeddable":true,"href":"https:\/\/www1.unicap.br\/comblin\/wp-json\/wp\/v2\/comments?post=481"}],"version-history":[{"count":8,"href":"https:\/\/www1.unicap.br\/comblin\/wp-json\/wp\/v2\/pages\/481\/revisions"}],"predecessor-version":[{"id":848,"href":"https:\/\/www1.unicap.br\/comblin\/wp-json\/wp\/v2\/pages\/481\/revisions\/848"}],"up":[{"embeddable":true,"href":"https:\/\/www1.unicap.br\/comblin\/wp-json\/wp\/v2\/pages\/329"}],"wp:attachment":[{"href":"https:\/\/www1.unicap.br\/comblin\/wp-json\/wp\/v2\/media?parent=481"}],"curies":[{"name":"wp","href":"https:\/\/api.w.org\/{rel}","templated":true}]}}