{"id":476,"date":"2018-04-23T15:53:42","date_gmt":"2018-04-23T18:53:42","guid":{"rendered":"https:\/\/www1.unicap.br\/comblin\/?page_id=476"},"modified":"2018-10-24T17:06:42","modified_gmt":"2018-10-24T20:06:42","slug":"concluida","status":"publish","type":"page","link":"https:\/\/www1.unicap.br\/comblin\/pesquisa\/concluida\/","title":{"rendered":"Conclu\u00edda"},"content":{"rendered":"<h3><strong>Doutorado<\/strong><\/h3>\n<ul>\n<li>Pedagogia de Evangeliza\u00e7\u00e3o para a cidade hoje &#8211;<strong>\u00a0<\/strong>Fl\u00e1vio Fernando de Souza \u2013 (PUC-PR) |\u00a0Defesa realizada: mar\u00e7o 2018<\/li>\n<li>A identidade do disc\u00edpulo e mission\u00e1rio de Jesus e suas implica\u00e7\u00f5es para uma par\u00f3quia mission\u00e1ria de comunidades no Brasil. Considera\u00e7\u00f5es a partir da Teologia da Miss\u00e3o em Jos\u00e9 Comblin &#8211; Gelson Luiz Mikuszka (FAJE BH) |\u00a0Defesa realizada: 2016<\/li>\n<li>Comunidade segundo o Esp\u00edrito: fraternidade e liberta\u00e7\u00e3o. Uma aproxima\u00e7\u00e3o pneumatol\u00f3gica entre entre Francisco de Assis e Jos\u00e9 Comblin &#8211; Carlos Roberto de Oliveira Charles (PUC-Rio) |\u00a0Defesa realizada: 2015<\/li>\n<li>El an\u00e1lisis de la desconexi\u00f3n de sentido entre la esperanza y la acci\u00f3n humana a partir de la obra de Jos\u00e9 Comblin &#8211; Alzirinha Rocha de Souza (UCLouvain) |\u00a0Defesa realizada: 2014<\/li>\n<li>Padre Jos\u00e9 Comblin e a ditadura militar: religi\u00e3o, discurso e pr\u00e1ticas crist\u00e3s nos anos de chumbo &#8211; Marcos Roberto Brito dos Santos (UFBA \u2013 Faculdade de Hist\u00f3ria) |\u00a0Defesa realizada: 2014<\/li>\n<li>Le Coll\u00e8ge pour l\u2019Am\u00e9rique latine de Louvain et son ancrage au Br\u00e9sil : outil d\u2019un projet d\u2019\u00c9glise, 1953-1983 &#8211; Caroline Sappia (UCLouvain \u2013 Faculdade de Hist\u00f3ria) |\u00a0Defesa realizada: 2013<\/li>\n<\/ul>\n<h3><strong>Mestrado<\/strong><\/h3>\n<ul>\n<li>Liberdade crist\u00e3 \u00e0 luz da teologia da liberta\u00e7\u00e3o de Jos\u00e9 Comblin &#8211; Carlos Domingos Cardoso (FAJE-MG) | Defesa realizada: 2017.<\/li>\n<li>Os desafios do cristianismo nas cidades: a perspectiva de Jos\u00e9 Comblin &#8211; Jefferson Grij\u00f3 (Faculdade Unida de Vit\u00f3ria -ES) | Defesa realizada: 2016.<\/li>\n<li>O movimento Mucker \u00e0 luz do Cristianismo Primitivo na interpreta\u00e7\u00e3o de Reinaldo Fabris e Jos\u00e9 Comblin &#8211; Maria de Lourdes Zanon (PUC-RS) |\u00a0Defesa realizada: 2013.<\/li>\n<li>A busca da verdade no exerc\u00edcio da liberdade: especificidades,dificuldades e espiritualidade do te\u00f3logo contempor\u00e2neo &#8211; Edelcio Serafim Ottaviani (PUC-SP) |\u00a0Defesa realizada: 2012.<\/li>\n<li>De relatie tussen vrede en revolutie bij Joseph Comblin (A rela\u00e7\u00e3o entre a Paz e revolu\u00e7\u00e3o em Jos\u00e9 Comblin) &#8211; Bianca Maertens (KULeuven) |\u00a0Defesa realizada: 2012.<\/li>\n<li>Convers\u00e3o e Justi\u00e7a Social em Jos\u00e9 Comblin &#8211; Paulo Capelleti (Metodista &#8211; SP) |\u00a0Defesa realizada: 2012.<\/li>\n<li>A arte da educa\u00e7\u00e3o popular e o processo de liberta\u00e7\u00e3o no pensamento em Comblin &#8211; Adriana Thom\u00e9 (Metodista &#8211; SP) |\u00a0Defesa realizada: 2012.<\/li>\n<li>Religiosidade e Teologia popular \u00e0 luz de Jos\u00e9 Comblin &#8211; Cicero Edvan Magalh\u00e3es (FAJE-BH) |\u00a0Defesa realizada: 2012.<\/li>\n<li>Pastoral Urbana: uma abordagem a partir da obra do te\u00f3logo Joseph Comblin &#8211; Paulo C\u00e9sar Pereira (UNICAP) |\u00a0Defesa realizada: 2011.<\/li>\n<li>Manifesta\u00e7\u00f5es do Esp\u00edrito Libertador no Continente da Esperan\u00e7a: uma perspectiva de Jos\u00e9 Comblin &#8211; Carlos Roberto de Oliveira Charles (PUC-Rio) |\u00a0Defesa realizada: 2011.<\/li>\n<li>F\u00e9 Crist\u00e3 e compromisso social hoje: um di\u00e1logo com o pensamento de Jos\u00e9 Comblin &#8211; Edilene da Silva Dias (Metodista &#8211; SP) |\u00a0Defesa realizada: 2007.<\/li>\n<li>Igreja: comunh\u00e3o ou povo de Deus? Estudo comparativo entre as Eclesiologias de Antonio Acerbi e Jos\u00e9 Comblin na perspectiva sacramental da Igreja &#8211; Ricardo Fontana (PUC-RS) |\u00a0Defesa realizada: 2007.<\/li>\n<li>Os mission\u00e1rios do campo e a caminhada dos pobres no Nordeste<strong> &#8211;\u00a0<\/strong>Marcos Roberto Brito dos Santos (UFBA \u2013 Faculdade de Hist\u00f3ria) |\u00a0Defesa realizada: 2007<\/li>\n<\/ul>\n<h3>Conhe\u00e7a mais sobre a Pesquisa<\/h3>\n<p>| <a href=\"https:\/\/www1.unicap.br\/comblin\/pesquisa\/em-andamento\/\">Pesquisa em andamento<\/a><br \/>\n|\u00a0<a href=\"https:\/\/www1.unicap.br\/comblin\/pesquisa\/grupos-de-pesquisa\/\">Grupos de Pesquisa<\/a><br \/>\n<a href=\"https:\/\/www1.unicap.br\/comblin\/\" target=\"_blank\" rel=\"noopener\">| P\u00e1gina Inicial<\/a><\/p>\n","protected":false},"excerpt":{"rendered":"<p>Doutorado Pedagogia de Evangeliza\u00e7\u00e3o para a cidade hoje &#8211;\u00a0Fl\u00e1vio Fernando de Souza \u2013 (PUC-PR) |\u00a0Defesa realizada: mar\u00e7o 2018 A identidade do disc\u00edpulo e mission\u00e1rio de Jesus e suas implica\u00e7\u00f5es para uma par\u00f3quia mission\u00e1ria de comunidades no Brasil. Considera\u00e7\u00f5es a partir da Teologia da Miss\u00e3o em Jos\u00e9 Comblin &#8211; Gelson Luiz Mikuszka (FAJE BH) |\u00a0Defesa realizada:&hellip;<\/p>\n","protected":false},"author":5,"featured_media":0,"parent":329,"menu_order":0,"comment_status":"closed","ping_status":"closed","template":"","meta":{"jetpack_post_was_ever_published":false,"footnotes":""},"class_list":["post-476","page","type-page","status-publish","hentry"],"jetpack_sharing_enabled":true,"jetpack_shortlink":"https:\/\/wp.me\/P9QheL-7G","_links":{"self":[{"href":"https:\/\/www1.unicap.br\/comblin\/wp-json\/wp\/v2\/pages\/476"}],"collection":[{"href":"https:\/\/www1.unicap.br\/comblin\/wp-json\/wp\/v2\/pages"}],"about":[{"href":"https:\/\/www1.unicap.br\/comblin\/wp-json\/wp\/v2\/types\/page"}],"author":[{"embeddable":true,"href":"https:\/\/www1.unicap.br\/comblin\/wp-json\/wp\/v2\/users\/5"}],"replies":[{"embeddable":true,"href":"https:\/\/www1.unicap.br\/comblin\/wp-json\/wp\/v2\/comments?post=476"}],"version-history":[{"count":6,"href":"https:\/\/www1.unicap.br\/comblin\/wp-json\/wp\/v2\/pages\/476\/revisions"}],"predecessor-version":[{"id":847,"href":"https:\/\/www1.unicap.br\/comblin\/wp-json\/wp\/v2\/pages\/476\/revisions\/847"}],"up":[{"embeddable":true,"href":"https:\/\/www1.unicap.br\/comblin\/wp-json\/wp\/v2\/pages\/329"}],"wp:attachment":[{"href":"https:\/\/www1.unicap.br\/comblin\/wp-json\/wp\/v2\/media?parent=476"}],"curies":[{"name":"wp","href":"https:\/\/api.w.org\/{rel}","templated":true}]}}