{"id":474,"date":"2018-04-23T15:39:59","date_gmt":"2018-04-23T18:39:59","guid":{"rendered":"https:\/\/www1.unicap.br\/comblin\/?page_id=474"},"modified":"2018-10-24T17:04:47","modified_gmt":"2018-10-24T20:04:47","slug":"em-andamento","status":"publish","type":"page","link":"https:\/\/www1.unicap.br\/comblin\/pesquisa\/em-andamento\/","title":{"rendered":"Em Andamento"},"content":{"rendered":"<h3>Doutorado<\/h3>\n<ul>\n<li>A miss\u00e3o, as cidades e os pentecostais: um estudo a partir do pensamento de Jos\u00e9 Com<br \/>\nblin &#8211;\u00a0Jefferson Grij\u00f3 (PUC-Rio)<\/li>\n<li>As sand\u00e1lias do profeta: a representa\u00e7\u00e3o de sentido de Jos\u00e9 Comblin e sua contribui\u00e7\u00e3o para a Igreja dos pobres na Para\u00edba &#8211; Elenilson Delmiro dos Santos (UFPB)<\/li>\n<\/ul>\n<h3>Mestrado<\/h3>\n<ul>\n<li>A cr\u00edtica ao messianismo na Teologia de Jos\u00e9 Comblin &#8211;<strong>\u00a0<\/strong>Jeferson Felipe Gomes da Silva Cruz (FAJE-MG)<\/li>\n<li>Vida Crist\u00e3 na Cidade: perspectivas de Comblin e Lib\u00e2nio<strong> &#8211;\u00a0<\/strong>Jos\u00e9 Almir da Costa \u2013 (FAJE-MG)<\/li>\n<\/ul>\n<h3>Conhe\u00e7a mais sobre a Pesquisa<\/h3>\n<p>|\u00a0<a href=\"https:\/\/www1.unicap.br\/comblin\/pesquisa\/concluida\/\">Pesquisa conclu\u00edda<\/a><br \/>\n|\u00a0<a href=\"https:\/\/www1.unicap.br\/comblin\/pesquisa\/grupos-de-pesquisa\/\">Grupos de Pesquisa<\/a><br \/>\n<a href=\"https:\/\/www1.unicap.br\/comblin\/\" target=\"_blank\" rel=\"noopener\">| P\u00e1gina Inicial<\/a><\/p>\n","protected":false},"excerpt":{"rendered":"<p>Doutorado A miss\u00e3o, as cidades e os pentecostais: um estudo a partir do pensamento de Jos\u00e9 Com blin &#8211;\u00a0Jefferson Grij\u00f3 (PUC-Rio) As sand\u00e1lias do profeta: a representa\u00e7\u00e3o de sentido de Jos\u00e9 Comblin e sua contribui\u00e7\u00e3o para a Igreja dos pobres na Para\u00edba &#8211; Elenilson Delmiro dos Santos (UFPB) Mestrado A cr\u00edtica ao messianismo na Teologia&hellip;<\/p>\n","protected":false},"author":5,"featured_media":0,"parent":329,"menu_order":0,"comment_status":"closed","ping_status":"closed","template":"","meta":{"jetpack_post_was_ever_published":false,"footnotes":""},"class_list":["post-474","page","type-page","status-publish","hentry"],"jetpack_sharing_enabled":true,"jetpack_shortlink":"https:\/\/wp.me\/P9QheL-7E","_links":{"self":[{"href":"https:\/\/www1.unicap.br\/comblin\/wp-json\/wp\/v2\/pages\/474"}],"collection":[{"href":"https:\/\/www1.unicap.br\/comblin\/wp-json\/wp\/v2\/pages"}],"about":[{"href":"https:\/\/www1.unicap.br\/comblin\/wp-json\/wp\/v2\/types\/page"}],"author":[{"embeddable":true,"href":"https:\/\/www1.unicap.br\/comblin\/wp-json\/wp\/v2\/users\/5"}],"replies":[{"embeddable":true,"href":"https:\/\/www1.unicap.br\/comblin\/wp-json\/wp\/v2\/comments?post=474"}],"version-history":[{"count":8,"href":"https:\/\/www1.unicap.br\/comblin\/wp-json\/wp\/v2\/pages\/474\/revisions"}],"predecessor-version":[{"id":846,"href":"https:\/\/www1.unicap.br\/comblin\/wp-json\/wp\/v2\/pages\/474\/revisions\/846"}],"up":[{"embeddable":true,"href":"https:\/\/www1.unicap.br\/comblin\/wp-json\/wp\/v2\/pages\/329"}],"wp:attachment":[{"href":"https:\/\/www1.unicap.br\/comblin\/wp-json\/wp\/v2\/media?parent=474"}],"curies":[{"name":"wp","href":"https:\/\/api.w.org\/{rel}","templated":true}]}}