{"id":437,"date":"2018-04-23T14:28:54","date_gmt":"2018-04-23T17:28:54","guid":{"rendered":"https:\/\/www1.unicap.br\/comblin\/?page_id=437"},"modified":"2018-10-24T15:25:30","modified_gmt":"2018-10-24T18:25:30","slug":"apresentacao","status":"publish","type":"page","link":"https:\/\/www1.unicap.br\/comblin\/sobre\/apresentacao\/","title":{"rendered":"Apresenta\u00e7\u00e3o"},"content":{"rendered":"<p>H\u00e1 duas maneiras de fazer a hist\u00f3ria. A primeira delas \u00e9 deixando-a morrer pelo esquecimento. A segunda \u00e9 fazendo mem\u00f3ria, atualizando-a para o tempo presente com seus acontecimentos e pensadores. O Centro de Pesquisa e Documenta\u00e7\u00e3o Jos\u00e9 Comblin, inserido na segunda perspectiva, tem por objetivo reunir pesquisadores e interessados na obra de Comblin, visando ao avan\u00e7o e \u00e0 reflex\u00e3o de seu pensamento de maneira cr\u00edtica. A partir da perspectiva ecum\u00eanica, o Centro Comblin quer se constituir como espa\u00e7o de integra\u00e7\u00e3o daqueles que desejam fazer mem\u00f3ria e aprofundar sua reflex\u00e3o teol\u00f3gica, t\u00e3o atual e pertinente ao contexto latino-americano. A realiza\u00e7\u00e3o dessa mem\u00f3ria se dar\u00e1 mediante a cust\u00f3dia de seus documentos pessoais, pelos quais passa a hist\u00f3ria da Igreja latino-americana e da Europa, e tamb\u00e9m pela reuni\u00e3o de pesquisadores nacionais e internacionais, que se dedicam \u00e0 descoberta de novas perspectivas de seu pensamento. Nesse sentido, o Centro Comblin ser\u00e1 igualmente polo de troca de experi\u00eancias e pesquisas de diferentes estudos, o que nos \u00e9 permitido pela amplitude de sua obra e pela destreza com que o autor trata de diferentes temas de forma contextualizada e vision\u00e1ria.<\/p>\n<p>Como colaborar para que as novas gera\u00e7\u00f5es possam acessar o percurso intelectual de Comblin e se deixar sensibilizar pelo seu engajamento e pelas suas causas?<\/p>\n<p>O primeiro passo foi dado por Comblin mesmo, quando decidiu, em 2009, partilhar com a Universidade Cat\u00f3lica de Pernambuco (UNICAP) a doa\u00e7\u00e3o do acervo de sua biblioteca pessoal, que inclui obras de terceiros e publica\u00e7\u00f5es pessoais. Esse gesto indicava claramente o desejo de continuidade e a valoriza\u00e7\u00e3o da pesquisa e de seu\u00a0<em>m\u00e9tier<\/em>. O segundo passo est\u00e1 dando a Universidade Cat\u00f3lica de Pernambuco, na constru\u00e7\u00e3o deste Centro de Pesquisas e Documenta\u00e7\u00e3o Jos\u00e9 Comblin. Seja bem-vindo!<\/p>\n<h3>Mais sobre quem somos<\/h3>\n<p><a href=\"https:\/\/www1.unicap.br\/comblin\/sobre\/historico\/\">| Hist\u00f3rico<\/a><br \/>\n<a href=\"https:\/\/www1.unicap.br\/comblin\/sobre\/perspectiva-academica\/\">| Perspectiva acad\u00eamica<\/a><br \/>\n<a href=\"https:\/\/www1.unicap.br\/comblin\/sobre\/atividades-e-servicos\/\">| Atividades e servi\u00e7os<\/a><br \/>\n<a href=\"https:\/\/www1.unicap.br\/comblin\/sobre\/equipe\/\">| Equipe<\/a><br \/>\n<a href=\"https:\/\/www1.unicap.br\/comblin\/\" rel=\"noopener\">| P\u00e1gina Inicial<\/a><\/p>\n","protected":false},"excerpt":{"rendered":"<p>H\u00e1 duas maneiras de fazer a hist\u00f3ria. A primeira delas \u00e9 deixando-a morrer pelo esquecimento. A segunda \u00e9 fazendo mem\u00f3ria, atualizando-a para o tempo presente com seus acontecimentos e pensadores. O Centro de Pesquisa e Documenta\u00e7\u00e3o Jos\u00e9 Comblin, inserido na segunda perspectiva, tem por objetivo reunir pesquisadores e interessados na obra de Comblin, visando ao&hellip;<\/p>\n","protected":false},"author":5,"featured_media":0,"parent":327,"menu_order":0,"comment_status":"closed","ping_status":"closed","template":"","meta":{"jetpack_post_was_ever_published":false,"footnotes":""},"class_list":["post-437","page","type-page","status-publish","hentry"],"jetpack_sharing_enabled":true,"jetpack_shortlink":"https:\/\/wp.me\/P9QheL-73","_links":{"self":[{"href":"https:\/\/www1.unicap.br\/comblin\/wp-json\/wp\/v2\/pages\/437"}],"collection":[{"href":"https:\/\/www1.unicap.br\/comblin\/wp-json\/wp\/v2\/pages"}],"about":[{"href":"https:\/\/www1.unicap.br\/comblin\/wp-json\/wp\/v2\/types\/page"}],"author":[{"embeddable":true,"href":"https:\/\/www1.unicap.br\/comblin\/wp-json\/wp\/v2\/users\/5"}],"replies":[{"embeddable":true,"href":"https:\/\/www1.unicap.br\/comblin\/wp-json\/wp\/v2\/comments?post=437"}],"version-history":[{"count":5,"href":"https:\/\/www1.unicap.br\/comblin\/wp-json\/wp\/v2\/pages\/437\/revisions"}],"predecessor-version":[{"id":830,"href":"https:\/\/www1.unicap.br\/comblin\/wp-json\/wp\/v2\/pages\/437\/revisions\/830"}],"up":[{"embeddable":true,"href":"https:\/\/www1.unicap.br\/comblin\/wp-json\/wp\/v2\/pages\/327"}],"wp:attachment":[{"href":"https:\/\/www1.unicap.br\/comblin\/wp-json\/wp\/v2\/media?parent=437"}],"curies":[{"name":"wp","href":"https:\/\/api.w.org\/{rel}","templated":true}]}}