{"id":430,"date":"2018-04-23T14:21:09","date_gmt":"2018-04-23T17:21:09","guid":{"rendered":"https:\/\/www1.unicap.br\/comblin\/?page_id=430"},"modified":"2018-10-24T16:52:18","modified_gmt":"2018-10-24T19:52:18","slug":"perspectiva-academica","status":"publish","type":"page","link":"https:\/\/www1.unicap.br\/comblin\/sobre\/perspectiva-academica\/","title":{"rendered":"Perspectiva acad\u00eamica"},"content":{"rendered":"<p>O n\u00famero de pesquisadores que se sentem motivados a estudar Comblin vem aumentando a cada dia. A atualidade e perspic\u00e1cia de seu pensamento v\u00eam motivando pesquisadores dos programas de mestrado e doutorado, bem como a forma\u00e7\u00e3o de grupos de pesquisa.<\/p>\n<p>Neste sentido, a Universidade Cat\u00f3lica de Pernambuco (UNICAP), o Programa de P\u00f3s-Gradua\u00e7\u00e3o em Teologia segue o prop\u00f3sito de sua reflex\u00e3o sobre a perspectiva mission\u00e1ria, que toma em considera\u00e7\u00e3o a complexidade de realiza\u00e7\u00e3o do processo mission\u00e1rio e evangelizador na modernidade, prop\u00f5e, a partir do instrumental teol\u00f3gico de Comblin, a an\u00e1lise de novas possibilidades de efetiva\u00e7\u00e3o da miss\u00e3o evangelizadora em meio rural e urbano, especialmente no Nordeste Brasileiro, e das quest\u00f5es que decorrem desse processo, tais como processos, linguagem, di\u00e1logos interculturais, di\u00e1logos interreligiosos e ecum\u00eanicos, entre outros aspectos pertinentes a todos os processos que tocam ao an\u00fancio do Evangelho.<\/p>\n<h3>Mais sobre quem somos<\/h3>\n<p>|\u00a0<a href=\"https:\/\/www1.unicap.br\/comblin\/sobre\/apresentacao\/\">Apresenta\u00e7\u00e3o<\/a><br \/>\n<a href=\"https:\/\/www1.unicap.br\/comblin\/sobre\/historico\/\">| Hist\u00f3rico<\/a><br \/>\n<a href=\"https:\/\/www1.unicap.br\/comblin\/sobre\/atividades-e-servicos\/\">| Atividades e servi\u00e7os<\/a><br \/>\n<a href=\"https:\/\/www1.unicap.br\/comblin\/sobre\/equipe\/\">| Equipe<\/a><br \/>\n<a href=\"https:\/\/www1.unicap.br\/comblin\/\" rel=\"noopener\">| P\u00e1gina Inicial<\/a><\/p>\n","protected":false},"excerpt":{"rendered":"<p>O n\u00famero de pesquisadores que se sentem motivados a estudar Comblin vem aumentando a cada dia. A atualidade e perspic\u00e1cia de seu pensamento v\u00eam motivando pesquisadores dos programas de mestrado e doutorado, bem como a forma\u00e7\u00e3o de grupos de pesquisa. Neste sentido, a Universidade Cat\u00f3lica de Pernambuco (UNICAP), o Programa de P\u00f3s-Gradua\u00e7\u00e3o em Teologia segue&hellip;<\/p>\n","protected":false},"author":5,"featured_media":0,"parent":327,"menu_order":0,"comment_status":"closed","ping_status":"closed","template":"","meta":{"jetpack_post_was_ever_published":false,"footnotes":""},"class_list":["post-430","page","type-page","status-publish","hentry"],"jetpack_sharing_enabled":true,"jetpack_shortlink":"https:\/\/wp.me\/P9QheL-6W","_links":{"self":[{"href":"https:\/\/www1.unicap.br\/comblin\/wp-json\/wp\/v2\/pages\/430"}],"collection":[{"href":"https:\/\/www1.unicap.br\/comblin\/wp-json\/wp\/v2\/pages"}],"about":[{"href":"https:\/\/www1.unicap.br\/comblin\/wp-json\/wp\/v2\/types\/page"}],"author":[{"embeddable":true,"href":"https:\/\/www1.unicap.br\/comblin\/wp-json\/wp\/v2\/users\/5"}],"replies":[{"embeddable":true,"href":"https:\/\/www1.unicap.br\/comblin\/wp-json\/wp\/v2\/comments?post=430"}],"version-history":[{"count":4,"href":"https:\/\/www1.unicap.br\/comblin\/wp-json\/wp\/v2\/pages\/430\/revisions"}],"predecessor-version":[{"id":842,"href":"https:\/\/www1.unicap.br\/comblin\/wp-json\/wp\/v2\/pages\/430\/revisions\/842"}],"up":[{"embeddable":true,"href":"https:\/\/www1.unicap.br\/comblin\/wp-json\/wp\/v2\/pages\/327"}],"wp:attachment":[{"href":"https:\/\/www1.unicap.br\/comblin\/wp-json\/wp\/v2\/media?parent=430"}],"curies":[{"name":"wp","href":"https:\/\/api.w.org\/{rel}","templated":true}]}}