{"id":428,"date":"2018-04-23T14:19:41","date_gmt":"2018-04-23T17:19:41","guid":{"rendered":"https:\/\/www1.unicap.br\/comblin\/?page_id=428"},"modified":"2018-10-24T15:31:21","modified_gmt":"2018-10-24T18:31:21","slug":"historico","status":"publish","type":"page","link":"https:\/\/www1.unicap.br\/comblin\/sobre\/historico\/","title":{"rendered":"Hist\u00f3rico"},"content":{"rendered":"<p>A constitui\u00e7\u00e3o do Centro Comblin justifica-se por sua import\u00e2ncia acad\u00eamica, pelas perspectivas hist\u00f3rica e teol\u00f3gica, e sobretudo pela continuidade de desenvolvimento das pesquisas concentradas especialmente na reflex\u00e3o teol\u00f3gica latino-americana.<\/p>\n<p>Ap\u00f3s sua morte em mar\u00e7o de 2011, foi criado na UNICAP o N\u00facleo de Estudos Jos\u00e9 Comblin, visando a reunir os pesquisadores e interessados na reflex\u00e3o cr\u00edtica sobre seu pensamento comprometido com uma espiritualidade libert\u00e1ria e com a realidade dos pobres e da Igreja. Esse n\u00facleo destina-se \u00e0 conserva\u00e7\u00e3o e disponibiliza\u00e7\u00e3o de seu acervo.<\/p>\n<p>Jos\u00e9 Comblin colaborou ativamente para a constru\u00e7\u00e3o da TLA e para a rela\u00e7\u00e3o entre a Am\u00e9rica Latina com a Europa, principalmente com a Igreja da B\u00e9lgica. Na perspectiva acad\u00eamica\/teol\u00f3gica, destacamos sua contribui\u00e7\u00e3o e participa\u00e7\u00e3o ativa desde os primeiros encontros de te\u00f3logos (as) que constru\u00edam em conjunto a Teologia da Liberta\u00e7\u00e3o. Da mesma forma, ele lecionou em universidades no Brasil e no Chile, bem como nos diversos institutos de forma\u00e7\u00e3o, especialmente o IPLA (CELAM). Comblin assessorou diversos bispos em diferentes pa\u00edses, n\u00e3o somente no desenvolvimento do trabalho pastoral, mas no oferecimento de sua reflex\u00e3o que, al\u00e9m de ter marcado a Confer\u00eancia do CELAM, tamb\u00e9m teve papel destacado junto a D. H\u00e9lder C\u00e2mara no Recife durante a constru\u00e7\u00e3o de MD, sem falar em sua colabora\u00e7\u00e3o anterior na elabora\u00e7\u00e3o dos documentos conciliares quando ainda era professor da Universidade Cat\u00f3lica do Chile. Da mesma forma, realizou um incans\u00e1vel trabalho de confer\u00eancias, cursos e forma\u00e7\u00f5es nas mais diversas dioceses de toda a Am\u00e9rica do Sul. Sua dupla nacionalidade e sua refer\u00eancia teol\u00f3gica belgo-brasileira permitia-lhe manter o v\u00ednculo n\u00e3o somente afetivo, mas intelectual com esses dois continentes. Mesmo estando no Brasil, permaneceu como professor na UCL em Louvain, sua universidade de forma\u00e7\u00e3o, o que lhe possibilitava intermediar pesquisas, contatos e relacionamento eclesial, uma vez que nunca deixou de ser um padre da Diocese de Maline-Bruxelas.<\/p>\n<p>Visando a preservar essa mem\u00f3ria hist\u00f3rica, transformamos o N\u00facleo de Estudos Jos\u00e9 Comblin para o Centro de Pesquisa e Documenta\u00e7\u00e3o Jos\u00e9 \u00a0Comblin que se disp\u00f5e a reunir, custodiar, catalogar e digitalizar o acervo de documentos pessoais de Jos\u00e9 Comblin. O objetivo maior \u00e9 que, ap\u00f3s sua organiza\u00e7\u00e3o, estes possam ser disponibilizados \u00e0 pesquisa.<\/p>\n<p>Em Mar\u00e7o de 2018, recebemos de Sra. M\u00f4nica Muggler, que foi durante 25 anos colaboradora pessoal de Comblin, o acervo pessoal Jos\u00e9 Comblin. Trata-se de fotos, cartas pessoais, cartas eclesiais e manuscritos que revelam as diversas facetas da hist\u00f3ria da Igreja e da teologia latino-americanas, a personalidade e a teologia do autor.<\/p>\n<h3>Mais sobre quem somos<\/h3>\n<p>|\u00a0<a href=\"https:\/\/www1.unicap.br\/comblin\/sobre\/apresentacao\/\">Apresenta\u00e7\u00e3o<\/a><br \/>\n| <a href=\"https:\/\/www1.unicap.br\/comblin\/sobre\/perspectiva-academica\/\">Perspectiva acad\u00eamica<\/a><br \/>\n| <a href=\"https:\/\/www1.unicap.br\/comblin\/sobre\/atividades-e-servicos\/\">Atividades e servi\u00e7os<\/a><br \/>\n| <a href=\"https:\/\/www1.unicap.br\/comblin\/sobre\/equipe\/\">Equipe<\/a><br \/>\n| <a href=\"https:\/\/www1.unicap.br\/comblin\/\" rel=\"noopener\">P\u00e1gina Inicial<\/a><\/p>\n","protected":false},"excerpt":{"rendered":"<p>A constitui\u00e7\u00e3o do Centro Comblin justifica-se por sua import\u00e2ncia acad\u00eamica, pelas perspectivas hist\u00f3rica e teol\u00f3gica, e sobretudo pela continuidade de desenvolvimento das pesquisas concentradas especialmente na reflex\u00e3o teol\u00f3gica latino-americana. Ap\u00f3s sua morte em mar\u00e7o de 2011, foi criado na UNICAP o N\u00facleo de Estudos Jos\u00e9 Comblin, visando a reunir os pesquisadores e interessados na reflex\u00e3o&hellip;<\/p>\n","protected":false},"author":5,"featured_media":0,"parent":327,"menu_order":0,"comment_status":"closed","ping_status":"closed","template":"","meta":{"jetpack_post_was_ever_published":false,"footnotes":""},"class_list":["post-428","page","type-page","status-publish","hentry"],"jetpack_sharing_enabled":true,"jetpack_shortlink":"https:\/\/wp.me\/P9QheL-6U","_links":{"self":[{"href":"https:\/\/www1.unicap.br\/comblin\/wp-json\/wp\/v2\/pages\/428"}],"collection":[{"href":"https:\/\/www1.unicap.br\/comblin\/wp-json\/wp\/v2\/pages"}],"about":[{"href":"https:\/\/www1.unicap.br\/comblin\/wp-json\/wp\/v2\/types\/page"}],"author":[{"embeddable":true,"href":"https:\/\/www1.unicap.br\/comblin\/wp-json\/wp\/v2\/users\/5"}],"replies":[{"embeddable":true,"href":"https:\/\/www1.unicap.br\/comblin\/wp-json\/wp\/v2\/comments?post=428"}],"version-history":[{"count":4,"href":"https:\/\/www1.unicap.br\/comblin\/wp-json\/wp\/v2\/pages\/428\/revisions"}],"predecessor-version":[{"id":832,"href":"https:\/\/www1.unicap.br\/comblin\/wp-json\/wp\/v2\/pages\/428\/revisions\/832"}],"up":[{"embeddable":true,"href":"https:\/\/www1.unicap.br\/comblin\/wp-json\/wp\/v2\/pages\/327"}],"wp:attachment":[{"href":"https:\/\/www1.unicap.br\/comblin\/wp-json\/wp\/v2\/media?parent=428"}],"curies":[{"name":"wp","href":"https:\/\/api.w.org\/{rel}","templated":true}]}}