{"id":383,"date":"2018-04-11T10:08:11","date_gmt":"2018-04-11T13:08:11","guid":{"rendered":"https:\/\/www1.unicap.br\/comblin\/?page_id=383"},"modified":"2018-10-30T11:03:19","modified_gmt":"2018-10-30T14:03:19","slug":"rede-comblin","status":"publish","type":"page","link":"https:\/\/www1.unicap.br\/comblin\/rede-comblin\/","title":{"rendered":"Rede Comblin"},"content":{"rendered":"<h2>Rede de Pesquisadores<\/h2>\n<ul>\n<li><a href=\"http:\/\/alzirinharsouza.wixsite.com\/rede-comblin\" target=\"_blank\" rel=\"noopener\">Rede de Pesquisadores Jos\u00e9 Comblin (RPJC)<\/a><\/li>\n<li><a href=\"https:\/\/gpjcblog.wordpress.com\/\" target=\"_blank\" rel=\"noopener\">Grupo de Pesquisas Jos\u00e9 Comblin (GPJC) PUC-SP<\/a><\/li>\n<li><a href=\"http:\/\/memorialjosecomblin.webnode.com\" target=\"_blank\" rel=\"noopener\">Memorial Jos\u00e9 Comblin &#8211; Santu\u00e1rio Padre Ibiapina<\/a><\/li>\n<li><a href=\"http:\/\/www.ufpb.br\/\" target=\"_blank\" rel=\"noopener\">UFPB<\/a><\/li>\n<li><a href=\"https:\/\/uclouvain.be\/fr\" target=\"_blank\" rel=\"noopener\">Universit\u00e9 Catholique de Louvain<\/a><\/li>\n<li><a href=\"https:\/\/www.missio.be\/fr\/\" target=\"_blank\" rel=\"noopener\">Missio Belgique<\/a><\/li>\n<li><a href=\"http:\/\/www.universia.cl\/universidades\/universidad-catolica-maule\/in\/28204\" target=\"_blank\" rel=\"noopener\">Universidad de Maule \u2013 Talca \u2013 Chile<\/a><\/li>\n<li><a href=\"http:\/\/heldercamara-actualites.org\" target=\"_blank\" rel=\"noopener\">Association D. Helder Camara Memoire e actualit\u00e9 &#8211; Paris<\/a><\/li>\n<li><a href=\"mailto:brasil1@adveniat.de\" target=\"_blank\" rel=\"noopener\">Adveniat Departamento Brasil 1<\/a><\/li>\n<\/ul>\n<h2>Institui\u00e7\u00f5es de Ensino Superior<\/h2>\n<ul>\n<li><a href=\"https:\/\/www1.unicap.br\/\" target=\"_blank\" rel=\"noopener\">Universidade Cat\u00f3lica de Pernambuco (UNICAP)<\/a><\/li>\n<li><a href=\"http:\/\/www.faculdadejesuita.edu.br\/\" target=\"_blank\" rel=\"noopener\">Faculdades Jesu\u00edtas de Belo Horizonte \u2013 FAJE\u00a0<\/a><\/li>\n<li><a href=\"http:\/\/www.pucpr.br\/graduacao\/teologia\/curitiba\/\" target=\"_blank\" rel=\"noopener\">Pontif\u00edcia Universidade Cat\u00f3lica do Paran\u00e1 \u2013 PUC-PR<\/a><\/li>\n<li><a href=\"http:\/\/www.teo.puc-rio.br\/\" target=\"_blank\" rel=\"noopener\">Pontif\u00edcia Universidade Cat\u00f3lica do Rio de Janeiro \u2013 PUC-Rio<\/a><\/li>\n<li><a href=\"https:\/\/www.kuleuven.be\/english\" target=\"_blank\" rel=\"noopener\">Katholieke Universiteit Leuven \u2013 KULeuven<\/a><\/li>\n<li><a href=\"http:\/\/www.uclouvain.be\" target=\"_blank\" rel=\"noopener\">Universit\u00e9 Catholique de Louvain \u2013 UCLouvain<\/a><\/li>\n<li><a href=\"http:\/\/www.faculdadeunida.com.br\/\" target=\"_blank\" rel=\"noopener\">Faculdade Unida de Vit\u00f3ria<\/a><\/li>\n<li><a href=\"http:\/\/portal.metodista.br\/\" target=\"_blank\" rel=\"noopener\">Universidade Metodista de S\u00e3o Paulo\u00a0<\/a><\/li>\n<li><a href=\"https:\/\/www.ufba.br\/\" target=\"_blank\" rel=\"noopener\">Universidade Federal da Bahia \u2013 UFBA\u00a0<\/a><\/li>\n<\/ul>\n<h3>Voltar para<\/h3>\n<p>|\u00a0<a href=\"https:\/\/www1.unicap.br\/comblin\/\">P\u00e1gina Inicial<\/a><\/p>\n","protected":false},"excerpt":{"rendered":"<p>Rede de Pesquisadores Rede de Pesquisadores Jos\u00e9 Comblin (RPJC) Grupo de Pesquisas Jos\u00e9 Comblin (GPJC) PUC-SP Memorial Jos\u00e9 Comblin &#8211; Santu\u00e1rio Padre Ibiapina UFPB Universit\u00e9 Catholique de Louvain Missio Belgique Universidad de Maule \u2013 Talca \u2013 Chile Association D. Helder Camara Memoire e actualit\u00e9 &#8211; Paris Adveniat Departamento Brasil 1 Institui\u00e7\u00f5es de Ensino Superior Universidade&hellip;<\/p>\n","protected":false},"author":5,"featured_media":0,"parent":0,"menu_order":0,"comment_status":"closed","ping_status":"closed","template":"","meta":{"jetpack_post_was_ever_published":false,"footnotes":""},"class_list":["post-383","page","type-page","status-publish","hentry"],"jetpack_sharing_enabled":true,"jetpack_shortlink":"https:\/\/wp.me\/P9QheL-6b","_links":{"self":[{"href":"https:\/\/www1.unicap.br\/comblin\/wp-json\/wp\/v2\/pages\/383"}],"collection":[{"href":"https:\/\/www1.unicap.br\/comblin\/wp-json\/wp\/v2\/pages"}],"about":[{"href":"https:\/\/www1.unicap.br\/comblin\/wp-json\/wp\/v2\/types\/page"}],"author":[{"embeddable":true,"href":"https:\/\/www1.unicap.br\/comblin\/wp-json\/wp\/v2\/users\/5"}],"replies":[{"embeddable":true,"href":"https:\/\/www1.unicap.br\/comblin\/wp-json\/wp\/v2\/comments?post=383"}],"version-history":[{"count":5,"href":"https:\/\/www1.unicap.br\/comblin\/wp-json\/wp\/v2\/pages\/383\/revisions"}],"predecessor-version":[{"id":876,"href":"https:\/\/www1.unicap.br\/comblin\/wp-json\/wp\/v2\/pages\/383\/revisions\/876"}],"wp:attachment":[{"href":"https:\/\/www1.unicap.br\/comblin\/wp-json\/wp\/v2\/media?parent=383"}],"curies":[{"name":"wp","href":"https:\/\/api.w.org\/{rel}","templated":true}]}}