{"id":356,"date":"2018-04-10T16:46:01","date_gmt":"2018-04-10T19:46:01","guid":{"rendered":"https:\/\/www1.unicap.br\/comblin\/?page_id=356"},"modified":"2018-10-30T13:15:55","modified_gmt":"2018-10-30T16:15:55","slug":"eventos","status":"publish","type":"page","link":"https:\/\/www1.unicap.br\/comblin\/eventos\/","title":{"rendered":"Eventos"},"content":{"rendered":"<h2>Semanas Unicap<\/h2>\n<ul>\n<li><a href=\"https:\/\/www1.unicap.br\/comblin\/semana-de-estudos-jose-comblin\/\" target=\"_blank\" rel=\"noopener\">Informa\u00e7\u00f5es<\/a><\/li>\n<li><a href=\"https:\/\/www1.unicap.br\/comblin\/comecam-debates-na-semana-comblin\/\" target=\"_blank\" rel=\"noopener\">Destaques<\/a><\/li>\n<li><a href=\"https:\/\/www1.unicap.br\/comblin\/livros-e-debate-na-semana-comblin\/\" target=\"_blank\" rel=\"noopener\">Debates<\/a><\/li>\n<li><a href=\"https:\/\/www1.unicap.br\/comblin\/semana-comblin-na-tv\/\" target=\"_blank\" rel=\"noopener\">V\u00eddeo<\/a><\/li>\n<\/ul>\n<h2>Semanas UFPB<\/h2>\n<ul>\n<li><a href=\"http:\/\/teologianordeste.net\/index.php\/publicacoes\/2-semana-teologica\/54-iii-semana-teologica-programacao\" target=\"_blank\" rel=\"noopener\">III Semana<\/a><\/li>\n<li><a href=\"http:\/\/consciencia.net\/viii-semana-teologica-pe-jose-comblin\/\" target=\"_blank\" rel=\"noopener\">VIII Semana 2018<\/a><\/li>\n<\/ul>\n<h2>Romarias Mission\u00e1rias Santu\u00e1rio Pe. Ibiapina<\/h2>\n<ul>\n<li><a href=\"https:\/\/www1.unicap.br\/comblin\/rapadura-buchada-e-fe-no-sertao\/\" target=\"_blank\" rel=\"noopener\">I Romaria<\/a><\/li>\n<li><a href=\"https:\/\/www.youtube.com\/watch?v=x_wRDC9tXFw\" target=\"_blank\" rel=\"noopener\">II Romaria<\/a><\/li>\n<\/ul>\n<h3>Voltar para<\/h3>\n<p>|\u00a0<a href=\"https:\/\/www1.unicap.br\/comblin\/\">P\u00e1gina Inicial<\/a><\/p>\n","protected":false},"excerpt":{"rendered":"<p>Semanas Unicap Informa\u00e7\u00f5es Destaques Debates V\u00eddeo Semanas UFPB III Semana VIII Semana 2018 Romarias Mission\u00e1rias Santu\u00e1rio Pe. Ibiapina I Romaria II Romaria Voltar para |\u00a0P\u00e1gina Inicial<\/p>\n","protected":false},"author":5,"featured_media":0,"parent":0,"menu_order":0,"comment_status":"closed","ping_status":"closed","template":"","meta":{"jetpack_post_was_ever_published":false,"footnotes":""},"class_list":["post-356","page","type-page","status-publish","hentry"],"jetpack_sharing_enabled":true,"jetpack_shortlink":"https:\/\/wp.me\/P9QheL-5K","_links":{"self":[{"href":"https:\/\/www1.unicap.br\/comblin\/wp-json\/wp\/v2\/pages\/356"}],"collection":[{"href":"https:\/\/www1.unicap.br\/comblin\/wp-json\/wp\/v2\/pages"}],"about":[{"href":"https:\/\/www1.unicap.br\/comblin\/wp-json\/wp\/v2\/types\/page"}],"author":[{"embeddable":true,"href":"https:\/\/www1.unicap.br\/comblin\/wp-json\/wp\/v2\/users\/5"}],"replies":[{"embeddable":true,"href":"https:\/\/www1.unicap.br\/comblin\/wp-json\/wp\/v2\/comments?post=356"}],"version-history":[{"count":9,"href":"https:\/\/www1.unicap.br\/comblin\/wp-json\/wp\/v2\/pages\/356\/revisions"}],"predecessor-version":[{"id":882,"href":"https:\/\/www1.unicap.br\/comblin\/wp-json\/wp\/v2\/pages\/356\/revisions\/882"}],"wp:attachment":[{"href":"https:\/\/www1.unicap.br\/comblin\/wp-json\/wp\/v2\/media?parent=356"}],"curies":[{"name":"wp","href":"https:\/\/api.w.org\/{rel}","templated":true}]}}