{"id":346,"date":"2018-04-10T16:16:04","date_gmt":"2018-04-10T19:16:04","guid":{"rendered":"https:\/\/www1.unicap.br\/comblin\/?page_id=346"},"modified":"2019-09-13T09:31:54","modified_gmt":"2019-09-13T12:31:54","slug":"publicacoes-2","status":"publish","type":"page","link":"https:\/\/www1.unicap.br\/comblin\/publicacoes-2\/","title":{"rendered":"Publica\u00e7\u00f5es"},"content":{"rendered":"<h2>Bibliografia<\/h2>\n<h3 style=\"padding-left: 30px;\"><a href=\"https:\/\/www1.unicap.br\/comblin\/publicacoes-2\/livros\/\" target=\"_blank\" rel=\"noopener\">Livros<\/a><\/h3>\n<h3 style=\"padding-left: 30px;\"><a href=\"https:\/\/www1.unicap.br\/comblin\/publicacoes-2\/publicacoes-artigos\/\" target=\"_blank\" rel=\"noopener\">Artigos<\/a><\/h3>\n<h3 style=\"padding-left: 30px;\">Publica\u00e7\u00f5es digitais<\/h3>\n<ul>\n<li><a href=\"https:\/\/www1.unicap.br\/pergamum3\/Pergamum\/biblioteca\/\" target=\"_blank\" rel=\"noopener\">Acervo do Pe. Comblin na Biblioteca da UNICAP<\/a>\u00a0| Na busca, digite: Comblin, Joseph<\/li>\n<li><a href=\"http:\/\/vidapastoral.com.br\/categoria\/autor\/j\/jose-comblin\" target=\"_blank\" rel=\"noopener\">Pe. Comblin na Revista Vida Pastoral<\/a><\/li>\n<\/ul>\n<h2>Sobre Comblin<\/h2>\n<h3 style=\"padding-left: 30px;\">Na Revista Paralellus<\/h3>\n<ul>\n<li><a href=\"https:\/\/www1.unicap.br\/ojs\/index.php\/paralellus\/issue\/view\/25\" target=\"_blank\" rel=\"noopener\">Dossi\u00ea Jos\u00e9 Comblin 2013<\/a><\/li>\n<li><a href=\"https:\/\/www1.unicap.br\/ojs\/index.php\/paralellus\/issue\/view\/41\" target=\"_blank\" rel=\"noopener\">Especial Jos\u00e9 Comblin 2015<\/a><\/li>\n<li><a href=\"https:\/\/www1.unicap.br\/ojs\/index.php\/paralellus\/issue\/view\/86\" target=\"_blank\" rel=\"noopener\">Jos\u00e9 Comblin 2018<\/a><\/li>\n<\/ul>\n<h3>Mais sobre Publica\u00e7\u00f5es<\/h3>\n<p>|\u00a0<a href=\"https:\/\/www1.unicap.br\/comblin\/publicacoes-2\/publicacoes-artigos\/\">Publica\u00e7\u00f5es Artigos<\/a><br \/>\n| <a href=\"https:\/\/www1.unicap.br\/comblin\/publicacoes-2\/livros\/\">Publica\u00e7\u00f5es Livros<\/a><br \/>\n| <a href=\"https:\/\/www1.unicap.br\/comblin\/\">P\u00e1gina inicial<\/a><\/p>\n","protected":false},"excerpt":{"rendered":"<p>Bibliografia Livros Artigos Publica\u00e7\u00f5es digitais Acervo do Pe. Comblin na Biblioteca da UNICAP\u00a0| Na busca, digite: Comblin, Joseph Pe. Comblin na Revista Vida Pastoral Sobre Comblin Na Revista Paralellus Dossi\u00ea Jos\u00e9 Comblin 2013 Especial Jos\u00e9 Comblin 2015 Jos\u00e9 Comblin 2018 Mais sobre Publica\u00e7\u00f5es |\u00a0Publica\u00e7\u00f5es Artigos | Publica\u00e7\u00f5es Livros | P\u00e1gina inicial<\/p>\n","protected":false},"author":5,"featured_media":0,"parent":0,"menu_order":0,"comment_status":"closed","ping_status":"closed","template":"","meta":{"jetpack_post_was_ever_published":false,"footnotes":""},"class_list":["post-346","page","type-page","status-publish","hentry"],"jetpack_sharing_enabled":true,"jetpack_shortlink":"https:\/\/wp.me\/P9QheL-5A","_links":{"self":[{"href":"https:\/\/www1.unicap.br\/comblin\/wp-json\/wp\/v2\/pages\/346"}],"collection":[{"href":"https:\/\/www1.unicap.br\/comblin\/wp-json\/wp\/v2\/pages"}],"about":[{"href":"https:\/\/www1.unicap.br\/comblin\/wp-json\/wp\/v2\/types\/page"}],"author":[{"embeddable":true,"href":"https:\/\/www1.unicap.br\/comblin\/wp-json\/wp\/v2\/users\/5"}],"replies":[{"embeddable":true,"href":"https:\/\/www1.unicap.br\/comblin\/wp-json\/wp\/v2\/comments?post=346"}],"version-history":[{"count":14,"href":"https:\/\/www1.unicap.br\/comblin\/wp-json\/wp\/v2\/pages\/346\/revisions"}],"predecessor-version":[{"id":921,"href":"https:\/\/www1.unicap.br\/comblin\/wp-json\/wp\/v2\/pages\/346\/revisions\/921"}],"wp:attachment":[{"href":"https:\/\/www1.unicap.br\/comblin\/wp-json\/wp\/v2\/media?parent=346"}],"curies":[{"name":"wp","href":"https:\/\/api.w.org\/{rel}","templated":true}]}}