{"id":338,"date":"2018-04-10T15:00:04","date_gmt":"2018-04-10T18:00:04","guid":{"rendered":"https:\/\/www1.unicap.br\/comblin\/?page_id=338"},"modified":"2018-10-30T10:41:10","modified_gmt":"2018-10-30T13:41:10","slug":"livros","status":"publish","type":"page","link":"https:\/\/www1.unicap.br\/comblin\/publicacoes-2\/livros\/","title":{"rendered":"Livros"},"content":{"rendered":"<p>Conhe\u00e7a os livros do Pe. Comblin, relacionados em ordem cronol\u00f3gica, a partir da d\u00e9cada de 1950.<\/p>\n<h4><strong>1950-1959<\/strong><\/h4>\n<ul>\n<li>La R\u00e9surrection de Jes\u00fas-Christ, Ed. Univ., Paris, 1959, 216 p.<\/li>\n<\/ul>\n<p style=\"padding-left: 30px;\"><strong>Tradu\u00e7\u00f5es<\/strong><\/p>\n<p style=\"padding-left: 60px;\">Hij is verrezen, Pax, La Haye, 1961, 204 p.<br \/>\nLa risurrezione di Gesucristo, Ed. Paoline, Roma, 1961, 253 p.<br \/>\nDer Auferstandene, Styria, Graz, 1962, 253 p.<br \/>\nLa resurrecci\u00f3n de Jesucristo, Carlos Lohle, Buenos Aires, 1962, 196 p.<br \/>\nRessurrei\u00e7\u00e3o, Herder, S\u00e3o Paulo, 1965, 159 p.<br \/>\nThe Resurrection in the Plan of Salvation, Notre Dame, 1966, 176 p.<\/p>\n<ul>\n<li>L\u2019apocalypse de Jean et les f\u00eates de pelerinage avant la ruine de Jerusalem, 1950.<\/li>\n<\/ul>\n<h4><strong>1960 \u2013 1969<\/strong><\/h4>\n<ul>\n<li>A Voca\u00e7\u00e3o Crista do Brasil, Campinas, 1961, 26 p.<\/li>\n<li>Th\u00e9ologie de la paix: I \u2013 Principes; II- Applications. Paris, 1960-1963<strong>.<\/strong><\/li>\n<\/ul>\n<p style=\"padding-left: 30px;\"><strong>Tradu\u00e7\u00f5es<\/strong><\/p>\n<p style=\"padding-left: 60px;\">Teologia delia Pace, Ed. Paoline, Roma, 1962, 514 p.<br \/>\nTheologie des Friedens. Biblische Cirundlagen , Styria, Graz, 1963, 448 p.<\/p>\n<ul>\n<li>\u00c9chec de l\u2019Action catholique? Ed. Univ., Paris, 1961, 172 p<strong>.<\/strong><\/li>\n<\/ul>\n<p style=\"padding-left: 30px;\"><strong>Tradu\u00e7\u00f5es<\/strong><\/p>\n<p style=\"padding-left: 60px;\">Versagt die Katholische Aktion ? Styria, Graz, 1962, 195 p.<br \/>\nH\u00e1 fracasado Ia Acci\u00f3n catolica ? Eler, Barcelona, 1963, 154 p<br \/>\nHacia una Teolog\u00eda de acci\u00f3n cat\u00f3lica. Treinta a\u00f1os de investigaciones. Herder, Barcelona, 1964.<\/p>\n<ul>\n<li>Os Sinais dos Tempos e a evangeliza\u00e7\u00e3o. S\u00e3o Paulo, 1969.<\/li>\n<li>Mitos e realidades da seculariza\u00e7\u00e3o. S\u00e3o Paulo, 1969.<\/li>\n<li>Teologia do Desenvolvimento. Belo Horizonte, 1969.<\/li>\n<li>Educa\u00e7\u00e3o da F\u00e9. Os princ\u00edpios da educa\u00e7\u00e3o crist\u00e3, Ed. Herder, S\u00e3o Paulo, 1962, 187 p.<\/li>\n<li>Commentaires de Jean XXIII, Pacem in Terris, Ed. Univ. Paris, 1963, 199 p.<\/li>\n<li>La t\u00e9moignage et l\u2019Esprit, Ed. Univ., Paris, 1964, 142 p.<\/li>\n<li>Vers une th\u00e9ologie de l&#8217;action, La Pens\u00e9e catholique, Bruxelles, 1964, 123 p.<\/li>\n<\/ul>\n<p style=\"padding-left: 30px;\"><strong>Tradu\u00e7\u00f5es<\/strong><\/p>\n<p style=\"padding-left: 60px;\">Teologia da a\u00e7\u00e3o, Herder, S\u00e3o Paulo, 1967, 129 p.<br \/>\nVerso una teologia dell&#8217;azione, Ed. A.V.E., Roma, 1967, 134 p.<\/p>\n<ul>\n<li>Na\u00e7\u00e3o e nacionalismo, Ed. Duas Cidades, S\u00e3o Paulo, 1965, 283 p.<\/li>\n<li>L\u00ea Christ dans l\u2019Apocalypse (Biblioth\u00e8que de th\u00e9ologie \u2013 Th\u00e9ologie biblique \u2013 S\u00e9rie III \u2013 vol 6), Descl\u00e9e &amp; Cie, Tournai, 1965, 268 p<strong>.<\/strong><\/li>\n<\/ul>\n<p style=\"padding-left: 30px;\"><strong>Tradu\u00e7\u00e3o<\/strong><\/p>\n<p style=\"padding-left: 60px;\">Cristo en el Apocalipsis ( Biblioteca Herder), Herder, Barcelona, 1969, 367 p.<\/p>\n<ul>\n<li>Th\u00e9ologie de la Ville, Ed. Univ., Paris, 1968, 493 p.<\/li>\n<\/ul>\n<p style=\"padding-left: 30px;\"><strong>Tradu\u00e7\u00f5es<\/strong><\/p>\n<p style=\"padding-left: 60px;\">Teologia della Citta, Cittadelia, Assis, 1971, 501 p.<br \/>\nTeologia de Ia ciudad, Ed. Verbo divino, Estella(Navarra), 1972, 407 p<br \/>\nTeologia da cidade, Ed. paul., S\u00e3o Paulo, 1991, 301 p.<\/p>\n<ul>\n<li>O provis\u00f3rio e o definitivo, Ed. Herder, S\u00e3o Paulo, 1968, 162 p.<\/li>\n<li>Hist\u00f3ria da teologia cat\u00f3lica, Ed. Herder, S\u00e3o Paulo, 1969, 180 p.<\/li>\n<li>A f\u00e9 no evangelho (Medita\u00e7\u00f5es Evang\u00e9licas 1), Ed. Vozes, Petr\u00f3polis, 1969, 84 p.<\/li>\n<\/ul>\n<p style=\"padding-left: 30px;\"><strong>Tradu\u00e7\u00f5es<\/strong><\/p>\n<p style=\"padding-left: 60px;\">La fe seg\u00fan el evangelio, Bonum, Buenos Aires, 1973, 92 P.<br \/>\nLa fede nei vangelo, Cittadella, Assis, 1976, 186 p.<\/p>\n<p>O futuro dos minist\u00e9rios na Igreja latino-americana, Ed. Vozes, Petr\u00f3polis, 1969, 63 p.<\/p>\n<h4><strong>1970-1979<\/strong><\/h4>\n<ul>\n<li>A maior esperan\u00e7a (Medita\u00e7\u00f5es Evang\u00e9licas 2), Ed. Vozes, Petr\u00f3polis, 1970, 103 p.<\/li>\n<li>Cristianismo y desarrollo. IPLA, Quito, 1970.<\/li>\n<li>Teolog\u00eda de la Revoluci\u00f3n. Descl\u00e9e de Brouwer, Bilbao, 1973<strong>.<\/strong><\/li>\n<\/ul>\n<p style=\"padding-left: 30px;\"><strong>Tradu\u00e7\u00e3o<\/strong><\/p>\n<p style=\"padding-left: 60px;\">Th\u00e9ologie de la R\u00e9volution, Ed. Univ., Paris, 1970, 297 p.<\/p>\n<ul>\n<li>La Iglesia y la ideolog\u00eda de la Seguridad Nacional. MIEC-JECI 19, Lima, 1977.<\/li>\n<li>La oraci\u00f3n de Jes\u00fas. Asumir la densidad del mundo desde Dios. Sal Terrae, Santander, 1977.<\/li>\n<li>El enviado del Padre. Jes\u00fas y el creyente en el Evangelio de Juan. Sal Terrae, Santander, 1977.<\/li>\n<li>Jes\u00fas de Nazaret. Mediataci\u00f3n sobre la vida y acci\u00f3n humana de Jes\u00fas. Sal Terrae, Santander, 1979.<\/li>\n<li>El poder militar em Am\u00e9rica Latina. S\u00edgueme, Salamanca, 1978. <strong>( OK BIB)<\/strong><\/li>\n<li>Teologia de la practica de la revoluci\u00f3n. Descl\u00e9e de Brouwer, Bilbao 1979<strong>.(OK BIB)<\/strong><\/li>\n<\/ul>\n<p style=\"padding-left: 30px;\"><strong>Tradu\u00e7\u00f5es<\/strong><\/p>\n<p style=\"padding-left: 60px;\">Th\u00e9ologie de la pratique r\u00e9volutionnaire, Ed. Univ., Paris, 1974, 381 p.<br \/>\nTeologia de la pr\u00e1ctica revolucionaria, Descl\u00e9e de Brouwer, Bilbao, 1979, 408 p.<\/p>\n<ul>\n<li>La f\u00e9 nel vangelo, Cittadelia, Assis, 1976, 186 p. ( 2&#8242; parte)<\/li>\n<li>Jesus de Nazar\u00e9 (Medita\u00e7\u00f5es Evang\u00e9licas 3), Ed. Vozes, Petr\u00f3polis, 1971, 114 p.<\/li>\n<\/ul>\n<p style=\"padding-left: 30px;\"><strong>Tradu\u00e7\u00f5es<\/strong><\/p>\n<p style=\"padding-left: 60px;\">Jesus de Nazaret, Sal Terrae, Santander, 1974, 104 p.<br \/>\nComo i discepoli lo han visto, Cittadella, Assis, 1977, 220 p. ( 1&#8242; parte )<br \/>\nJesus of Nazareth. Meditations on his humanity, Orbis Books, Maryknoll, 1976, 167 p.; Gill &amp; Macmillan, Dublin,, 1979, 167 p.<\/p>\n<ul>\n<li>Teologia de la misi\u00f3n, Latinoam\u00e9rica Libros, Buenos Aires, 1974, 116 p.<\/li>\n<li>The meaning of mission, Orbis Books, Maryknoll, 1977, 142 p.;<br \/>\n<span style=\"color: #333333;\">Gill &amp; Maemillan, Dublin, 1980, 142 p,<\/span><\/li>\n<li>Teologia da miss\u00e3o, Vozes, Petr\u00f3polis, 1980, 93 p.<\/li>\n<li>Teologia della missione, Borla, Roma, 1982, 138 p.<\/li>\n<li>O enviado do Pai (Medita\u00e7\u00f5es Evang\u00e9licas 5), Ed. Vozes, Petr\u00f3polis, 1974, 99 p.<br \/>\nEl enviado del Padre, Sal Terrae, Santander, 1977, 104 p.<\/li>\n<li><span style=\"color: #333333;\">Sent from the Father, Meditations on the Fourth Gospel, Orbis Books, Maryknoli, 1978, 115 p.; Gill &amp; Macmillan, Dublin, 1979, 1 1 5 p.<\/span><\/li>\n<li>A F\u00e9 Popular no Nordeste, Ed. Beneditina Ltda, Salvador, Bahia, 1974, 100 p.<\/li>\n<li>A liberdade crist\u00e3 (Medita\u00e7\u00f5es Evang\u00e9licas 6), Ed. Vozes, Petr\u00f3polis, 1977, 130 p.<br \/>\nLa libertad cristiana, Sal Terrae, Santander, 1979, 144 p<\/li>\n<li>L\u00ea pouvoir militaire en Am\u00e9rique latine. L\u2019Id\u00e9ologie de la S\u00e9curit\u00e9 Nationale, JP Delarge, Paris, 1977, 229 p.<\/li>\n<\/ul>\n<p style=\"padding-left: 30px;\"><strong>Tradu\u00e7\u00e3o<\/strong><\/p>\n<p style=\"padding-left: 60px;\">A Ideologia da Seguran\u00e7a Nacional. O Poder Militar na Am\u00e9rica latina, Civiliza\u00e7\u00e3o brasileira, Rio de Janeiro, 1978, 251 p.<br \/>\nEl poder militar en Am\u00e9rica latina, S\u00edgueme, Salamanca, 1978, 286 p.<\/p>\n<ul>\n<li>The Church and the National Security State, Orbis Books, Maryknoll, 1979, 236 p.<\/li>\n<li>Teologia da Enxada. Uma experi\u00eancia da Igreja no Nordeste, Ed. Vozes, Petr\u00f3polis, 1977, 116 p.<\/li>\n<li>O Esp\u00edrito no Mundo (Medita\u00e7\u00f5es Evang\u00e9licas 7), Ed. Vozes, Petr\u00f3polis, 1979, 114 p.<\/li>\n<\/ul>\n<h4><strong>1980-1989<\/strong><\/h4>\n<ul>\n<li>O tempo da a\u00e7\u00e3o. Ensaio sobre o Esp\u00edrito na hist\u00f3ria. Petr\u00f3polis, 1981.<\/li>\n<li>O Esp\u00edrito e a liberta\u00e7\u00e3o. Petr\u00f3polis, 1987<strong>.<\/strong><\/li>\n<li>Evangelizar (Medita\u00e7\u00f5es Evang\u00e9licas 8), Ed. Vozes, Petr\u00f3polis, 1982, 123 p.<br \/>\n<span style=\"color: #333333;\">Evangelizzare, Borla, Roma, 1982, 123 p.<\/span><\/li>\n<li><span style=\"color: #333333;\">O tempo da a\u00e7\u00e3o. Ensaio sobre o Esp\u00edrito e a hist\u00f3ria, Ed. Vozes, Petr\u00f3polis, 1982, 389 p.<\/span><\/li>\n<li><span style=\"color: #333333;\">Tiempo de acci\u00f3n. Ensayo sobre el Espiritu y Ia historia, CEP-CETA, Lima, 1986, 532 p.<\/span><\/li>\n<li><span style=\"color: #333333;\">Jesus Cristo e sua miss\u00e3o (Breve Curso de teologia 1), Ed. Paulinas, S.Paulo, 1983, 256 p.<\/span><\/li>\n<li><span style=\"color: #333333;\">O Esp\u00edrito Santo e sua miss\u00e3o (Breve Curso de teologia 2), Ed. Paulinas, S. Paulo, 1984, 348 p.<\/span><\/li>\n<li><span style=\"color: #333333;\">O clamor dos oprimidos. O clamor de Jesus. (Medita\u00e7\u00f5es Evang\u00e9licas 9), Ed. Vozes, Petr\u00f3polis, 1984, 63 p.<\/span><br \/>\n<span style=\"color: #333333;\">El clamor de los oprimidos. El clamor de Jes\u00fas, Ed. Rehue, Santiago de Chile, 1986, 57 p.<\/span><br \/>\n<span style=\"color: #333333;\"> Cry of the Oppressed- Cry of Jesus, Orbis Books, Maryknoil, 1988, 87 p.<\/span><\/li>\n<li><span style=\"color: #333333;\">Teologia da Liberta\u00e7ao, Teologia neo-conservadora e Teologia liberal (Teologia org\u00e2nica 14), Ed. Vozes, Petr\u00f3polis, 1985, 135 p.<\/span><\/li>\n<li><span style=\"color: #333333;\">A Igreja e sua miss\u00e3o (Breve Curso de Teologia 3), Ed. Paulinas, S. Paulo, 1985, 330 p.<\/span><\/li>\n<li><span style=\"color: #333333;\">Ep\u00edstola aos Filipenses (Coment\u00e1rio B\u00edblico), Ed. Vozes, Impr. Metodista, Ed. Sinodal, 1985, 65 p.<\/span><br \/>\n<span style=\"color: #333333;\">Lettera al Filippesi ( Comentario biblico), Borla, Roma, 1987, 102p.<\/span><br \/>\n<span style=\"color: #333333;\">Filipenses ( Comentario biblico ecumenico NT), La Aurora, Buenos Aires, 1988, 76 p.<\/span><\/li>\n<li><span style=\"color: #333333;\">Antropologia crist\u00e3 (Teologia e Liberta\u00e7\u00e3o. S\u00e9rie 111, t 1),Vozes, Petr\u00f3polis, 1985, 272 p<\/span><br \/>\n<span style=\"color: #333333;\">Antropologia cristiana ( Teologia y Liberaci\u00f3n. Serie 111, t. 1), Ed. Paul., Madrid- Buenos Aires, 1985, 283 p. <\/span><br \/>\n<span style=\"color: #333333;\"> Das Bild vom Menschen ( Bibliothek Theologie der Befteiung), Patmos, D\u00fcsseldorf, 1987, 280 p.<\/span><br \/>\n<span style=\"color: #333333;\"> Antropologia cristiana ( Teologias e Liberazione ),Cittadella, Assis, 1987, 270 p.<\/span><br \/>\n<span style=\"color: #333333;\"> Betrieving the Human. A Christian Anthropology ( Theology and Liberation ),<\/span><br \/>\n<span style=\"color: #333333;\"> Orbis Books, Maryknoll, 1990, 259 p.;<\/span><br \/>\n<span style=\"color: #333333;\"> Being Human. A Christian Anthropology (Liberation and Theology), Bums &amp; Oates, 1990, 251p.<\/span><br \/>\n<span style=\"color: #333333;\"> Anthropologie ehr\u00e9tienne ( Collection Lib\u00e9ration), Cerf, Paris, 1991, 265 p.<\/span><br \/>\n<span style=\"color: #333333;\"> Antropolog\u00eda Cristiana, Madrid, 1985.<\/span><\/li>\n<li><span style=\"color: #333333;\">Ep\u00edstola aos Colossenses e Ep\u00edstola a Fil\u00eamon (Coment\u00e1rio b\u00edblico), Vozes, Impr. Metod. Ed. Sinodal, 1986, 110 p.<\/span><br \/>\n<span style=\"color: #333333;\">Lettera ao Colossesi. Lettera a Filemon ( Comentario biblico), Borla, Roma, 1987, 151 p.<\/span><\/li>\n<li><span style=\"color: #333333;\">A sabedoria crist\u00e3 (Breve curso de teologia. 4), Ed. Paul., S\u00e3o Paulo, 1986, 242 p.<\/span><\/li>\n<li>A For\u00e7a da Palavra, Vozes, Petr\u00f3polis, 1986, 406 p<br \/>\nLa forza della parola, EMMI della Coop. SERMIS, Bologna, 1989, 462 p.<\/li>\n<li>Teologia da reconcilia\u00e7\u00e3o: Ideologia ou Refor\u00e7o da Liberta\u00e7\u00e3o ? (Teologia org\u00e2nica. 19), Vozes, Petr\u00f3polis, 1987, 88 p.<\/li>\n<li>O Esp\u00edrito Santo e a Liberta\u00e7\u00e3o (Teologia e Liberta\u00e7\u00e3o, s\u00e9rie 11, t. 4) Vozes, Petr\u00f3polis, 1987, 231p<strong>.<\/strong><br \/>\n<span style=\"color: #333333;\">El Espiritu Santo y Ia Liberaci\u00f3n ( Cristianismo y sociedad), Ed. Paul., Madrid, 1987, 247 p.<\/span><br \/>\n<span style=\"color: #333333;\"> Der Heilige Geist ( Bibliothek Theologie der Befreiung ), Patmos, D\u00fcsseldorf, 1988, 235 p.<\/span><br \/>\n<span style=\"color: #333333;\"> The Holy Spirit and Liberation (Theology and Liberation series), Orbis Books, Maryknoll, 1999, 211p<\/span><br \/>\n<span style=\"color: #333333;\"> Spirito Santo e liberazione ( Teologia e Liberazione), Cittadelia, Assis, 1989, 177 p.<\/span><\/li>\n<li><span style=\"color: #333333;\">L&#8217;Esprit Saint ( Collection Lib\u00e9ration), Cerf, Paris, 1994, 206 p.<\/span><\/li>\n<li><span style=\"color: #333333;\">L\u2019esprit Saint Liberauter \u2013 1994.<\/span><\/li>\n<li><span style=\"color: #333333;\">Ep\u00edstola aos Ef\u00e9sios ( Coment\u00e1rio b\u00edblico), Vozes, Impr.- Metod., Ed. Sinod., 1997, 1 11 p.<\/span><\/li>\n<li><span style=\"color: #333333;\">Reconciliaci\u00f3n y liberaci\u00f3n, CESOC, Ed. Chile y America, Santiago, 1987, 264 p.<\/span><\/li>\n<li><span style=\"color: #333333;\">Atos dos Ap\u00f3stolos. Vol. 1 (Coment\u00e1rio b\u00edblico), Vozes, Impr.Metod., ed. Sinodal, 1988, 214 p<strong>.<br \/>\n<\/strong>Atos dos Ap\u00f3stolos. Vol. 2 (Coment\u00e1rio b\u00edblico), Vozes, Impr. Metod., ed. Sinodal, 1989, 195 p.<\/span><\/li>\n<li><span style=\"color: #333333;\">Evangelizar, Vozes, 1980.<\/span><\/li>\n<\/ul>\n<h4><span style=\"color: #333333;\"><strong>1990-1999<\/strong><\/span><\/h4>\n<ul>\n<li><span style=\"color: #333333;\">Segunda Ep\u00edstola aos Cor\u00edntios ( Coment\u00e1rio b\u00edblico), Vozes, Impr. Metod., Ed. Sinodal, 1991, 242.<\/span><\/li>\n<li><span style=\"color: #333333;\">Paulo. Trabalho e Miss\u00e3o, ed. FTD, S\u00e3o Paulo, 1991, 88 p.<\/span><br \/>\n<span style=\"color: #333333;\">Pablo: Trabajo y Mission, Ed. Sal T\u00e9rrea, Santander, Espanha, 1994, 153 p.<\/span><\/li>\n<li>Paulo, Apostolo de Jesus Cristo, Vozes, Petr\u00f3polis, 1993, 198 p.<\/li>\n<li>Padre C\u00edcero de Juazeiro (Cole\u00e7\u00e3o Homens e Mulheres do Nordeste. Serie Os refigiosos 1), Ed. Paul., S\u00e3o Paulo, 1991, 32 p.<\/li>\n<li>Padre lbiapina (Cole\u00e7\u00e3o Homens e Mulheres do Nordeste. Serie Os religiosos 3, Ed. Paul. 1993, 48 p.<\/li>\n<li>Realidad y desafios para los cristianos hoy, Centro latinoamericano, C\u00f3rdoba, 1993, 64 p.<\/li>\n<li>Viver na Cidade. Pistas para unia pastoral urbana, Paulus, S\u00e3o Paulo. 1996, 57 p.<\/li>\n<li>Pastoral urbana. O d\u00ednamisino na evangeliza\u00e7\u00e3o, Vozes, 1999, 70 p.<\/li>\n<li>Crist\u00e3os rumo ao s\u00e9culo XXI. Novos caminhos de liberta\u00e7\u00e3o, Paulus, S\u00e3o Paulo, 1996, 373 p.<br \/>\n<span style=\"color: #333333;\">Cristianos rumbo al s\u00edglo XXI. Nuevo cam\u00edno de liberaci\u00f3n, San Pablo, Madrid, 1997, 443 p.<\/span><br \/>\n<span style=\"color: #333333;\"> Call for Freedom. The Changing Context of Liberation Theology, Orbis Books, Maryknoil, 1998, 252p.<\/span><\/li>\n<li><span style=\"color: #333333;\">O\u00fa en est la Th\u00e9ologie de la Lib\u00e9ration \u2013 L\u2019\u00c9glise catholique et les mirages du n\u00e9olib\u00e9ralisme, L\u2019Harmattan,<\/span> Paris, France, 2003, 312 p.<\/li>\n<li>Voca\u00e7\u00e3o para a liberdade, Paulus, S\u00e3o Paulo, 1999, 319 p.<br \/>\nVocaci\u00f3n a Ia libertad, San Pablo, Madrid, 1999, 341 p.<\/li>\n<li>500 a\u00f1os de evangelizacion en AL \u2013 1992.<\/li>\n<li>Vatican au panne d\u2019Eglise des pauvres est-ce pour demain? 2004.<\/li>\n<\/ul>\n<p><strong>2000-2009<\/strong><\/p>\n<ul>\n<li>O neoliberalismo, ideologia dominante na virada do s\u00e9culo ( Teologia e liberta\u00e7\u00e3o, serie VI, I), Vozes, Petr\u00f3polis, 2000, 187 p.<br \/>\n<span style=\"color: #333333;\">El Neoliberalismo \u2013 Ideologia dominante em el Cambio de Siglo, Ediciones Chile Am\u00e9rica CESOC, Santiago, Chile, 2002, 253 p<\/span><br \/>\n<span style=\"color: #333333;\">Le N\u00e9olib\u00e9ralisme, L\u2019Harmattan, Paris, France, 2003, 203 p.<\/span><\/li>\n<li><span style=\"color: #333333;\">O Povo de Deus, Paulus, S\u00e3o Paulo, 2002, 416 p.<\/span><br \/>\n<span style=\"color: #333333;\">People of God, Orbis Books, Maryknoll, New York, 2004, 230 p.<\/span><\/li>\n<li><span style=\"color: #333333;\">Um novo amanhecer ?, Vozes, Petr\u00f3polis, 2002, 76 p.<\/span><br \/>\n<span style=\"color: #333333;\">Prima la Chiesa,poi l\u2019uomo.Bilancio sul papato di Wojtyla La meridiana,Molfetta,2002, 77 p.<\/span><\/li>\n<li><span style=\"color: #333333;\">Os desafios da cidade no s\u00e9culo XXI, Paulus, S\u00e3o Paulo, 2002, 51 p.<\/span><\/li>\n<li>O Caminho, Paulus, S\u00e3o Paulo, 2004, 227 p.<\/li>\n<li>O que \u00e9 a verdade ? Paulus, S\u00e3o Paulo, 2005, 79 p.<\/li>\n<li>Quais os desafios dos temas teol\u00f3gicos atuais ? Paulus, S\u00e3o Paulo, 2005, 96 p.<\/li>\n<li>Retiros para as mission\u00e1rias, Jo\u00e3o Pessoa, 1991, 138 p.<\/li>\n<\/ul>\n<h4><u><\/u><strong>Publica\u00e7\u00f5es populares em colabora\u00e7\u00e3o<\/strong><\/h4>\n<ul>\n<li>Curso b\u00e1sico para animadores de comunidades de base, 4a. ed. Aumentada, Paulus, S\u00e3o Paulo, 1987, 153 p.<\/li>\n<li>Cole\u00e7\u00e3o A novidade de Jesus, 8 fasc\u00edculos, ed. paulinas, 1986.<\/li>\n<li>Cole\u00e7\u00e3o Curso popular de hist\u00f3ria da Igreja, 8 fasc\u00edculos, ed. Paulinas, 1993.<\/li>\n<li>Cole\u00e7\u00e3o Curso de forma\u00e7\u00e3o crist\u00e3, Instituto de forma\u00e7\u00e3o pastoral-Juazeiro (BA), 24 fasc\u00edculos, ed. Paulinas, 1989.<\/li>\n<\/ul>\n<h3>Mais sobre Publica\u00e7\u00f5es<\/h3>\n<p>| <a href=\"https:\/\/www1.unicap.br\/comblin\/publicacoes-2\/\">Publica\u00e7\u00f5es<\/a><br \/>\n|\u00a0<a href=\"https:\/\/www1.unicap.br\/comblin\/publicacoes-2\/publicacoes-artigos\/\">Publica\u00e7\u00f5es Artigos<\/a><br \/>\n|\u00a0<a href=\"https:\/\/www1.unicap.br\/comblin\/\">P\u00e1gina inicial<\/a><\/p>\n","protected":false},"excerpt":{"rendered":"<p>Conhe\u00e7a os livros do Pe. Comblin, relacionados em ordem cronol\u00f3gica, a partir da d\u00e9cada de 1950. 1950-1959 La R\u00e9surrection de Jes\u00fas-Christ, Ed. Univ., Paris, 1959, 216 p. Tradu\u00e7\u00f5es Hij is verrezen, Pax, La Haye, 1961, 204 p. La risurrezione di Gesucristo, Ed. Paoline, Roma, 1961, 253 p. Der Auferstandene, Styria, Graz, 1962, 253 p. La&hellip;<\/p>\n","protected":false},"author":5,"featured_media":0,"parent":346,"menu_order":0,"comment_status":"closed","ping_status":"closed","template":"","meta":{"jetpack_post_was_ever_published":false,"footnotes":""},"class_list":["post-338","page","type-page","status-publish","hentry"],"jetpack_sharing_enabled":true,"jetpack_shortlink":"https:\/\/wp.me\/P9QheL-5s","_links":{"self":[{"href":"https:\/\/www1.unicap.br\/comblin\/wp-json\/wp\/v2\/pages\/338"}],"collection":[{"href":"https:\/\/www1.unicap.br\/comblin\/wp-json\/wp\/v2\/pages"}],"about":[{"href":"https:\/\/www1.unicap.br\/comblin\/wp-json\/wp\/v2\/types\/page"}],"author":[{"embeddable":true,"href":"https:\/\/www1.unicap.br\/comblin\/wp-json\/wp\/v2\/users\/5"}],"replies":[{"embeddable":true,"href":"https:\/\/www1.unicap.br\/comblin\/wp-json\/wp\/v2\/comments?post=338"}],"version-history":[{"count":10,"href":"https:\/\/www1.unicap.br\/comblin\/wp-json\/wp\/v2\/pages\/338\/revisions"}],"predecessor-version":[{"id":874,"href":"https:\/\/www1.unicap.br\/comblin\/wp-json\/wp\/v2\/pages\/338\/revisions\/874"}],"up":[{"embeddable":true,"href":"https:\/\/www1.unicap.br\/comblin\/wp-json\/wp\/v2\/pages\/346"}],"wp:attachment":[{"href":"https:\/\/www1.unicap.br\/comblin\/wp-json\/wp\/v2\/media?parent=338"}],"curies":[{"name":"wp","href":"https:\/\/api.w.org\/{rel}","templated":true}]}}