{"id":336,"date":"2018-04-10T14:37:15","date_gmt":"2018-04-10T17:37:15","guid":{"rendered":"https:\/\/www1.unicap.br\/comblin\/?page_id=336"},"modified":"2018-10-30T10:05:06","modified_gmt":"2018-10-30T13:05:06","slug":"documentacao-acervo-unicap","status":"publish","type":"page","link":"https:\/\/www1.unicap.br\/comblin\/documentacao-acervo-unicap\/","title":{"rendered":"Documenta\u00e7\u00e3o"},"content":{"rendered":"<h2>Acervo Unicap<\/h2>\n<h3>Invent\u00e1rio de arquivos<\/h3>\n<h3>Publica\u00e7\u00e3o digital<\/h3>\n<h3>Diretrizes de acesso<\/h3>\n<p>Em breve, ap\u00f3s o processo de digitaliza\u00e7\u00e3o, estaremos disponibilizando todos esses dados. Todavia, j\u00e1 \u00e9 poss\u00edvel ter acesso a, pelo menos, 4.560 t\u00edtulos. Para isso, basta clicar no banner ao lado, <strong>Acervo Comblin na Unicap<\/strong>, na busca, digitar: &#8220;Comblin, Joseph&#8221; e acessar, como exemplificado na imagem abaixo.<\/p>\n<p><img loading=\"lazy\" decoding=\"async\" class=\"alignnone wp-image-862 size-full\" src=\"https:\/\/www1.unicap.br\/comblin\/wp-content\/uploads\/2018\/10\/Ex.-Pesquisa-Acervo-Comblin-e1540903934514.jpg\" alt=\"\" width=\"720\" height=\"405\" \/><\/p>\n<h3>Voltar para<\/h3>\n<p>| <a href=\"https:\/\/www1.unicap.br\/comblin\/\">P\u00e1gina Inicial<\/a><\/p>\n","protected":false},"excerpt":{"rendered":"<p>Acervo Unicap Invent\u00e1rio de arquivos Publica\u00e7\u00e3o digital Diretrizes de acesso Em breve, ap\u00f3s o processo de digitaliza\u00e7\u00e3o, estaremos disponibilizando todos esses dados. Todavia, j\u00e1 \u00e9 poss\u00edvel ter acesso a, pelo menos, 4.560 t\u00edtulos. Para isso, basta clicar no banner ao lado, Acervo Comblin na Unicap, na busca, digitar: &#8220;Comblin, Joseph&#8221; e acessar, como exemplificado na&hellip;<\/p>\n","protected":false},"author":5,"featured_media":0,"parent":0,"menu_order":0,"comment_status":"closed","ping_status":"closed","template":"","meta":{"jetpack_post_was_ever_published":false,"footnotes":""},"class_list":["post-336","page","type-page","status-publish","hentry"],"jetpack_sharing_enabled":true,"jetpack_shortlink":"https:\/\/wp.me\/P9QheL-5q","_links":{"self":[{"href":"https:\/\/www1.unicap.br\/comblin\/wp-json\/wp\/v2\/pages\/336"}],"collection":[{"href":"https:\/\/www1.unicap.br\/comblin\/wp-json\/wp\/v2\/pages"}],"about":[{"href":"https:\/\/www1.unicap.br\/comblin\/wp-json\/wp\/v2\/types\/page"}],"author":[{"embeddable":true,"href":"https:\/\/www1.unicap.br\/comblin\/wp-json\/wp\/v2\/users\/5"}],"replies":[{"embeddable":true,"href":"https:\/\/www1.unicap.br\/comblin\/wp-json\/wp\/v2\/comments?post=336"}],"version-history":[{"count":7,"href":"https:\/\/www1.unicap.br\/comblin\/wp-json\/wp\/v2\/pages\/336\/revisions"}],"predecessor-version":[{"id":866,"href":"https:\/\/www1.unicap.br\/comblin\/wp-json\/wp\/v2\/pages\/336\/revisions\/866"}],"wp:attachment":[{"href":"https:\/\/www1.unicap.br\/comblin\/wp-json\/wp\/v2\/media?parent=336"}],"curies":[{"name":"wp","href":"https:\/\/api.w.org\/{rel}","templated":true}]}}