{"id":329,"date":"2018-04-10T14:02:10","date_gmt":"2018-04-10T17:02:10","guid":{"rendered":"https:\/\/www1.unicap.br\/comblin\/?page_id=329"},"modified":"2018-10-24T17:02:12","modified_gmt":"2018-10-24T20:02:12","slug":"pesquisa","status":"publish","type":"page","link":"https:\/\/www1.unicap.br\/comblin\/pesquisa\/","title":{"rendered":"Pesquisa"},"content":{"rendered":"<p>A densidade e pluralidade do pensamento de Jos\u00e9 Comblin, permite ampliar os temas de pesquisa e trabalh\u00e1-los de forma inter-disciplinar. \u00c9 crescente o n\u00famero de pesquisadores e interessados em sua reflex\u00e3o.<\/p>\n<p>Abaixo disponibilzados uma lista de trabalhos em anadamento e conclu\u00eddos sobre o autor, realizados em diversas IES do Brasil e exterior.<\/p>\n<h3>Conhe\u00e7a mais sobre a Pesquisa<\/h3>\n<p>| <a href=\"https:\/\/www1.unicap.br\/comblin\/pesquisa\/em-andamento\/\">Pesquisa em andamento<\/a><br \/>\n|\u00a0<a href=\"https:\/\/www1.unicap.br\/comblin\/pesquisa\/concluida\/\">Pesquisa conclu\u00edda<\/a><br \/>\n|\u00a0<a href=\"https:\/\/www1.unicap.br\/comblin\/pesquisa\/grupos-de-pesquisa\/\">Grupos de Pesquisa<\/a><br \/>\n<a href=\"https:\/\/www1.unicap.br\/comblin\/\" target=\"_blank\" rel=\"noopener\">| P\u00e1gina Inicial<\/a><\/p>\n","protected":false},"excerpt":{"rendered":"<p>A densidade e pluralidade do pensamento de Jos\u00e9 Comblin, permite ampliar os temas de pesquisa e trabalh\u00e1-los de forma inter-disciplinar. \u00c9 crescente o n\u00famero de pesquisadores e interessados em sua reflex\u00e3o. Abaixo disponibilzados uma lista de trabalhos em anadamento e conclu\u00eddos sobre o autor, realizados em diversas IES do Brasil e exterior. Conhe\u00e7a mais sobre&hellip;<\/p>\n","protected":false},"author":5,"featured_media":0,"parent":0,"menu_order":0,"comment_status":"closed","ping_status":"closed","template":"","meta":{"jetpack_post_was_ever_published":false,"footnotes":""},"class_list":["post-329","page","type-page","status-publish","hentry"],"jetpack_sharing_enabled":true,"jetpack_shortlink":"https:\/\/wp.me\/P9QheL-5j","_links":{"self":[{"href":"https:\/\/www1.unicap.br\/comblin\/wp-json\/wp\/v2\/pages\/329"}],"collection":[{"href":"https:\/\/www1.unicap.br\/comblin\/wp-json\/wp\/v2\/pages"}],"about":[{"href":"https:\/\/www1.unicap.br\/comblin\/wp-json\/wp\/v2\/types\/page"}],"author":[{"embeddable":true,"href":"https:\/\/www1.unicap.br\/comblin\/wp-json\/wp\/v2\/users\/5"}],"replies":[{"embeddable":true,"href":"https:\/\/www1.unicap.br\/comblin\/wp-json\/wp\/v2\/comments?post=329"}],"version-history":[{"count":14,"href":"https:\/\/www1.unicap.br\/comblin\/wp-json\/wp\/v2\/pages\/329\/revisions"}],"predecessor-version":[{"id":844,"href":"https:\/\/www1.unicap.br\/comblin\/wp-json\/wp\/v2\/pages\/329\/revisions\/844"}],"wp:attachment":[{"href":"https:\/\/www1.unicap.br\/comblin\/wp-json\/wp\/v2\/media?parent=329"}],"curies":[{"name":"wp","href":"https:\/\/api.w.org\/{rel}","templated":true}]}}