{"id":195,"date":"2014-08-07T18:13:30","date_gmt":"2014-08-07T21:13:30","guid":{"rendered":"https:\/\/www1.unicap.br\/comblin\/?page_id=195"},"modified":"2018-04-10T16:48:41","modified_gmt":"2018-04-10T19:48:41","slug":"semana","status":"publish","type":"page","link":"https:\/\/www1.unicap.br\/comblin\/eventos\/semana\/","title":{"rendered":"Programa\u00e7\u00e3o Semana de Estudos Jos\u00e9 Comblin 2014"},"content":{"rendered":"<h1><a href=\"https:\/\/www1.unicap.br\/comblin\/wp-content\/uploads\/2014\/08\/comlbin.jpg\"><img loading=\"lazy\" decoding=\"async\" class=\"alignnone size-full wp-image-216\" src=\"https:\/\/www1.unicap.br\/comblin\/wp-content\/uploads\/2014\/08\/comlbin.jpg\" alt=\"comlbin\" width=\"961\" height=\"378\" srcset=\"https:\/\/www1.unicap.br\/comblin\/wp-content\/uploads\/2014\/08\/comlbin.jpg 961w, https:\/\/www1.unicap.br\/comblin\/wp-content\/uploads\/2014\/08\/comlbin-150x59.jpg 150w, https:\/\/www1.unicap.br\/comblin\/wp-content\/uploads\/2014\/08\/comlbin-300x118.jpg 300w, https:\/\/www1.unicap.br\/comblin\/wp-content\/uploads\/2014\/08\/comlbin-500x196.jpg 500w\" sizes=\"(max-width: 961px) 100vw, 961px\" \/><\/a><\/h1>\n<p><strong>\u00a0<\/strong><strong>\u00a0<\/strong><\/p>\n<p><strong>1.\u00a0<\/strong><strong>A SEMANA<\/strong><\/p>\n<p><span style=\"color: #ffcc00;\"><strong>Apresenta\u00e7\u00e3o<\/strong><\/span><\/p>\n<p>H\u00e1 grupos de estudo sobre o pensamento do padre Jos\u00e9 Comblin em v\u00e1rias Universidades e Comunidades. No Nordeste brasileiro, esses grupos j\u00e1 se reuniram por tr\u00eas vezes na Universidade Federal da Para\u00edba e a\u00ed, em Jo\u00e3o Pessoa, na III Semana de Teologia Jos\u00e9 Comblin, em 2013, discutiu-se a possibilidade desse evento se multiplicar por outros centros acad\u00eamicos nordestinos, sobretudo em Recife e Fortaleza. A UNICAP assumiu o desafio e convida os estudiosos da religi\u00e3o para uma Semana de Estudos sobre a teologia socialmente engajada de Comblin, em setembro de 2014.<\/p>\n<p>Com efeito, desde 2013, o N\u00facleo de Estudos Jos\u00e9 Comblin re\u00fane na Universidade Cat\u00f3lica de Pernambuco as pessoas interessadas na reflex\u00e3o cr\u00edtica sobre o pensamento desse grande te\u00f3logo e na reflex\u00e3o sobre a miss\u00e3o crist\u00e3 no mundo, tomando por base as ideias e o testemunho do Padre Comblin. Ele deixou na UNICAP n\u00e3o apenas a sua grande biblioteca, mas tamb\u00e9m muitos amigos, com a tarefa de continuar semeando uma espiritualidade libert\u00e1ria e compromissada.<\/p>\n<p>Por isso, o Programa de P\u00f3s-gradua\u00e7\u00e3o em Ci\u00eancias da Religi\u00e3o da Cat\u00f3lica de Pernambuco abriu no \u201cGrupo de Pesquisa Religi\u00f5es, Identidades e Di\u00e1logos\u201d, registrado no CNPQ, uma linha de pesquisa sobre o Pensamento de Jos\u00e9 Comblin. Esse Grupo, partindo da constata\u00e7\u00e3o da complexidade de performances do cen\u00e1rio religioso atual, prop\u00f5e-se a analisar os deslocamentos religiosos, dando \u00eanfase \u00e0s v\u00e1rias tentativas de configura\u00e7\u00e3o de di\u00e1logo inter-religioso, bem como \u00e0s novas gram\u00e1ticas constitutivas das identidades religiosas.<\/p>\n<p>Com essa linha de pesquisa sobre o Pensamento do Padre Comblin, que estrutura o N\u00facleo de Estudos que leva o seu nome, especial destaque tem se dado \u00e0 colabora\u00e7\u00e3o da sua teologia e da sua hist\u00f3ria para a reflex\u00e3o sobre as identidades e alteridades que as religi\u00f5es promovem. A Semana de Estudos na UNICAP, ent\u00e3o, servir\u00e1 para o compartilhamento desses estudos e pesquisas com pensadores de outras regi\u00f5es e especialidades.<\/p>\n<p><span style=\"color: #ffcc00;\"><strong>Justificativa<\/strong><\/span><\/p>\n<p>Jos\u00e9 Comblin (1923-2011) \u00e9 figura simb\u00f3lica para muitos crist\u00e3os e cidad\u00e3os espalhados pelo mundo e, sobretudo, na Am\u00e9rica Latina e no Nordeste brasileiro. Um dos fundadores da Teologia da Liberta\u00e7\u00e3o, com uma produ\u00e7\u00e3o privilegiada, onde se contam centenas de artigos e mais de setenta livros. Comblin foi um apaixonado da causa libert\u00e1ria dos pobres, na perspectiva do seguimento de Jesus, o que abre perspectivas para reflex\u00f5es sobre a identidade da f\u00e9 crist\u00e3, como tamb\u00e9m sobre crit\u00e9rios para o di\u00e1logo inter-religioso.<\/p>\n<p>A Semana de Estudos sobre o seu pensamento, na UNICAP, justifica-se porque o N\u00facleo de Estudos Jos\u00e9 Comblin da Cat\u00f3lica de Pernambuco, que realiza encontros mensais de trabalho, j\u00e1 criou at\u00e9 um site na Internet, mapeando os grupos e atividades que estudam Comblin na regi\u00e3o, focando e favorecendo o acesso \u00e0 sua biblioteca na UNICAP, em parceria com o Instituto Humanitas da Universidade. Est\u00e1 agora catalogando os trabalhos publicados sobre o pensamento de Comblin e vem promovendo publica\u00e7\u00f5es acad\u00eamicas sobre e a partir da sua obra.<\/p>\n<p>Esse Semana de Estudos, de 3 a 5 de Setembro de 2014, ent\u00e3o, ser\u00e1 ocasi\u00e3o para socializar e multiplicar esses esfor\u00e7os de reflex\u00e3o e debate sobre o pensamento de Jos\u00e9 Comblin, para intercambiar artigos e teses sobre o assunto, para se oferecer \u00e0s igrejas e religi\u00f5es da regi\u00e3o uma proposta de teologia p\u00fablica e engajada nas lutas pela democracia profunda.<\/p>\n<p><span style=\"color: #ffcc00;\"><strong>Objetivos<\/strong><\/span><\/p>\n<p>Reunir professores, pesquisadores e estudantes de Gradua\u00e7\u00f5es e P\u00f3s-Gradua\u00e7\u00f5es do Brasil dedicados \u00e0s Ci\u00eancias da Religi\u00e3o e \u00e0s Teologias, com interesses no pensamento de Jos\u00e9 Comblin;<\/p>\n<p>Divulgar e discutir os trabalhos em andamento nos diversos Grupos de Estudo sobre Comblin, principalmente no Nordeste, de modo a motivar trabalhos em prol do direito a uma f\u00e9 crist\u00e3 esclarecida e socialmente engajada;<\/p>\n<p>Refletir criticamente sobre o pensamento do Padre Comblin, atrav\u00e9s de comunica\u00e7\u00f5es em Simp\u00f3sios Tem\u00e1ticos, aprendizagens em Oficinas Tem\u00e1ticas e Debates com Conferencistas, al\u00e9m de programa\u00e7\u00e3o de uma visita guiada ao Memorial Comblin em Santa F\u00e9 &#8211; PB.<\/p>\n<p><span style=\"color: #ffcc00;\"><strong>Metodologia<\/strong><\/span><\/p>\n<p>A Semana de Estudos, de quarta a sexta, est\u00e1 sendo constru\u00edda atrav\u00e9s dos seguintes encaminhamentos metodol\u00f3gicos: pelas manh\u00e3s, est\u00e3o sendo preparados Simp\u00f3sios com os tr\u00eas Grupos de Pesquisa registrados no CNPQ e vinculados ao Programa de P\u00f3s-gradua\u00e7\u00e3o em Ci\u00eancias da Religi\u00e3o da UNICAP. Nesses Simp\u00f3sios Tem\u00e1ticos, cada Grupo ir\u00e1 recolher comunica\u00e7\u00f5es cient\u00edficas e discuss\u00f5es dos seus membros e pesquisadores parceiros, a partir dos seus enfoques hermen\u00eauticos e em torno das tem\u00e1ticas tratadas na Semana sobre Jos\u00e9 Comblin e o seu pensamento.<\/p>\n<p>Pela parte da tarde, teremos estudos dirigidos em forma de Oficinas, sobre as tem\u00e1ticas mais caras \u00e0 trajet\u00f3ria de Comblin, quais sejam O Esp\u00edrito Santo, a Miss\u00e3o Urbana e a Metodologia Teol\u00f3gica. Essas oficinas ser\u00e3o animadas por cientistas da religi\u00e3o e te\u00f3logos reconhecidos pelos seus estudos nessas \u00e1reas, vindos dos Grupos de Estudo sobre Comblin no Recife, em Jo\u00e3o Pessoa e em Fortaleza. Tais Oficinas Tem\u00e1ticas visam principalmente a incia\u00e7\u00e3o de estudantes ao pensamento de Comblin, abrindo e encaminhando perspectivas de pesquisa aprofundada e cr\u00edtica.<\/p>\n<p>Pelas noites, a Semana vai acolher grandes palestras e debates com pensadores que trabalharam sobre ou com Comblin, bem como pessoas que conviveram com a sua trajet\u00f3ria e testemunho. Ser\u00e3o momentos densos de partilha e discuss\u00e3o, envolvendo antigas e novas gera\u00e7\u00f5es que se pre-ocupam com uma f\u00e9 esclarecida e engajada.<\/p>\n<p>Para completar, durante a Semana todos somos convidados a visitar uma exposi\u00e7\u00e3o sobre a obra de Comblin no hall da Biblioteca da UNICAP e tamb\u00e9m \u00e9 poss\u00edvel uma extens\u00e3o cultural no s\u00e1bado, com imers\u00e3o na <a href=\"http:\/\/www.mimo.art.br\/programacao\/olinda\" target=\"_blank\" rel=\"noopener\">Mostra Internacional de M\u00fasica de Olinda<\/a>, pelas igrejas da cidade hist\u00f3rica. Al\u00e9m disso, ser\u00e3o acertados na Semana os encaminhamentos para uma excurs\u00e3o acad\u00eamica ao Memorial Comblin em Santa F\u00e9 &#8211; PB, com visita aos t\u00famulos de Comblin e do pe. Ibiapina, grandes articuladores do cristianismo social no Nordeste, e discuss\u00f5es sobre os rumos da religiosidade popular no Memorial que guarda lembran\u00e7as da miss\u00e3o de Comblin entre n\u00f3s.<\/p>\n<p>&nbsp;<\/p>\n<p><strong>2. PROGRAMA\u00c7\u00c3O<\/strong><\/p>\n<p><span style=\"color: #ffcc00;\"><strong>3 de Setembro<\/strong><\/span><\/p>\n<p>9 \u00e0s 12h \u2013 Simp\u00f3sio do GRUPO DE PESQUISA CRISTIANISMO E INTERPRETA\u00c7\u00d5ES<\/p>\n<p>(ver comunica\u00e7\u00f5es no\u00a0<a href=\"https:\/\/www1.unicap.br\/simpcristint\/\" target=\"_blank\" rel=\"noopener\">site<\/a>\u00a0do Grupo ou pelo e-mail\u00a0<a href=\"http:\/\/mail.uol.com.br\/compose?to=malzoni@hotmail.com\" target=\"_blank\" rel=\"noopener\">malzoni@hotmail.com<\/a>)<\/p>\n<p>15 \u00e0s 17h \u2013 Oficina sobre O Esp\u00edrito Santo em Jos\u00e9 Comblin \u2013 Alder J\u00faliio<\/p>\n<p>19 \u00e0s 21h \u2013 Debate com Eduardo Hoornaert e Marcelo Barros<\/p>\n<p><span style=\"color: #ffcc00;\"><strong>4 de Setembro<\/strong><\/span><\/p>\n<p>9 \u00e0s 12h \u2013 Simp\u00f3sio do GRUPO DE PESQUISA RELIGI\u00d5ES, IDENTIDADES E DI\u00c1LOGOS<\/p>\n<p>(ver comunica\u00e7\u00f5es no\u00a0<a href=\"https:\/\/www1.unicap.br\/gprid\/\" target=\"_blank\" rel=\"noopener\">site<\/a>\u00a0do Grupo ou pelo e-mail\u00a0<a href=\"http:\/\/mail.uol.com.br\/compose?to=drance@unicap.br\" target=\"_blank\" rel=\"noopener\">drance@unicap.br<\/a>)<\/p>\n<p>15 \u00e0s 17h \u2013 Oficina sobre A Pastoral Urbana em Jos\u00e9 Comblin \u2013 Paulo C\u00e9sar<\/p>\n<p>18h30 \u2013 Lan\u00e7amentos de publica\u00e7\u00f5es dos participantes<\/p>\n<p>19 \u00e0s 21h \u2013 Debate com Monica Muggler e Celina de Paudalho<\/p>\n<p><span style=\"color: #ffcc00;\"><strong>5 de Setembro<\/strong><\/span><\/p>\n<p>9 \u00e0s 12h \u2013 Simp\u00f3sio do GRUPO DE PESQUISA ESTUDOS TRANSDISCIPLINARES EM HIST\u00d3RIA SOCIAL<\/p>\n<p>(ver comunica\u00e7\u00f5es no\u00a0<a href=\"http:\/\/historiaunicapgrpesq.wordpress.com\/\" target=\"_blank\" rel=\"noopener\">site<\/a>\u00a0do Grupo ou pelo e-mail\u00a0<a href=\"http:\/\/mail.uol.com.br\/compose?to=lmarques@unicap.br\" target=\"_blank\" rel=\"noopener\">lmarques@unicap.br<\/a>)<\/p>\n<p>15 \u00e0s 17h \u2013 Oficina sobre A Metodologia Teol\u00f3gica em Jos\u00e9 Comblin \u2013 Monica Muggler<\/p>\n<p>19 \u00e0s 21h \u2013 Debate com Paulo Suess<\/p>\n<p>&nbsp;<\/p>\n<p><strong>3. \u00a0LOCAL<\/strong><\/p>\n<p><strong>Universidade Cat\u00f3lica de Pernambuco<\/strong><\/p>\n<p>Rua do Pr\u00edncipe, 526. Boa Vista<br \/>\nCEP 50050-900 \u2013 Recife \u2013 PE \u2013 Brasil<strong><br \/>\nFone:<\/strong>\u00a0+ 55 (81) 2119-4000<\/p>\n<p style=\"color: #333333; font-size: 15.555556297302246px; font-style: normal; line-height: 27.08333396911621px;\"><span style=\"color: #ffcc00;\"><strong>Locais do evento<\/strong><\/span><\/p>\n<p><strong>Manh\u00e3s<\/strong>:\u00a0Sala 602 do bloco G4<\/p>\n<p><strong>Tardes e Noites<\/strong>:\u00a0Audit\u00f3rio CTCH bloco B<\/p>\n<p><span style=\"color: #ffcc00;\"><strong>Informa\u00e7\u00f5es sobre a Semana<\/strong><\/span><\/p>\n<p><strong>Fone:<\/strong>\u00a0+55 (81) 2119-4022<\/p>\n<p><strong>E-mail:<\/strong>\u00a0<a href=\"http:\/\/mail.uol.com.br\/main\/main\/compose?to=paulobultrins@hotmail.com\" target=\"_blank\" rel=\"noopener\">paulobultrins@hotmail.com<\/a><\/p>\n<p><span style=\"color: #ffcc00;\"><strong>Locais de hospedagem<\/strong><\/span><\/p>\n<p><a href=\"http:\/\/www.pousadavillaboavista.com.br\/web\/index.asp\" target=\"_blank\" rel=\"noopener\">Pousada Villa Boa Vista<\/a>, pr\u00f3xima \u00e0 casa de Dom Helder e \u00e0 UNICAP;<\/p>\n<p><a href=\"http:\/\/www.hoteldasfronteiras.com.br\/\" target=\"_blank\" rel=\"noopener\">Hotel das Fronteiras<\/a>,\u00a0<a href=\"http:\/\/www.hotelamericarecife.com.br\/\" target=\"_blank\" rel=\"noopener\">Hotel Am\u00e9rica\u00a0<\/a>e\u00a0<a href=\"http:\/\/dormitoriospe.weebly.com\/\" target=\"_blank\" rel=\"noopener\">Casa da Boa Vista<\/a>, com pre\u00e7os populares, pr\u00f3ximo \u00e0 UNICAP.<\/p>\n<p>&nbsp;<\/p>\n<p><strong>4. INSCRI\u00c7\u00d5ES<\/strong><\/p>\n<p>Pela Internet: clique <a href=\"https:\/\/www1.unicap.br\/MinicursosIHU\/Inscricao?rotina=2\" target=\"_blank\" rel=\"noopener\">aqui<\/a> para fazer inscri\u00e7\u00e3o<\/p>\n<p>Investimento: inscri\u00e7\u00e3o com direito a certificado R$ 30,00<\/p>\n<p>&nbsp;<\/p>\n<p><strong>5. PROMO\u00c7\u00c3O<\/strong><\/p>\n<p>N\u00facleo de Estudos Jos\u00e9 Comblin &#8211; UNICAP<\/p>\n<p>Centro de Teologia e Ci\u00eancias Humanas e Programas de P\u00f3s-gradua\u00e7\u00e3o em Ci\u00eancias da Religi\u00e3o e em Teologia da Universidade Cat\u00f3lica de Pernambuco<\/p>\n<p>Instituto Humanitas UNICAP<\/p>\n<p>Apoio:<\/p>\n<p>Grupo Igreja dos Pobres \u2013 UFPB<\/p>\n<p>Museu-Parque das Religi\u00f5es de Pernambuco<\/p>\n<p><span style=\"color: #ffcc00;\"><strong>Comiss\u00e3o Organizadora<\/strong><\/span><\/p>\n<p><strong>Presidente<\/strong><\/p>\n<p>Prof. Dr. Newton Darwin de Andrade Cabral \u2013 Coordenador do Programa de P\u00f3s-gradua\u00e7\u00e3o em Ci\u00eancias da Religi\u00e3o da UNICAP<\/p>\n<p><strong>Coordena\u00e7\u00e3o Executiva<\/strong><\/p>\n<p>Paulo C\u00e9sar Pereira, Carlos Vieira, Jo\u00e3o de Sousa Brito<\/p>\n<p><strong>Equipe T\u00e9cnica<\/strong><\/p>\n<p>Adriel Henrique de Lima, Bruno Henrique Barbosa Montarroyos, Ismael Pereira de Santana Arruda, Jos\u00e9 Artur Tavares de Brito, Mariano Vicente<\/p>\n<p><strong>Conselho Cient\u00edfico<\/strong><\/p>\n<p>Prof. Dr. Drance Elias, Prof. Dr. Gilbraz Arag\u00e3o, Prof. Dr. S\u00e9rgio Douets Vasconcelos<\/p>\n<p>&nbsp;<\/p>\n","protected":false},"excerpt":{"rendered":"<p>\u00a0\u00a0 1.\u00a0A SEMANA Apresenta\u00e7\u00e3o H\u00e1 grupos de estudo sobre o pensamento do padre Jos\u00e9 Comblin em v\u00e1rias Universidades e Comunidades. No Nordeste brasileiro, esses grupos j\u00e1 se reuniram por tr\u00eas vezes na Universidade Federal da Para\u00edba e a\u00ed, em Jo\u00e3o Pessoa, na III Semana de Teologia Jos\u00e9 Comblin, em 2013, discutiu-se a possibilidade desse evento&hellip;<\/p>\n","protected":false},"author":3,"featured_media":0,"parent":356,"menu_order":4,"comment_status":"closed","ping_status":"closed","template":"","meta":{"jetpack_post_was_ever_published":false,"footnotes":""},"class_list":["post-195","page","type-page","status-publish","hentry"],"jetpack_sharing_enabled":true,"jetpack_shortlink":"https:\/\/wp.me\/P9QheL-39","_links":{"self":[{"href":"https:\/\/www1.unicap.br\/comblin\/wp-json\/wp\/v2\/pages\/195"}],"collection":[{"href":"https:\/\/www1.unicap.br\/comblin\/wp-json\/wp\/v2\/pages"}],"about":[{"href":"https:\/\/www1.unicap.br\/comblin\/wp-json\/wp\/v2\/types\/page"}],"author":[{"embeddable":true,"href":"https:\/\/www1.unicap.br\/comblin\/wp-json\/wp\/v2\/users\/3"}],"replies":[{"embeddable":true,"href":"https:\/\/www1.unicap.br\/comblin\/wp-json\/wp\/v2\/comments?post=195"}],"version-history":[{"count":25,"href":"https:\/\/www1.unicap.br\/comblin\/wp-json\/wp\/v2\/pages\/195\/revisions"}],"predecessor-version":[{"id":359,"href":"https:\/\/www1.unicap.br\/comblin\/wp-json\/wp\/v2\/pages\/195\/revisions\/359"}],"up":[{"embeddable":true,"href":"https:\/\/www1.unicap.br\/comblin\/wp-json\/wp\/v2\/pages\/356"}],"wp:attachment":[{"href":"https:\/\/www1.unicap.br\/comblin\/wp-json\/wp\/v2\/media?parent=195"}],"curies":[{"name":"wp","href":"https:\/\/api.w.org\/{rel}","templated":true}]}}