{"id":16529,"date":"2011-03-07T14:32:15","date_gmt":"2011-03-07T14:32:15","guid":{"rendered":"http:\/\/www.unicap.br\/assecom1\/?page_id=16529"},"modified":"2018-12-17T11:29:09","modified_gmt":"2018-12-17T14:29:09","slug":"unicap-video","status":"publish","type":"page","link":"https:\/\/www1.unicap.br\/assecom1\/unicap-video\/","title":{"rendered":"Unicap V\u00eddeo"},"content":{"rendered":"<h4>Unicap: 75 anos<\/h4>\n<p><iframe loading=\"lazy\" style=\"border: none; overflow: hidden;\" src=\"https:\/\/www.facebook.com\/plugins\/video.php?href=https%3A%2F%2Fwww.facebook.com%2Fcatolicapernambuco%2Fvideos%2F2256084807956747%2F&amp;show_text=0&amp;width=560\" width=\"560\" height=\"315\" frameborder=\"0\" scrolling=\"no\" allowfullscreen=\"allowfullscreen\"><\/iframe><\/p>\n<h4>Lan\u00e7amento do Instituto de Liturgia<\/h4>\n<p><iframe loading=\"lazy\" style=\"border: none; overflow: hidden;\" src=\"https:\/\/www.facebook.com\/plugins\/video.php?href=https%3A%2F%2Fwww.facebook.com%2Fcatolicapernambuco%2Fvideos%2F2289305771293324%2F&amp;show_text=0&amp;width=560\" width=\"560\" height=\"315\" frameborder=\"0\" scrolling=\"no\" allowfullscreen=\"allowfullscreen\"><\/iframe><\/p>\n<h4>\u00a0Inaugura\u00e7\u00e3o da Casa dos Direitos na Unicap<\/h4>\n<p><iframe loading=\"lazy\" style=\"border: none; overflow: hidden;\" src=\"https:\/\/www.facebook.com\/plugins\/video.php?href=https%3A%2F%2Fwww.facebook.com%2Fcatolicapernambuco%2Fvideos%2F626601561104040%2F&amp;show_text=0&amp;width=560\" width=\"560\" height=\"315\" frameborder=\"0\" scrolling=\"no\" allowfullscreen=\"allowfullscreen\"><\/iframe><\/p>\n<div class=\"_370r\">\n<div id=\"u_3_6\">\n<h4 class=\"_4ik4 _4ik5\">2\u00ba F\u00f3rum sobre Com\u00e9rcio Justo e \u00c9tico entre Uni\u00e3o Europeia e Brasil<\/h4>\n<\/div>\n<\/div>\n<p><iframe loading=\"lazy\" style=\"border: none; overflow: hidden;\" src=\"https:\/\/www.facebook.com\/plugins\/video.php?href=https%3A%2F%2Fwww.facebook.com%2Fcatolicapernambuco%2Fvideos%2F1730845077051616%2F&amp;show_text=0&amp;width=560\" width=\"560\" height=\"315\" frameborder=\"0\" scrolling=\"no\" allowfullscreen=\"allowfullscreen\"><\/iframe><\/p>\n","protected":false},"excerpt":{"rendered":"<p>Unicap: 75 anos Lan\u00e7amento do Instituto de Liturgia \u00a0Inaugura\u00e7\u00e3o da Casa dos Direitos na Unicap 2\u00ba F\u00f3rum sobre Com\u00e9rcio Justo e \u00c9tico entre Uni\u00e3o Europeia e Brasil<\/p>\n","protected":false},"author":1,"featured_media":0,"parent":0,"menu_order":0,"comment_status":"open","ping_status":"open","template":"","meta":[],"_links":{"self":[{"href":"https:\/\/www1.unicap.br\/assecom1\/wp-json\/wp\/v2\/pages\/16529"}],"collection":[{"href":"https:\/\/www1.unicap.br\/assecom1\/wp-json\/wp\/v2\/pages"}],"about":[{"href":"https:\/\/www1.unicap.br\/assecom1\/wp-json\/wp\/v2\/types\/page"}],"author":[{"embeddable":true,"href":"https:\/\/www1.unicap.br\/assecom1\/wp-json\/wp\/v2\/users\/1"}],"replies":[{"embeddable":true,"href":"https:\/\/www1.unicap.br\/assecom1\/wp-json\/wp\/v2\/comments?post=16529"}],"version-history":[{"count":10,"href":"https:\/\/www1.unicap.br\/assecom1\/wp-json\/wp\/v2\/pages\/16529\/revisions"}],"predecessor-version":[{"id":84132,"href":"https:\/\/www1.unicap.br\/assecom1\/wp-json\/wp\/v2\/pages\/16529\/revisions\/84132"}],"wp:attachment":[{"href":"https:\/\/www1.unicap.br\/assecom1\/wp-json\/wp\/v2\/media?parent=16529"}],"curies":[{"name":"wp","href":"https:\/\/api.w.org\/{rel}","templated":true}]}}